{"id":8494,"date":"2025-04-28T13:33:08","date_gmt":"2025-04-28T02:33:08","guid":{"rendered":"https:\/\/www.eijc.nc\/?page_id=8494"},"modified":"2025-08-12T13:16:20","modified_gmt":"2025-08-12T02:16:20","slug":"school-life","status":"publish","type":"page","link":"\/en\/enseignements\/school-life\/","title":{"rendered":"School Life"},"content":{"rendered":"<div data-elementor-type=\"wp-page\" data-elementor-id=\"8494\" class=\"elementor elementor-8494\" data-elementor-settings=\"[]\">\n\t\t\t\t\t\t<div class=\"elementor-inner\">\n\t\t\t\t\t\t\t<div class=\"elementor-section-wrap\">\n\t\t\t\t\t        <section class=\"elementor-section elementor-top-section elementor-element elementor-element-516638d elementor-section-boxed elementor-section-height-default elementor-section-height-default\" data-id=\"516638d\" data-element_type=\"section\" data-settings=\"{&quot;jet_parallax_layout_list&quot;:[]}\">\n            \n                        <div class=\"elementor-container elementor-column-gap-default\">\n                            <div class=\"elementor-row\">\n                    <div class=\"elementor-column elementor-col-100 elementor-top-column elementor-element elementor-element-1cb2703\" data-id=\"1cb2703\" data-element_type=\"column\">\n            <div class=\"elementor-column-wrap elementor-element-populated\">\n                            <div class=\"elementor-widget-wrap\">\n                \t\t<div class=\"elementor-element elementor-element-186594a elementor-widget elementor-widget-ct_heading\" data-id=\"186594a\" data-element_type=\"widget\" data-widget_type=\"ct_heading.default\">\n\t\t\t\t<div class=\"elementor-widget-container\">\n\t\t\t<div class=\"ct-heading preset1  sub-style1\">\n        <h3 class=\"item--title\">\n        <span class=\"new-title\">Academic Life<\/span>    <\/h3>\n<\/div>\t\t<\/div>\n\t\t\t\t<\/div>\n\t\t                <\/div>\n                    <\/div>\n        <\/div>\n                                <\/div>\n                    <\/div>\n        <\/section>\n                <section class=\"elementor-section elementor-top-section elementor-element elementor-element-0d883cc card-container elementor-section-boxed elementor-section-height-default elementor-section-height-default\" data-id=\"0d883cc\" data-element_type=\"section\" data-settings=\"{&quot;jet_parallax_layout_list&quot;:[]}\">\n            \n                        <div class=\"elementor-container elementor-column-gap-default\">\n                            <div class=\"elementor-row\">\n                    <div class=\"elementor-column elementor-col-50 elementor-top-column elementor-element elementor-element-3df0788\" data-id=\"3df0788\" data-element_type=\"column\">\n            <div class=\"elementor-column-wrap elementor-element-populated\">\n                            <div class=\"elementor-widget-wrap\">\n                \t\t<div class=\"elementor-element elementor-element-ead62bb elementor-widget elementor-widget-text-editor\" data-id=\"ead62bb\" data-element_type=\"widget\" data-widget_type=\"text-editor.default\">\n\t\t\t\t<div class=\"elementor-widget-container\">\n\t\t\t\t\t\t\t\t<div class=\"elementor-text-editor elementor-clearfix\">\n\t\t\t\t<div class=\"card\">\n<h5>\ud83e\uddf8 Play-Based Learning<\/h5>\nEmphasizes creativity, curiosity, and social development in early education.\n\n<\/div>\t\t\t\t\t<\/div>\n\t\t\t\t\t\t<\/div>\n\t\t\t\t<\/div>\n\t\t\t\t<div class=\"elementor-element elementor-element-76abff4 elementor-widget elementor-widget-text-editor\" data-id=\"76abff4\" data-element_type=\"widget\" data-widget_type=\"text-editor.default\">\n\t\t\t\t<div class=\"elementor-widget-container\">\n\t\t\t\t\t\t\t\t<div class=\"elementor-text-editor elementor-clearfix\">\n\t\t\t\t<div class=\"card\">\n<h5>\ud83c\udf0fAustralian Curriculum<\/h5>\nProvides a strong foundation in literacy and numeracy for students in the English-speaking program.\n<\/div>\t\t\t\t\t<\/div>\n\t\t\t\t\t\t<\/div>\n\t\t\t\t<\/div>\n\t\t\t\t<div class=\"elementor-element elementor-element-af6f206 elementor-widget elementor-widget-text-editor\" data-id=\"af6f206\" data-element_type=\"widget\" data-widget_type=\"text-editor.default\">\n\t\t\t\t<div class=\"elementor-widget-container\">\n\t\t\t\t\t\t\t\t<div class=\"elementor-text-editor elementor-clearfix\">\n\t\t\t\t<div class=\"card\">\n<h5>\ud83c\uddec\ud83c\udde7 Cambridge ESL Curriculum<\/h5>\nDevelops strong English language skills aligned with international standards.\n\n<\/div>\t\t\t\t\t<\/div>\n\t\t\t\t\t\t<\/div>\n\t\t\t\t<\/div>\n\t\t\t\t<div class=\"elementor-element elementor-element-08dd91a elementor-widget elementor-widget-text-editor\" data-id=\"08dd91a\" data-element_type=\"widget\" data-widget_type=\"text-editor.default\">\n\t\t\t\t<div class=\"elementor-widget-container\">\n\t\t\t\t\t\t\t\t<div class=\"elementor-text-editor elementor-clearfix\">\n\t\t\t\t<div class=\"card\">\n<h5>\ud83e\udde9 Transdisciplinary Learning<\/h5>\nBuilds meaningful connections across subjects through collaborative projects.\n\n<\/div>\t\t\t\t\t<\/div>\n\t\t\t\t\t\t<\/div>\n\t\t\t\t<\/div>\n\t\t                <\/div>\n                    <\/div>\n        <\/div>\n                <div class=\"elementor-column elementor-col-50 elementor-top-column elementor-element elementor-element-26d78f0\" data-id=\"26d78f0\" data-element_type=\"column\">\n            <div class=\"elementor-column-wrap elementor-element-populated\">\n                            <div class=\"elementor-widget-wrap\">\n                \t\t<div class=\"elementor-element elementor-element-28bd9c0 elementor-widget elementor-widget-text-editor\" data-id=\"28bd9c0\" data-element_type=\"widget\" data-widget_type=\"text-editor.default\">\n\t\t\t\t<div class=\"elementor-widget-container\">\n\t\t\t\t\t\t\t\t<div class=\"elementor-text-editor elementor-clearfix\">\n\t\t\t\t<div class=\"card\">\n<h5>\ud83d\udcdaFrench National Curriculum<\/h5>\nProvides a strong academic foundation with critical thinking and analytical skills for students in the French Stream.\n\n<\/div>\t\t\t\t\t<\/div>\n\t\t\t\t\t\t<\/div>\n\t\t\t\t<\/div>\n\t\t\t\t<div class=\"elementor-element elementor-element-98b3d32 elementor-widget elementor-widget-text-editor\" data-id=\"98b3d32\" data-element_type=\"widget\" data-widget_type=\"text-editor.default\">\n\t\t\t\t<div class=\"elementor-widget-container\">\n\t\t\t\t\t\t\t\t<div class=\"elementor-text-editor elementor-clearfix\">\n\t\t\t\t<div class=\"card\">\n<h5>\ud83c\udf93SACE International (SACEi)<\/h5>\nA globally recognized qualification that prepares students for higher education.\n\n<\/div>\t\t\t\t\t<\/div>\n\t\t\t\t\t\t<\/div>\n\t\t\t\t<\/div>\n\t\t\t\t<div class=\"elementor-element elementor-element-63583fa elementor-widget elementor-widget-text-editor\" data-id=\"63583fa\" data-element_type=\"widget\" data-widget_type=\"text-editor.default\">\n\t\t\t\t<div class=\"elementor-widget-container\">\n\t\t\t\t\t\t\t\t<div class=\"elementor-text-editor elementor-clearfix\">\n\t\t\t\t<div class=\"card\">\n<h5>\ud83e\uddee Singaporean Mathematics<\/h5>\nFocuses on problem-solving techniques and deep conceptual understanding in mathematics.\n\n<\/div>\t\t\t\t\t<\/div>\n\t\t\t\t\t\t<\/div>\n\t\t\t\t<\/div>\n\t\t\t\t<div class=\"elementor-element elementor-element-af9fe0a elementor-widget elementor-widget-text-editor\" data-id=\"af9fe0a\" data-element_type=\"widget\" data-widget_type=\"text-editor.default\">\n\t\t\t\t<div class=\"elementor-widget-container\">\n\t\t\t\t\t\t\t\t<div class=\"elementor-text-editor elementor-clearfix\">\n\t\t\t\t<div class=\"card\">\n<h5>\ud83c\udfe0 Inverted Pedagogy<\/h5>\nPromotes interactive and engaging classroom time with flexible learning styles.\n\n<\/div>\t\t\t\t\t<\/div>\n\t\t\t\t\t\t<\/div>\n\t\t\t\t<\/div>\n\t\t                <\/div>\n                    <\/div>\n        <\/div>\n                                <\/div>\n                    <\/div>\n        <\/section>\n                <section class=\"elementor-section elementor-top-section elementor-element elementor-element-f688528 elementor-section-boxed elementor-section-height-default elementor-section-height-default\" data-id=\"f688528\" data-element_type=\"section\" data-settings=\"{&quot;jet_parallax_layout_list&quot;:[]}\">\n            \n                        <div class=\"elementor-container elementor-column-gap-default\">\n                            <div class=\"elementor-row\">\n                    <div class=\"elementor-column elementor-col-100 elementor-top-column elementor-element elementor-element-b3f1acb\" data-id=\"b3f1acb\" data-element_type=\"column\">\n            <div class=\"elementor-column-wrap elementor-element-populated\">\n                            <div class=\"elementor-widget-wrap\">\n                \t\t<div class=\"elementor-element elementor-element-9401e3a elementor-widget elementor-widget-ct_heading\" data-id=\"9401e3a\" data-element_type=\"widget\" data-widget_type=\"ct_heading.default\">\n\t\t\t\t<div class=\"elementor-widget-container\">\n\t\t\t<div class=\"ct-heading preset1  sub-style1\">\n        <h3 class=\"item--title\">\n        <span class=\"new-title\">School Life<\/span>    <\/h3>\n<\/div>\t\t<\/div>\n\t\t\t\t<\/div>\n\t\t                <\/div>\n                    <\/div>\n        <\/div>\n                                <\/div>\n                    <\/div>\n        <\/section>\n                <section class=\"elementor-section elementor-top-section elementor-element elementor-element-2b892a1 elementor-section-boxed elementor-section-height-default elementor-section-height-default\" data-id=\"2b892a1\" data-element_type=\"section\" data-settings=\"{&quot;jet_parallax_layout_list&quot;:[]}\">\n            \n                        <div class=\"elementor-container elementor-column-gap-default\">\n                            <div class=\"elementor-row\">\n                    <div class=\"elementor-column elementor-col-100 elementor-top-column elementor-element elementor-element-5c8a67c\" data-id=\"5c8a67c\" data-element_type=\"column\">\n            <div class=\"elementor-column-wrap elementor-element-populated\">\n                            <div class=\"elementor-widget-wrap\">\n                \t\t<div class=\"elementor-element elementor-element-c40bf41 elementor-widget elementor-widget-heading\" data-id=\"c40bf41\" data-element_type=\"widget\" data-widget_type=\"heading.default\">\n\t\t\t\t<div class=\"elementor-widget-container\">\n\t\t\t<h3 class=\"elementor-heading-title elementor-size-default\">James Cook International High School Student Council<\/h3>\t\t<\/div>\n\t\t\t\t<\/div>\n\t\t                <\/div>\n                    <\/div>\n        <\/div>\n                                <\/div>\n                    <\/div>\n        <\/section>\n                <section class=\"elementor-section elementor-top-section elementor-element elementor-element-a51d35c elementor-section-boxed elementor-section-height-default elementor-section-height-default\" data-id=\"a51d35c\" data-element_type=\"section\" data-settings=\"{&quot;jet_parallax_layout_list&quot;:[]}\">\n            \n                        <div class=\"elementor-container elementor-column-gap-default\">\n                            <div class=\"elementor-row\">\n                    <div class=\"elementor-column elementor-col-50 elementor-top-column elementor-element elementor-element-b9353f3\" data-id=\"b9353f3\" data-element_type=\"column\">\n            <div class=\"elementor-column-wrap elementor-element-populated\">\n                            <div class=\"elementor-widget-wrap\">\n                \t\t<div class=\"elementor-element elementor-element-5f16288 elementor-widget elementor-widget-text-editor\" data-id=\"5f16288\" data-element_type=\"widget\" data-widget_type=\"text-editor.default\">\n\t\t\t\t<div class=\"elementor-widget-container\">\n\t\t\t\t\t\t\t\t<div class=\"elementor-text-editor elementor-clearfix\">\n\t\t\t\t<p data-start=\"1657\" data-end=\"2366\">The Student Council at JCIHS aims to empower students by providing a platform to express their ideas, lead initiatives, and foster a sense of community within the school. The council works closely with the event coordinator and students to organize events and contribute to the school environment. The council members are also committed to enhancing their communication, creativity, and project management skills while learning to work collaboratively and develop leadership abilities. These efforts help shape students into active leaders and responsible decision-makers.<\/p><p data-start=\"2368\" data-end=\"2814\">This year, the Student Council has already made a positive impact by organizing a successful casual day as a fundraising event, supporting future school activities. Looking ahead, the council will focus on organizing cultural events to promote inclusivity, celebrate diversity, and host pedagogical activities to foster deeper engagement with the learning process.<\/p>\t\t\t\t\t<\/div>\n\t\t\t\t\t\t<\/div>\n\t\t\t\t<\/div>\n\t\t                <\/div>\n                    <\/div>\n        <\/div>\n                <div class=\"elementor-column elementor-col-50 elementor-top-column elementor-element elementor-element-e388a00\" data-id=\"e388a00\" data-element_type=\"column\">\n            <div class=\"elementor-column-wrap elementor-element-populated\">\n                            <div class=\"elementor-widget-wrap\">\n                \t\t<div class=\"elementor-element elementor-element-efaa54a elementor-widget elementor-widget-image\" data-id=\"efaa54a\" data-element_type=\"widget\" data-widget_type=\"image.default\">\n\t\t\t\t<div class=\"elementor-widget-container\">\n\t\t\t\t\t\t\t\t<div class=\"elementor-image\">\n\t\t\t\t\t\t\t\t\t\t\t\t<img width=\"640\" height=\"480\" src=\"https:\/\/www.eijc.nc\/wp-content\/uploads\/2025\/03\/Image-22-768x576.jpeg\" class=\"elementor-animation-float attachment-medium_large size-medium_large\" alt=\"\" loading=\"lazy\" srcset=\"https:\/\/www.eijc.nc\/wp-content\/uploads\/2025\/03\/Image-22-768x576.jpeg 768w, https:\/\/www.eijc.nc\/wp-content\/uploads\/2025\/03\/Image-22-300x225.jpeg 300w, https:\/\/www.eijc.nc\/wp-content\/uploads\/2025\/03\/Image-22-600x450.jpeg 600w, https:\/\/www.eijc.nc\/wp-content\/uploads\/2025\/03\/Image-22.jpeg 1024w\" sizes=\"(max-width: 640px) 100vw, 640px\" \/>\t\t\t\t\t\t\t\t\t\t\t\t\t\t<\/div>\n\t\t\t\t\t\t<\/div>\n\t\t\t\t<\/div>\n\t\t                <\/div>\n                    <\/div>\n        <\/div>\n                                <\/div>\n                    <\/div>\n        <\/section>\n                <section class=\"elementor-section elementor-top-section elementor-element elementor-element-87fb1f1 elementor-section-boxed elementor-section-height-default elementor-section-height-default\" data-id=\"87fb1f1\" data-element_type=\"section\" data-settings=\"{&quot;jet_parallax_layout_list&quot;:[]}\">\n            \n                        <div class=\"elementor-container elementor-column-gap-default\">\n                            <div class=\"elementor-row\">\n                    <div class=\"elementor-column elementor-col-100 elementor-top-column elementor-element elementor-element-13c2764\" data-id=\"13c2764\" data-element_type=\"column\">\n            <div class=\"elementor-column-wrap elementor-element-populated\">\n                            <div class=\"elementor-widget-wrap\">\n                \t\t<div class=\"elementor-element elementor-element-ad02701 elementor-widget elementor-widget-heading\" data-id=\"ad02701\" data-element_type=\"widget\" data-widget_type=\"heading.default\">\n\t\t\t\t<div class=\"elementor-widget-container\">\n\t\t\t<h2 class=\"elementor-heading-title elementor-size-default\">School Trips<\/h2>\t\t<\/div>\n\t\t\t\t<\/div>\n\t\t                <\/div>\n                    <\/div>\n        <\/div>\n                                <\/div>\n                    <\/div>\n        <\/section>\n                <section class=\"elementor-section elementor-top-section elementor-element elementor-element-8f980cb elementor-section-boxed elementor-section-height-default elementor-section-height-default\" data-id=\"8f980cb\" data-element_type=\"section\" data-settings=\"{&quot;jet_parallax_layout_list&quot;:[]}\">\n            \n                        <div class=\"elementor-container elementor-column-gap-default\">\n                            <div class=\"elementor-row\">\n                    <div class=\"elementor-column elementor-col-50 elementor-top-column elementor-element elementor-element-21c1a1a\" data-id=\"21c1a1a\" data-element_type=\"column\">\n            <div class=\"elementor-column-wrap elementor-element-populated\">\n                            <div class=\"elementor-widget-wrap\">\n                \t\t<div class=\"elementor-element elementor-element-6f0dc18 elementor-widget elementor-widget-image\" data-id=\"6f0dc18\" data-element_type=\"widget\" data-widget_type=\"image.default\">\n\t\t\t\t<div class=\"elementor-widget-container\">\n\t\t\t\t\t\t\t\t<div class=\"elementor-image\">\n\t\t\t\t\t\t\t\t\t\t\t\t<img width=\"640\" height=\"480\" src=\"https:\/\/www.eijc.nc\/wp-content\/uploads\/2025\/03\/IMG_5375-1024x768.webp\" class=\"elementor-animation-float attachment-large size-large\" alt=\"\" loading=\"lazy\" srcset=\"https:\/\/www.eijc.nc\/wp-content\/uploads\/2025\/03\/IMG_5375-1024x768.webp 1024w, https:\/\/www.eijc.nc\/wp-content\/uploads\/2025\/03\/IMG_5375-300x225.webp 300w, https:\/\/www.eijc.nc\/wp-content\/uploads\/2025\/03\/IMG_5375-768x576.webp 768w, https:\/\/www.eijc.nc\/wp-content\/uploads\/2025\/03\/IMG_5375-1536x1152.webp 1536w, https:\/\/www.eijc.nc\/wp-content\/uploads\/2025\/03\/IMG_5375-2048x1536.webp 2048w, https:\/\/www.eijc.nc\/wp-content\/uploads\/2025\/03\/IMG_5375-600x450.webp 600w\" sizes=\"(max-width: 640px) 100vw, 640px\" \/>\t\t\t\t\t\t\t\t\t\t\t\t\t\t<\/div>\n\t\t\t\t\t\t<\/div>\n\t\t\t\t<\/div>\n\t\t                <\/div>\n                    <\/div>\n        <\/div>\n                <div class=\"elementor-column elementor-col-50 elementor-top-column elementor-element elementor-element-e247b35\" data-id=\"e247b35\" data-element_type=\"column\">\n            <div class=\"elementor-column-wrap elementor-element-populated\">\n                            <div class=\"elementor-widget-wrap\">\n                \t\t<div class=\"elementor-element elementor-element-832c9c1 elementor-widget elementor-widget-text-editor\" data-id=\"832c9c1\" data-element_type=\"widget\" data-widget_type=\"text-editor.default\">\n\t\t\t\t<div class=\"elementor-widget-container\">\n\t\t\t\t\t\t\t\t<div class=\"elementor-text-editor elementor-clearfix\">\n\t\t\t\t<p data-start=\"2821\" data-end=\"3228\">At James Cook International High School, school trips are a cornerstone of our educational approach. They allow our students to explore the world, discover new cultures, and gain valuable skills outside the classroom. Each trip is designed to enrich learning, foster independence, and promote open-mindedness.<\/p><p data-start=\"3230\" data-end=\"3398\">Our students return from these experiences with unforgettable memories and a fresh perspective on the world, ready to excel both personally and academically.<\/p>\t\t\t\t\t<\/div>\n\t\t\t\t\t\t<\/div>\n\t\t\t\t<\/div>\n\t\t                <\/div>\n                    <\/div>\n        <\/div>\n                                <\/div>\n                    <\/div>\n        <\/section>\n        \t\t\t\t<\/div>\n\t\t\t\t\t\t<\/div>\n\t\t\t\t\t<\/div>","protected":false},"excerpt":{"rendered":"<p>La vie acad\u00e9mique \ud83e\uddf8Apprentissage Bas\u00e9 sur le Jeu Met l\u2019accent sur la cr\u00e9ativit\u00e9, la curiosit\u00e9 et le d\u00e9veloppement social dans l\u2019\u00e9ducation pr\u00e9scolaire et primaire. \ud83c\udf0fProgramme Australien Fournit une base solide en litt\u00e9ratie et en num\u00e9ratie pour les \u00e9l\u00e8ves du programme anglophone. \ud83c\uddec\ud83c\udde7 Programme Cambridge ESL D\u00e9veloppe de solides comp\u00e9tences en anglais, conform\u00e9ment aux standards internationaux. [&hellip;]<\/p>","protected":false},"author":1,"featured_media":0,"parent":4492,"menu_order":1,"comment_status":"closed","ping_status":"closed","template":"","meta":[],"acf":[],"yoast_head":"<!-- This site is optimized with the Yoast SEO plugin v18.2 - https:\/\/yoast.com\/wordpress\/plugins\/seo\/ -->\n<title>La vie \u00e9tudiante - EIJC - James Cook<\/title>\n<meta name=\"robots\" content=\"index, follow, max-snippet:-1, max-image-preview:large, max-video-preview:-1\" \/>\n<link rel=\"canonical\" href=\"\/en\/enseignements\/school-life\/\" \/>\n<meta property=\"og:locale\" content=\"en_US\" \/>\n<meta property=\"og:type\" content=\"article\" \/>\n<meta property=\"og:title\" content=\"La vie \u00e9tudiante - EIJC - James Cook\" \/>\n<meta property=\"og:description\" content=\"La vie acad\u00e9mique \ud83e\uddf8Apprentissage Bas\u00e9 sur le Jeu Met l\u2019accent sur la cr\u00e9ativit\u00e9, la curiosit\u00e9 et le d\u00e9veloppement social dans l\u2019\u00e9ducation pr\u00e9scolaire et primaire. \ud83c\udf0fProgramme Australien Fournit une base solide en litt\u00e9ratie et en num\u00e9ratie pour les \u00e9l\u00e8ves du programme anglophone. \ud83c\uddec\ud83c\udde7 Programme Cambridge ESL D\u00e9veloppe de solides comp\u00e9tences en anglais, conform\u00e9ment aux standards internationaux. [&hellip;]\" \/>\n<meta property=\"og:url\" content=\"\/en\/enseignements\/school-life\/\" \/>\n<meta property=\"og:site_name\" content=\"EIJC - James Cook\" \/>\n<meta property=\"article:modified_time\" content=\"2025-08-12T02:16:20+00:00\" \/>\n<meta property=\"og:image\" content=\"https:\/\/www.eijc.nc\/wp-content\/uploads\/2025\/03\/Image-22-768x576.jpeg\" \/>\n<meta name=\"twitter:card\" content=\"summary_large_image\" \/>\n<script type=\"application\/ld+json\" class=\"yoast-schema-graph\">{\"@context\":\"https:\/\/schema.org\",\"@graph\":[{\"@type\":\"WebSite\",\"@id\":\"https:\/\/www.eijc.nc\/#website\",\"url\":\"https:\/\/www.eijc.nc\/\",\"name\":\"EIJC - James Cook\",\"description\":\"Ecole internationale\",\"potentialAction\":[{\"@type\":\"SearchAction\",\"target\":{\"@type\":\"EntryPoint\",\"urlTemplate\":\"https:\/\/www.eijc.nc\/?s={search_term_string}\"},\"query-input\":\"required name=search_term_string\"}],\"inLanguage\":\"en-NZ\"},{\"@type\":\"ImageObject\",\"@id\":\"https:\/\/www.eijc.nc\/enseignements\/school-life\/#primaryimage\",\"inLanguage\":\"en-NZ\",\"url\":\"https:\/\/www.eijc.nc\/wp-content\/uploads\/2025\/03\/Image-22.jpeg\",\"contentUrl\":\"https:\/\/www.eijc.nc\/wp-content\/uploads\/2025\/03\/Image-22.jpeg\",\"width\":1024,\"height\":768},{\"@type\":\"WebPage\",\"@id\":\"https:\/\/www.eijc.nc\/enseignements\/school-life\/#webpage\",\"url\":\"https:\/\/www.eijc.nc\/enseignements\/school-life\/\",\"name\":\"La vie \u00e9tudiante - EIJC - James Cook\",\"isPartOf\":{\"@id\":\"https:\/\/www.eijc.nc\/#website\"},\"primaryImageOfPage\":{\"@id\":\"https:\/\/www.eijc.nc\/enseignements\/school-life\/#primaryimage\"},\"datePublished\":\"2025-04-28T02:33:08+00:00\",\"dateModified\":\"2025-08-12T02:16:20+00:00\",\"breadcrumb\":{\"@id\":\"https:\/\/www.eijc.nc\/enseignements\/school-life\/#breadcrumb\"},\"inLanguage\":\"en-NZ\",\"potentialAction\":[{\"@type\":\"ReadAction\",\"target\":[\"https:\/\/www.eijc.nc\/enseignements\/school-life\/\"]}]},{\"@type\":\"BreadcrumbList\",\"@id\":\"https:\/\/www.eijc.nc\/enseignements\/school-life\/#breadcrumb\",\"itemListElement\":[{\"@type\":\"ListItem\",\"position\":1,\"name\":\"Accueil\",\"item\":\"https:\/\/www.eijc.nc\/\"},{\"@type\":\"ListItem\",\"position\":2,\"name\":\"Enseignements\",\"item\":\"https:\/\/www.eijc.nc\/enseignements\/\"},{\"@type\":\"ListItem\",\"position\":3,\"name\":\"La vie \u00e9tudiante\"}]}]}<\/script>\n<!-- \/ Yoast SEO plugin. -->","yoast_head_json":{"title":"La vie \u00e9tudiante - EIJC - James Cook","robots":{"index":"index","follow":"follow","max-snippet":"max-snippet:-1","max-image-preview":"max-image-preview:large","max-video-preview":"max-video-preview:-1"},"canonical":"\/en\/enseignements\/school-life\/","og_locale":"en_US","og_type":"article","og_title":"La vie \u00e9tudiante - EIJC - James Cook","og_description":"La vie acad\u00e9mique \ud83e\uddf8Apprentissage Bas\u00e9 sur le Jeu Met l\u2019accent sur la cr\u00e9ativit\u00e9, la curiosit\u00e9 et le d\u00e9veloppement social dans l\u2019\u00e9ducation pr\u00e9scolaire et primaire. \ud83c\udf0fProgramme Australien Fournit une base solide en litt\u00e9ratie et en num\u00e9ratie pour les \u00e9l\u00e8ves du programme anglophone. \ud83c\uddec\ud83c\udde7 Programme Cambridge ESL D\u00e9veloppe de solides comp\u00e9tences en anglais, conform\u00e9ment aux standards internationaux. [&hellip;]","og_url":"\/en\/enseignements\/school-life\/","og_site_name":"EIJC - James Cook","article_modified_time":"2025-08-12T02:16:20+00:00","og_image":[{"url":"https:\/\/www.eijc.nc\/wp-content\/uploads\/2025\/03\/Image-22-768x576.jpeg"}],"twitter_card":"summary_large_image","schema":{"@context":"https:\/\/schema.org","@graph":[{"@type":"WebSite","@id":"https:\/\/www.eijc.nc\/#website","url":"https:\/\/www.eijc.nc\/","name":"EIJC - James Cook","description":"Ecole internationale","potentialAction":[{"@type":"SearchAction","target":{"@type":"EntryPoint","urlTemplate":"https:\/\/www.eijc.nc\/?s={search_term_string}"},"query-input":"required name=search_term_string"}],"inLanguage":"en-NZ"},{"@type":"ImageObject","@id":"https:\/\/www.eijc.nc\/enseignements\/school-life\/#primaryimage","inLanguage":"en-NZ","url":"https:\/\/www.eijc.nc\/wp-content\/uploads\/2025\/03\/Image-22.jpeg","contentUrl":"https:\/\/www.eijc.nc\/wp-content\/uploads\/2025\/03\/Image-22.jpeg","width":1024,"height":768},{"@type":"WebPage","@id":"https:\/\/www.eijc.nc\/enseignements\/school-life\/#webpage","url":"https:\/\/www.eijc.nc\/enseignements\/school-life\/","name":"La vie \u00e9tudiante - EIJC - James Cook","isPartOf":{"@id":"https:\/\/www.eijc.nc\/#website"},"primaryImageOfPage":{"@id":"https:\/\/www.eijc.nc\/enseignements\/school-life\/#primaryimage"},"datePublished":"2025-04-28T02:33:08+00:00","dateModified":"2025-08-12T02:16:20+00:00","breadcrumb":{"@id":"https:\/\/www.eijc.nc\/enseignements\/school-life\/#breadcrumb"},"inLanguage":"en-NZ","potentialAction":[{"@type":"ReadAction","target":["https:\/\/www.eijc.nc\/enseignements\/school-life\/"]}]},{"@type":"BreadcrumbList","@id":"https:\/\/www.eijc.nc\/enseignements\/school-life\/#breadcrumb","itemListElement":[{"@type":"ListItem","position":1,"name":"Accueil","item":"https:\/\/www.eijc.nc\/"},{"@type":"ListItem","position":2,"name":"Enseignements","item":"https:\/\/www.eijc.nc\/enseignements\/"},{"@type":"ListItem","position":3,"name":"La vie \u00e9tudiante"}]}]}},"_links":{"self":[{"href":"\/en\/wp-json\/wp\/v2\/pages\/8494"}],"collection":[{"href":"\/en\/wp-json\/wp\/v2\/pages"}],"about":[{"href":"\/en\/wp-json\/wp\/v2\/types\/page"}],"author":[{"embeddable":true,"href":"\/en\/wp-json\/wp\/v2\/users\/1"}],"replies":[{"embeddable":true,"href":"\/en\/wp-json\/wp\/v2\/comments?post=8494"}],"version-history":[{"count":17,"href":"\/en\/wp-json\/wp\/v2\/pages\/8494\/revisions"}],"predecessor-version":[{"id":9013,"href":"\/en\/wp-json\/wp\/v2\/pages\/8494\/revisions\/9013"}],"up":[{"embeddable":true,"href":"\/en\/wp-json\/wp\/v2\/pages\/4492"}],"wp:attachment":[{"href":"\/en\/wp-json\/wp\/v2\/media?parent=8494"}],"curies":[{"name":"wp","href":"https:\/\/api.w.org\/{rel}","templated":true}]}}