{"id":8485,"date":"2025-04-28T13:04:18","date_gmt":"2025-04-28T02:04:18","guid":{"rendered":"https:\/\/www.eijc.nc\/?page_id=8485"},"modified":"2025-07-01T15:06:58","modified_gmt":"2025-07-01T04:06:58","slug":"admission","status":"publish","type":"page","link":"\/en\/eijc\/admission\/","title":{"rendered":"Admission"},"content":{"rendered":"<div data-elementor-type=\"wp-page\" data-elementor-id=\"8485\" class=\"elementor elementor-8485\" data-elementor-settings=\"[]\">\n\t\t\t\t\t\t<div class=\"elementor-inner\">\n\t\t\t\t\t\t\t<div class=\"elementor-section-wrap\">\n\t\t\t\t\t        <section class=\"elementor-section elementor-top-section elementor-element elementor-element-64e6283 elementor-section-boxed elementor-section-height-default elementor-section-height-default\" data-id=\"64e6283\" data-element_type=\"section\" data-settings=\"{&quot;jet_parallax_layout_list&quot;:[]}\">\n            \n                        <div class=\"elementor-container elementor-column-gap-default\">\n                            <div class=\"elementor-row\">\n                    <div class=\"elementor-column elementor-col-100 elementor-top-column elementor-element elementor-element-674ccb3\" data-id=\"674ccb3\" data-element_type=\"column\">\n            <div class=\"elementor-column-wrap elementor-element-populated\">\n                            <div class=\"elementor-widget-wrap\">\n                \t\t<div class=\"elementor-element elementor-element-fcb48bf elementor-widget elementor-widget-ct_heading\" data-id=\"fcb48bf\" data-element_type=\"widget\" data-widget_type=\"ct_heading.default\">\n\t\t\t\t<div class=\"elementor-widget-container\">\n\t\t\t<div class=\"ct-heading preset1  sub-style1\">\n        <h3 class=\"item--title\">\n        <span class=\"new-title\">Admissions<\/span>    <\/h3>\n<\/div>\t\t<\/div>\n\t\t\t\t<\/div>\n\t\t                <\/div>\n                    <\/div>\n        <\/div>\n                                <\/div>\n                    <\/div>\n        <\/section>\n                <section class=\"elementor-section elementor-top-section elementor-element elementor-element-8590613 elementor-section-boxed elementor-section-height-default elementor-section-height-default\" data-id=\"8590613\" data-element_type=\"section\" data-settings=\"{&quot;jet_parallax_layout_list&quot;:[]}\">\n            \n                        <div class=\"elementor-container elementor-column-gap-default\">\n                            <div class=\"elementor-row\">\n                    <div class=\"elementor-column elementor-col-100 elementor-top-column elementor-element elementor-element-b4272ba\" data-id=\"b4272ba\" data-element_type=\"column\">\n            <div class=\"elementor-column-wrap elementor-element-populated\">\n                            <div class=\"elementor-widget-wrap\">\n                \t\t<div class=\"elementor-element elementor-element-22b5322 elementor-widget elementor-widget-text-editor\" data-id=\"22b5322\" data-element_type=\"widget\" data-widget_type=\"text-editor.default\">\n\t\t\t\t<div class=\"elementor-widget-container\">\n\t\t\t\t\t\t\t\t<div class=\"elementor-text-editor elementor-clearfix\">\n\t\t\t\t<p>We are thrilled that you're considering our school for your child\u2019s education! Our enrolment process is designed to be straightforward and efficient. Here's how it works:<\/p>\t\t\t\t\t<\/div>\n\t\t\t\t\t\t<\/div>\n\t\t\t\t<\/div>\n\t\t\t\t<div class=\"elementor-element elementor-element-2c4a2f7 elementor-widget elementor-widget-jet-carousel\" data-id=\"2c4a2f7\" data-element_type=\"widget\" data-settings=\"{&quot;slides_to_show&quot;:&quot;1&quot;,&quot;slides_to_scroll&quot;:&quot;1&quot;}\" data-widget_type=\"jet-carousel.default\">\n\t\t\t\t<div class=\"elementor-widget-container\">\n\t\t\t<div class=\"elementor-jet-carousel jet-elements\"><div class=\"jet-carousel-wrap\">\n\t<div class=\"jet-carousel\" data-slider_options=\"{&quot;autoplaySpeed&quot;:7000,&quot;autoplay&quot;:true,&quot;infinite&quot;:true,&quot;centerMode&quot;:false,&quot;pauseOnHover&quot;:false,&quot;speed&quot;:500,&quot;arrows&quot;:false,&quot;dots&quot;:true,&quot;variableWidth&quot;:false,&quot;prevArrow&quot;:&quot;.jet-carousel__prev-arrow-2c4a2f7&quot;,&quot;nextArrow&quot;:&quot;.jet-carousel__next-arrow-2c4a2f7&quot;,&quot;rtl&quot;:false,&quot;fractionNav&quot;:false,&quot;fade&quot;:false}\" dir=\"ltr\">\n\t<div class=\"elementor-slick-slider\">\n\n<div class=\"jet-carousel__item\">\n\t<div class=\"jet-carousel__item-inner\"><div class=\"jet-carousel__content\"><h5 class=\"jet-carousel__item-title\">1. Schedule a Meeting<\/h5><div class=\"jet-carousel__item-text\">To begin, we encourage parents to schedule a meeting with our Deputy Principal or Pedagogical Coordinator. These important members of our team are here to explain everything about our school and to answer any questions you may have. This is also a perfect opportunity to introduce your child to us! You can easily arrange the meeting by emailing or calling the school.<\/div><\/div><\/div>\n<\/div>\n\n<div class=\"jet-carousel__item\">\n\t<div class=\"jet-carousel__item-inner\"><div class=\"jet-carousel__content\"><h5 class=\"jet-carousel__item-title\">2. Fill Out the Reservation Form<\/h5><div class=\"jet-carousel__item-text\">Once you're ready, complete and sign the reservation form:<\/br> <b> \u2022 Childcare:<\/b><\/br> <b> \u2022 Preschool:<\/b><\/br> <b> \u2022 Primary:<\/b><\/br> <b> \u2022 Highschool:<\/b><\/br>\nYou can then send it to <a href=\"mailto:secretariat@eijc.nc\">secretariat@eijc.nc<\/a>\n  for the primary and <a href=\"mailto:secretariat.hs@eijc.nc\">secretariat.hs@eijc.nc<\/a> for the high school or drop it off in person at our school.<\/div><\/div><\/div>\n<\/div>\n\n<div class=\"jet-carousel__item\">\n\t<div class=\"jet-carousel__item-inner\"><div class=\"jet-carousel__content\"><h5 class=\"jet-carousel__item-title\">3. Reservation Fee Payment<\/h5><div class=\"jet-carousel__item-text\">After the reservation fee has been paid, the school secretary will send you a Docusign. It\u2019s important that you complete and sign this form to proceed with the enrolment.\n<\/div><\/div><\/div>\n<\/div>\n\n<div class=\"jet-carousel__item\">\n\t<div class=\"jet-carousel__item-inner\"><div class=\"jet-carousel__content\"><h5 class=\"jet-carousel__item-title\">4. Submit Required Documents<\/h5><div class=\"jet-carousel__item-text\">To ensure we can continue with the enrollment process, we kindly ask that you provide the following documents:<\/br> <b> \u2022 Livret de famille<\/b><\/br> <b> \u2022 Identification cards of both parents and the child<\/b><\/br> <b> \u2022 A medical certificate for sports activities<\/b><\/br> <b> \u2022 Updated vaccination list<\/b><\/br> <b> \u2022 School documents (certificat de radiation, report cards)<\/b><\/br> <b> \u2022 Medical records (if applicable)<\/b><\/br>\nPlease note that if any of these documents are missing or incomplete, the enrollment process may be delayed or cannot be finalized.\n<\/div><\/div><\/div>\n<\/div>\n\n<div class=\"jet-carousel__item\">\n\t<div class=\"jet-carousel__item-inner\"><div class=\"jet-carousel__content\"><h5 class=\"jet-carousel__item-title\">5. Finalizing Enrolment<\/h5><div class=\"jet-carousel__item-text\">Once you\u2019ve completed the Docusign and confirmed your payment method, the school office will send you an email with the final steps to complete the enrollment.\n<\/div><\/div><\/div>\n<\/div>\n\n<div class=\"jet-carousel__item\">\n\t<div class=\"jet-carousel__item-inner\"><div class=\"jet-carousel__content\"><h5 class=\"jet-carousel__item-title\">6. School Uniform<\/h5><div class=\"jet-carousel__item-text translation-block\">Lastly, parents can visit <a href=\"https:\/\/jamescook-online.nc\/\">James Cook Online<\/a> to purchase the school uniform and ensure your child is all set for the school year ahead.\nWe\u2019re excited to partner with you in your child\u2019s educational journey and are here to support you every step of the way. Feel free to contact us if you have any questions!<\/div><\/div><\/div>\n<\/div>\n<\/div><\/div>\n<\/div>\n<\/div>\t\t<\/div>\n\t\t\t\t<\/div>\n\t\t                <\/div>\n                    <\/div>\n        <\/div>\n                                <\/div>\n                    <\/div>\n        <\/section>\n        \t\t\t\t<\/div>\n\t\t\t\t\t\t<\/div>\n\t\t\t\t\t<\/div>","protected":false},"excerpt":{"rendered":"<p>Admissions Nous sommes ravis que vous envisagiez notre \u00e9cole pour l\u2019\u00e9ducation de votre enfant ! Notre processus d\u2019inscription a \u00e9t\u00e9 con\u00e7u pour \u00eatre simple et efficace. Voici comment il fonctionne : 1. Planifiez un rendez-vous Pour commencer, nous invitons les parents \u00e0 planifier un rendez-vous avec notre chef d\u2019\u00e9tablissement adjoint ou notre coordinateur p\u00e9dagogique. Ces [&hellip;]<\/p>","protected":false},"author":1,"featured_media":0,"parent":4491,"menu_order":2,"comment_status":"closed","ping_status":"closed","template":"","meta":[],"acf":[],"yoast_head":"<!-- This site is optimized with the Yoast SEO plugin v18.2 - https:\/\/yoast.com\/wordpress\/plugins\/seo\/ -->\n<title>Admission - EIJC - James Cook<\/title>\n<meta name=\"robots\" content=\"index, follow, max-snippet:-1, max-image-preview:large, max-video-preview:-1\" \/>\n<link rel=\"canonical\" href=\"\/en\/eijc\/admission\/\" \/>\n<meta property=\"og:locale\" content=\"en_US\" \/>\n<meta property=\"og:type\" content=\"article\" \/>\n<meta property=\"og:title\" content=\"Admission - EIJC - James Cook\" \/>\n<meta property=\"og:description\" content=\"Admissions Nous sommes ravis que vous envisagiez notre \u00e9cole pour l\u2019\u00e9ducation de votre enfant ! Notre processus d\u2019inscription a \u00e9t\u00e9 con\u00e7u pour \u00eatre simple et efficace. Voici comment il fonctionne : 1. Planifiez un rendez-vous Pour commencer, nous invitons les parents \u00e0 planifier un rendez-vous avec notre chef d\u2019\u00e9tablissement adjoint ou notre coordinateur p\u00e9dagogique. Ces [&hellip;]\" \/>\n<meta property=\"og:url\" content=\"\/en\/eijc\/admission\/\" \/>\n<meta property=\"og:site_name\" content=\"EIJC - James Cook\" \/>\n<meta property=\"article:modified_time\" content=\"2025-07-01T04:06:58+00:00\" \/>\n<meta name=\"twitter:card\" content=\"summary_large_image\" \/>\n<script type=\"application\/ld+json\" class=\"yoast-schema-graph\">{\"@context\":\"https:\/\/schema.org\",\"@graph\":[{\"@type\":\"WebSite\",\"@id\":\"https:\/\/www.eijc.nc\/#website\",\"url\":\"https:\/\/www.eijc.nc\/\",\"name\":\"EIJC - James Cook\",\"description\":\"Ecole internationale\",\"potentialAction\":[{\"@type\":\"SearchAction\",\"target\":{\"@type\":\"EntryPoint\",\"urlTemplate\":\"https:\/\/www.eijc.nc\/?s={search_term_string}\"},\"query-input\":\"required name=search_term_string\"}],\"inLanguage\":\"en-NZ\"},{\"@type\":\"WebPage\",\"@id\":\"https:\/\/www.eijc.nc\/eijc\/admission\/#webpage\",\"url\":\"https:\/\/www.eijc.nc\/eijc\/admission\/\",\"name\":\"Admission - EIJC - James Cook\",\"isPartOf\":{\"@id\":\"https:\/\/www.eijc.nc\/#website\"},\"datePublished\":\"2025-04-28T02:04:18+00:00\",\"dateModified\":\"2025-07-01T04:06:58+00:00\",\"breadcrumb\":{\"@id\":\"https:\/\/www.eijc.nc\/eijc\/admission\/#breadcrumb\"},\"inLanguage\":\"en-NZ\",\"potentialAction\":[{\"@type\":\"ReadAction\",\"target\":[\"https:\/\/www.eijc.nc\/eijc\/admission\/\"]}]},{\"@type\":\"BreadcrumbList\",\"@id\":\"https:\/\/www.eijc.nc\/eijc\/admission\/#breadcrumb\",\"itemListElement\":[{\"@type\":\"ListItem\",\"position\":1,\"name\":\"Accueil\",\"item\":\"https:\/\/www.eijc.nc\/\"},{\"@type\":\"ListItem\",\"position\":2,\"name\":\"L&#8217;EIJC\",\"item\":\"https:\/\/www.eijc.nc\/eijc\/\"},{\"@type\":\"ListItem\",\"position\":3,\"name\":\"Admission\"}]}]}<\/script>\n<!-- \/ Yoast SEO plugin. -->","yoast_head_json":{"title":"Admission - EIJC - James Cook","robots":{"index":"index","follow":"follow","max-snippet":"max-snippet:-1","max-image-preview":"max-image-preview:large","max-video-preview":"max-video-preview:-1"},"canonical":"\/en\/eijc\/admission\/","og_locale":"en_US","og_type":"article","og_title":"Admission - EIJC - James Cook","og_description":"Admissions Nous sommes ravis que vous envisagiez notre \u00e9cole pour l\u2019\u00e9ducation de votre enfant ! Notre processus d\u2019inscription a \u00e9t\u00e9 con\u00e7u pour \u00eatre simple et efficace. Voici comment il fonctionne : 1. Planifiez un rendez-vous Pour commencer, nous invitons les parents \u00e0 planifier un rendez-vous avec notre chef d\u2019\u00e9tablissement adjoint ou notre coordinateur p\u00e9dagogique. Ces [&hellip;]","og_url":"\/en\/eijc\/admission\/","og_site_name":"EIJC - James Cook","article_modified_time":"2025-07-01T04:06:58+00:00","twitter_card":"summary_large_image","schema":{"@context":"https:\/\/schema.org","@graph":[{"@type":"WebSite","@id":"https:\/\/www.eijc.nc\/#website","url":"https:\/\/www.eijc.nc\/","name":"EIJC - James Cook","description":"Ecole internationale","potentialAction":[{"@type":"SearchAction","target":{"@type":"EntryPoint","urlTemplate":"https:\/\/www.eijc.nc\/?s={search_term_string}"},"query-input":"required name=search_term_string"}],"inLanguage":"en-NZ"},{"@type":"WebPage","@id":"https:\/\/www.eijc.nc\/eijc\/admission\/#webpage","url":"https:\/\/www.eijc.nc\/eijc\/admission\/","name":"Admission - EIJC - James Cook","isPartOf":{"@id":"https:\/\/www.eijc.nc\/#website"},"datePublished":"2025-04-28T02:04:18+00:00","dateModified":"2025-07-01T04:06:58+00:00","breadcrumb":{"@id":"https:\/\/www.eijc.nc\/eijc\/admission\/#breadcrumb"},"inLanguage":"en-NZ","potentialAction":[{"@type":"ReadAction","target":["https:\/\/www.eijc.nc\/eijc\/admission\/"]}]},{"@type":"BreadcrumbList","@id":"https:\/\/www.eijc.nc\/eijc\/admission\/#breadcrumb","itemListElement":[{"@type":"ListItem","position":1,"name":"Accueil","item":"https:\/\/www.eijc.nc\/"},{"@type":"ListItem","position":2,"name":"L&#8217;EIJC","item":"https:\/\/www.eijc.nc\/eijc\/"},{"@type":"ListItem","position":3,"name":"Admission"}]}]}},"_links":{"self":[{"href":"\/en\/wp-json\/wp\/v2\/pages\/8485"}],"collection":[{"href":"\/en\/wp-json\/wp\/v2\/pages"}],"about":[{"href":"\/en\/wp-json\/wp\/v2\/types\/page"}],"author":[{"embeddable":true,"href":"\/en\/wp-json\/wp\/v2\/users\/1"}],"replies":[{"embeddable":true,"href":"\/en\/wp-json\/wp\/v2\/comments?post=8485"}],"version-history":[{"count":20,"href":"\/en\/wp-json\/wp\/v2\/pages\/8485\/revisions"}],"predecessor-version":[{"id":8804,"href":"\/en\/wp-json\/wp\/v2\/pages\/8485\/revisions\/8804"}],"up":[{"embeddable":true,"href":"\/en\/wp-json\/wp\/v2\/pages\/4491"}],"wp:attachment":[{"href":"\/en\/wp-json\/wp\/v2\/media?parent=8485"}],"curies":[{"name":"wp","href":"https:\/\/api.w.org\/{rel}","templated":true}]}}