{"id":4749,"date":"2021-05-03T10:06:35","date_gmt":"2021-05-02T23:06:35","guid":{"rendered":"https:\/\/www.eijc.nc\/?page_id=4749"},"modified":"2024-11-06T09:45:03","modified_gmt":"2024-11-05T22:45:03","slug":"mentions-legales","status":"publish","type":"page","link":"\/en\/mentions-legales\/","title":{"rendered":"Legal Notice"},"content":{"rendered":"<div data-elementor-type=\"wp-page\" data-elementor-id=\"4749\" class=\"elementor elementor-4749\" data-elementor-settings=\"[]\">\n\t\t\t\t\t\t<div class=\"elementor-inner\">\n\t\t\t\t\t\t\t<div class=\"elementor-section-wrap\">\n\t\t\t\t\t        <section class=\"elementor-section elementor-top-section elementor-element elementor-element-c6d5cf9 elementor-section-boxed elementor-section-height-default elementor-section-height-default\" data-id=\"c6d5cf9\" data-element_type=\"section\" data-settings=\"{&quot;jet_parallax_layout_list&quot;:[{&quot;jet_parallax_layout_image&quot;:{&quot;url&quot;:&quot;&quot;,&quot;id&quot;:&quot;&quot;},&quot;_id&quot;:&quot;b6970a4&quot;,&quot;jet_parallax_layout_image_tablet&quot;:{&quot;url&quot;:&quot;&quot;,&quot;id&quot;:&quot;&quot;},&quot;jet_parallax_layout_image_mobile&quot;:{&quot;url&quot;:&quot;&quot;,&quot;id&quot;:&quot;&quot;},&quot;jet_parallax_layout_speed&quot;:{&quot;unit&quot;:&quot;%&quot;,&quot;size&quot;:50,&quot;sizes&quot;:[]},&quot;jet_parallax_layout_type&quot;:&quot;scroll&quot;,&quot;jet_parallax_layout_direction&quot;:null,&quot;jet_parallax_layout_fx_direction&quot;:null,&quot;jet_parallax_layout_z_index&quot;:&quot;&quot;,&quot;jet_parallax_layout_bg_x&quot;:50,&quot;jet_parallax_layout_bg_x_tablet&quot;:&quot;&quot;,&quot;jet_parallax_layout_bg_x_mobile&quot;:&quot;&quot;,&quot;jet_parallax_layout_bg_y&quot;:50,&quot;jet_parallax_layout_bg_y_tablet&quot;:&quot;&quot;,&quot;jet_parallax_layout_bg_y_mobile&quot;:&quot;&quot;,&quot;jet_parallax_layout_bg_size&quot;:&quot;auto&quot;,&quot;jet_parallax_layout_bg_size_tablet&quot;:&quot;&quot;,&quot;jet_parallax_layout_bg_size_mobile&quot;:&quot;&quot;,&quot;jet_parallax_layout_animation_prop&quot;:&quot;transform&quot;,&quot;jet_parallax_layout_on&quot;:[&quot;desktop&quot;,&quot;tablet&quot;]}]}\">\n            \n                        <div class=\"elementor-container elementor-column-gap-default\">\n                            <div class=\"elementor-row\">\n                    <div class=\"elementor-column elementor-col-100 elementor-top-column elementor-element elementor-element-2da326b\" data-id=\"2da326b\" data-element_type=\"column\">\n            <div class=\"elementor-column-wrap elementor-element-populated\">\n                            <div class=\"elementor-widget-wrap\">\n                \t\t<div class=\"elementor-element elementor-element-6cf863b elementor-widget elementor-widget-ct_heading\" data-id=\"6cf863b\" data-element_type=\"widget\" data-widget_type=\"ct_heading.default\">\n\t\t\t\t<div class=\"elementor-widget-container\">\n\t\t\t<div class=\"ct-heading preset1  sub-style2\">\n            <div class=\"item--sub-title line-style2\">Global infomations<\/div>\n        <h3 class=\"item--title\">\n            <\/h3>\n<\/div>\t\t<\/div>\n\t\t\t\t<\/div>\n\t\t\t\t<div class=\"elementor-element elementor-element-92843e9 elementor-widget elementor-widget-text-editor\" data-id=\"92843e9\" data-element_type=\"widget\" data-widget_type=\"text-editor.default\">\n\t\t\t\t<div class=\"elementor-widget-container\">\n\t\t\t\t\t\t\t\t<div class=\"elementor-text-editor elementor-clearfix\">\n\t\t\t\t<p class=\"translation-block\"><b>Publishing Director:<\/b> Vanessa GERVOLINO<\/p><p class=\"translation-block\"><b style=\"color: inherit;font-family: inherit;letter-spacing: 0px\">Graphic Design:<\/b><span style=\"color: inherit;font-family: inherit;font-weight: inherit;letter-spacing: 0px\"> <\/span><a href=\"https:\/\/www.blackletchi.nc\/\" target=\"_blank\" rel=\"noopener\">Black Letchi<\/a><span style=\"color: inherit;font-family: inherit;font-weight: inherit;letter-spacing: 0px\"><br><\/span><span style=\"color: inherit;font-family: inherit;letter-spacing: 0px\"><b>Web Development:<\/b><\/span><span style=\"color: inherit;font-family: inherit;font-weight: inherit;letter-spacing: 0px\"> <\/span><a style=\"font-family: inherit;font-weight: inherit;background-color: #ffffff;letter-spacing: 0px\" href=\"https:\/\/www.blackletchi.nc\/\" target=\"_blank\" rel=\"noopener\">Black Letchi<\/a><br><span style=\"color: inherit;font-family: inherit;letter-spacing: 0px\"><b>Photo Credits:<\/b><\/span><span style=\"color: inherit;font-family: inherit;font-weight: inherit;letter-spacing: 0px\"> James Cook International School<\/span><\/p><p><span style=\"color: inherit; font-family: inherit; font-weight: inherit; letter-spacing: 0px;\">\u00a0<\/span><\/p><p><span style=\"color: inherit; font-family: inherit; letter-spacing: 0px;\"><b>James Cook International School<\/b><\/span><\/p><p>95 avenue du G\u00e9n\u00e9ral De Gaulle<br \/><span style=\"color: inherit; font-family: inherit; font-weight: inherit; letter-spacing: 0px;\">Orphelinat<\/span><span style=\"color: inherit; font-family: inherit; font-weight: inherit; letter-spacing: 0px;\"><br \/><\/span><span style=\"color: inherit; font-family: inherit; font-weight: inherit; letter-spacing: 0px;\">98800 Noum\u00e9a<\/span><\/p><p>Phone : (+687) 28 47 12<br \/><span style=\"color: inherit; font-family: inherit; font-weight: inherit; letter-spacing: 0px;\">E-mail : secretariat@eijc.nc<\/span><\/p><p><b>Hosting<\/b><\/p><p>The James Cook International School's website is hosted by:<\/p><p><a href=\"https:\/\/www.mls.nc\/\"><b>Micro Logic Systems (MLS)<\/b><\/a><\/p><p>28, rue F\u00e9lix Broche Magenta &#8211; B.P. 13885, 98803 Noum\u00e9a Cedex, Nouvelle-Cal\u00e9donie<\/p><p>+687\u00a024 99 24<\/p><p>\u00a0<\/p>\t\t\t\t\t<\/div>\n\t\t\t\t\t\t<\/div>\n\t\t\t\t<\/div>\n\t\t\t\t<div class=\"elementor-element elementor-element-4a2e9be elementor-widget elementor-widget-spacer\" data-id=\"4a2e9be\" data-element_type=\"widget\" data-widget_type=\"spacer.default\">\n\t\t\t\t<div class=\"elementor-widget-container\">\n\t\t\t\t\t<div class=\"elementor-spacer\">\n\t\t\t<div class=\"elementor-spacer-inner\"><\/div>\n\t\t<\/div>\n\t\t\t\t<\/div>\n\t\t\t\t<\/div>\n\t\t\t\t<div class=\"elementor-element elementor-element-02c39fd elementor-widget elementor-widget-ct_heading\" data-id=\"02c39fd\" data-element_type=\"widget\" data-widget_type=\"ct_heading.default\">\n\t\t\t\t<div class=\"elementor-widget-container\">\n\t\t\t<div class=\"ct-heading preset1  sub-style2\">\n            <div class=\"item--sub-title line-style2\">Personal Data and Reproduction Rights <\/div>\n        <h3 class=\"item--title\">\n            <\/h3>\n<\/div>\t\t<\/div>\n\t\t\t\t<\/div>\n\t\t\t\t<div class=\"elementor-element elementor-element-e097569 elementor-widget elementor-widget-text-editor\" data-id=\"e097569\" data-element_type=\"widget\" data-widget_type=\"text-editor.default\">\n\t\t\t\t<div class=\"elementor-widget-container\">\n\t\t\t\t\t\t\t\t<div class=\"elementor-text-editor elementor-clearfix\">\n\t\t\t\t<p>Users of this site acknowledge that they have the necessary skills and resources to use and access this site, and that they have checked that the computer configuration used does not contain any viruses and is in perfect working order.<\/p><p>\u00a0<\/p><p>The user acknowledges that he\/she has been informed that the present site is accessible 24 hours a day, 7 days a week, except in cases of force majeure, computer difficulties, difficulties linked to the structure of communications networks or technical difficulties. For maintenance reasons, the James Cook International School may interrupt the site and will endeavor to inform users in advance.<\/p><p>\u00a0<\/p><p>In accordance with the provisions of the French Data Protection Act of January 6, 1978, the automated processing of nominative data on and from this website has been declared to the Commission Nationale de l'Informatique et des Libert\u00e9s (CNIL).<\/p><p>\u00a0<\/p><p>In accordance with Article 27 of the French Data Protection Act of January 6, 1978, users are hereby informed that the information they provide when completing the forms on the site is required by ACESTE CNAM, which is responsible for processing it for administrative and commercial management purposes.<\/p><p>\u00a0<\/p><p>The user has the option of accepting that the information linked to his\/her registration on the site be communicated by ACESTE CNAM to other companies or partners or used by these companies, which may contact the user and send him\/her their offers and promotions by e-mail, SMS and post.<\/p><p>\u00a0<\/p><p>In accordance with the French Data Protection Act, all users have the right to access, delete and rectify their personal data by writing to the above address.<\/p><p>\u00a0<\/p><p>Users are informed that when they visit the site, a cookie may be automatically installed on their browser.<\/p><p>\u00a0<\/p><p>Users who wish to introduce one of their friends to the site are informed that their friend's contact details will not be stored.<\/p><p>\u00a0<\/p><p>A cookie is a block of data which does not allow the user to be identified, but which is used to record information about the user's browsing on the site.<\/p><p>\u00a0<\/p><p>The user has the right to access, withdraw and modify personal data communicated via the cookie under the conditions indicated above.<\/p><p>\u00a0<\/p><p>Nominative information concerning the user is intended for the James Cook International School. User data is stored on servers located in New Caledonia.<\/p><p>\u00a0<\/p><p>Users of this site are required to comply with the provisions of the French Data Protection Act (loi relative \u00e0 l'Informatique, aux fichiers et aux libert\u00e9s), any breach of which may result in criminal penalties.<\/p><p>\u00a0<\/p><p>In particular, it must refrain from collecting or misusing any personal information to which it has access, and in general, from any act likely to infringe the privacy or reputation of individuals.<\/p><p>\u00a0<\/p><p>The general structure, as well as the software, texts, images (animated or not), know-how and all other elements making up the site are the exclusive property of James Cook International School.<\/p><p>\u00a0<\/p><p>Any total or partial representation of this site by any means whatsoever without the express authorization of James Cook International School is prohibited and constitutes an infringement punishable by articles L.335-2 et seq. of the French Intellectual Property Code.<\/p><p>\u00a0<\/p><p>The same applies to the databases on the website, which are protected by the provisions of the law of July 1, 1998 transposing the European directive of March 11, 1996 on the legal protection of databases into the French Intellectual Property Code, and of which the James Cook International School is the producer.<\/p><p>\u00a0<\/p><p>The trademarks of James Cook International School and its partners, as well as the logos appearing on the site, are not free of rights.<\/p><p>\u00a0<\/p><p>Any reproduction in whole or in part of these trademarks or logos, made from elements of the site without the express authorization of James Cook International School is therefore prohibited, within the meaning of article L.713-2 of the French Intellectual Property Code.<\/p><p>\u00a0<\/p><p>Hypertext links set up within the framework of the present website to other resources on the Internet, and in particular to its partners, are subject to prior, express and written authorization.<\/p><p>\u00a0<\/p><p>No user of or visitor to the website may set up a hyperlink to this site without the express prior authorization of James Cook International School.<\/p><p>\u00a0<\/p><p>The James Cook International School makes every effort to provide users with available and verified information and\/or tools, but cannot be held responsible for errors, lack of availability of information and\/or the presence of viruses on its site.<\/p>\t\t\t\t\t<\/div>\n\t\t\t\t\t\t<\/div>\n\t\t\t\t<\/div>\n\t\t\t\t<div class=\"elementor-element elementor-element-dee9a6b elementor-widget elementor-widget-spacer\" data-id=\"dee9a6b\" data-element_type=\"widget\" data-widget_type=\"spacer.default\">\n\t\t\t\t<div class=\"elementor-widget-container\">\n\t\t\t\t\t<div class=\"elementor-spacer\">\n\t\t\t<div class=\"elementor-spacer-inner\"><\/div>\n\t\t<\/div>\n\t\t\t\t<\/div>\n\t\t\t\t<\/div>\n\t\t                <\/div>\n                    <\/div>\n        <\/div>\n                                <\/div>\n                    <\/div>\n        <\/section>\n        \t\t\t\t<\/div>\n\t\t\t\t\t\t<\/div>\n\t\t\t\t\t<\/div>","protected":false},"excerpt":{"rendered":"<p>informations g\u00e9n\u00e9rales Directrice de la publication : Vanessa GERVOLINO Conception graphique :\u00a0Black LetchiD\u00e9veloppement web :\u00a0Black LetchiCr\u00e9dits photo : Ecole intertaionale James Cook \u00a0 Ecole Internationale James Cook 95 avenue du G\u00e9n\u00e9ral De GaulleOrphelinat98800 Noum\u00e9a T\u00e9l\u00e9phone : (+687) 28 47 12E-mail : secretariat@eijc.nc H\u00e9bergement Le site internet Ecole Internationale James Cook(www.eijc.nc) est h\u00e9berg\u00e9 par : Micro [&hellip;]<\/p>","protected":false},"author":1,"featured_media":0,"parent":0,"menu_order":13,"comment_status":"closed","ping_status":"closed","template":"","meta":[],"acf":[],"yoast_head":"<!-- This site is optimized with the Yoast SEO plugin v18.2 - https:\/\/yoast.com\/wordpress\/plugins\/seo\/ -->\n<title>Mentions l\u00e9gales - EIJC - James Cook<\/title>\n<meta name=\"robots\" content=\"index, follow, max-snippet:-1, max-image-preview:large, max-video-preview:-1\" \/>\n<link rel=\"canonical\" href=\"\/en\/mentions-legales\/\" \/>\n<meta property=\"og:locale\" content=\"en_US\" \/>\n<meta property=\"og:type\" content=\"article\" \/>\n<meta property=\"og:title\" content=\"Mentions l\u00e9gales - EIJC - James Cook\" \/>\n<meta property=\"og:description\" content=\"informations g\u00e9n\u00e9rales Directrice de la publication : Vanessa GERVOLINO Conception graphique :\u00a0Black LetchiD\u00e9veloppement web :\u00a0Black LetchiCr\u00e9dits photo : Ecole intertaionale James Cook \u00a0 Ecole Internationale James Cook 95 avenue du G\u00e9n\u00e9ral De GaulleOrphelinat98800 Noum\u00e9a T\u00e9l\u00e9phone : (+687) 28 47 12E-mail : secretariat@eijc.nc H\u00e9bergement Le site internet Ecole Internationale James Cook(www.eijc.nc) est h\u00e9berg\u00e9 par : Micro [&hellip;]\" \/>\n<meta property=\"og:url\" content=\"\/en\/mentions-legales\/\" \/>\n<meta property=\"og:site_name\" content=\"EIJC - James Cook\" \/>\n<meta property=\"article:modified_time\" content=\"2024-11-05T22:45:03+00:00\" \/>\n<meta name=\"twitter:card\" content=\"summary_large_image\" \/>\n<script type=\"application\/ld+json\" class=\"yoast-schema-graph\">{\"@context\":\"https:\/\/schema.org\",\"@graph\":[{\"@type\":\"WebSite\",\"@id\":\"https:\/\/www.eijc.nc\/#website\",\"url\":\"https:\/\/www.eijc.nc\/\",\"name\":\"EIJC - James Cook\",\"description\":\"Ecole internationale\",\"potentialAction\":[{\"@type\":\"SearchAction\",\"target\":{\"@type\":\"EntryPoint\",\"urlTemplate\":\"https:\/\/www.eijc.nc\/?s={search_term_string}\"},\"query-input\":\"required name=search_term_string\"}],\"inLanguage\":\"en-NZ\"},{\"@type\":\"WebPage\",\"@id\":\"https:\/\/www.eijc.nc\/mentions-legales\/#webpage\",\"url\":\"https:\/\/www.eijc.nc\/mentions-legales\/\",\"name\":\"Mentions l\u00e9gales - EIJC - James Cook\",\"isPartOf\":{\"@id\":\"https:\/\/www.eijc.nc\/#website\"},\"datePublished\":\"2021-05-02T23:06:35+00:00\",\"dateModified\":\"2024-11-05T22:45:03+00:00\",\"breadcrumb\":{\"@id\":\"https:\/\/www.eijc.nc\/mentions-legales\/#breadcrumb\"},\"inLanguage\":\"en-NZ\",\"potentialAction\":[{\"@type\":\"ReadAction\",\"target\":[\"https:\/\/www.eijc.nc\/mentions-legales\/\"]}]},{\"@type\":\"BreadcrumbList\",\"@id\":\"https:\/\/www.eijc.nc\/mentions-legales\/#breadcrumb\",\"itemListElement\":[{\"@type\":\"ListItem\",\"position\":1,\"name\":\"Accueil\",\"item\":\"https:\/\/www.eijc.nc\/\"},{\"@type\":\"ListItem\",\"position\":2,\"name\":\"Mentions l\u00e9gales\"}]}]}<\/script>\n<!-- \/ Yoast SEO plugin. -->","yoast_head_json":{"title":"Mentions l\u00e9gales - EIJC - James Cook","robots":{"index":"index","follow":"follow","max-snippet":"max-snippet:-1","max-image-preview":"max-image-preview:large","max-video-preview":"max-video-preview:-1"},"canonical":"\/en\/mentions-legales\/","og_locale":"en_US","og_type":"article","og_title":"Mentions l\u00e9gales - EIJC - James Cook","og_description":"informations g\u00e9n\u00e9rales Directrice de la publication : Vanessa GERVOLINO Conception graphique :\u00a0Black LetchiD\u00e9veloppement web :\u00a0Black LetchiCr\u00e9dits photo : Ecole intertaionale James Cook \u00a0 Ecole Internationale James Cook 95 avenue du G\u00e9n\u00e9ral De GaulleOrphelinat98800 Noum\u00e9a T\u00e9l\u00e9phone : (+687) 28 47 12E-mail : secretariat@eijc.nc H\u00e9bergement Le site internet Ecole Internationale James Cook(www.eijc.nc) est h\u00e9berg\u00e9 par : Micro [&hellip;]","og_url":"\/en\/mentions-legales\/","og_site_name":"EIJC - James Cook","article_modified_time":"2024-11-05T22:45:03+00:00","twitter_card":"summary_large_image","schema":{"@context":"https:\/\/schema.org","@graph":[{"@type":"WebSite","@id":"https:\/\/www.eijc.nc\/#website","url":"https:\/\/www.eijc.nc\/","name":"EIJC - James Cook","description":"Ecole internationale","potentialAction":[{"@type":"SearchAction","target":{"@type":"EntryPoint","urlTemplate":"https:\/\/www.eijc.nc\/?s={search_term_string}"},"query-input":"required name=search_term_string"}],"inLanguage":"en-NZ"},{"@type":"WebPage","@id":"https:\/\/www.eijc.nc\/mentions-legales\/#webpage","url":"https:\/\/www.eijc.nc\/mentions-legales\/","name":"Mentions l\u00e9gales - EIJC - James Cook","isPartOf":{"@id":"https:\/\/www.eijc.nc\/#website"},"datePublished":"2021-05-02T23:06:35+00:00","dateModified":"2024-11-05T22:45:03+00:00","breadcrumb":{"@id":"https:\/\/www.eijc.nc\/mentions-legales\/#breadcrumb"},"inLanguage":"en-NZ","potentialAction":[{"@type":"ReadAction","target":["https:\/\/www.eijc.nc\/mentions-legales\/"]}]},{"@type":"BreadcrumbList","@id":"https:\/\/www.eijc.nc\/mentions-legales\/#breadcrumb","itemListElement":[{"@type":"ListItem","position":1,"name":"Accueil","item":"https:\/\/www.eijc.nc\/"},{"@type":"ListItem","position":2,"name":"Mentions l\u00e9gales"}]}]}},"_links":{"self":[{"href":"\/en\/wp-json\/wp\/v2\/pages\/4749"}],"collection":[{"href":"\/en\/wp-json\/wp\/v2\/pages"}],"about":[{"href":"\/en\/wp-json\/wp\/v2\/types\/page"}],"author":[{"embeddable":true,"href":"\/en\/wp-json\/wp\/v2\/users\/1"}],"replies":[{"embeddable":true,"href":"\/en\/wp-json\/wp\/v2\/comments?post=4749"}],"version-history":[{"count":10,"href":"\/en\/wp-json\/wp\/v2\/pages\/4749\/revisions"}],"predecessor-version":[{"id":7967,"href":"\/en\/wp-json\/wp\/v2\/pages\/4749\/revisions\/7967"}],"wp:attachment":[{"href":"\/en\/wp-json\/wp\/v2\/media?parent=4749"}],"curies":[{"name":"wp","href":"https:\/\/api.w.org\/{rel}","templated":true}]}}