{"id":4479,"date":"2021-02-06T01:16:22","date_gmt":"2021-02-06T00:16:22","guid":{"rendered":"https:\/\/www.eijc.nc\/?page_id=4479"},"modified":"2025-08-12T11:40:51","modified_gmt":"2025-08-12T00:40:51","slug":"sace","status":"publish","type":"page","link":"\/en\/enseignements\/sace\/","title":{"rendered":"S.A.C.E."},"content":{"rendered":"<div data-elementor-type=\"wp-page\" data-elementor-id=\"4479\" class=\"elementor elementor-4479\" data-elementor-settings=\"[]\">\n\t\t\t\t\t\t<div class=\"elementor-inner\">\n\t\t\t\t\t\t\t<div class=\"elementor-section-wrap\">\n\t\t\t\t\t        <section class=\"elementor-section elementor-top-section elementor-element elementor-element-48c6c9f elementor-section-stretched elementor-section-full_width elementor-section-content-bottom elementor-section-height-default elementor-section-height-default\" data-id=\"48c6c9f\" data-element_type=\"section\" data-settings=\"{&quot;stretch_section&quot;:&quot;section-stretched&quot;,&quot;background_background&quot;:&quot;classic&quot;,&quot;jet_parallax_layout_list&quot;:[{&quot;jet_parallax_layout_image&quot;:{&quot;url&quot;:&quot;&quot;,&quot;id&quot;:&quot;&quot;},&quot;_id&quot;:&quot;d6a2d80&quot;,&quot;jet_parallax_layout_image_tablet&quot;:{&quot;url&quot;:&quot;&quot;,&quot;id&quot;:&quot;&quot;},&quot;jet_parallax_layout_image_mobile&quot;:{&quot;url&quot;:&quot;&quot;,&quot;id&quot;:&quot;&quot;},&quot;jet_parallax_layout_speed&quot;:{&quot;unit&quot;:&quot;%&quot;,&quot;size&quot;:50,&quot;sizes&quot;:[]},&quot;jet_parallax_layout_type&quot;:&quot;scroll&quot;,&quot;jet_parallax_layout_direction&quot;:null,&quot;jet_parallax_layout_fx_direction&quot;:null,&quot;jet_parallax_layout_z_index&quot;:&quot;&quot;,&quot;jet_parallax_layout_bg_x&quot;:50,&quot;jet_parallax_layout_bg_x_tablet&quot;:&quot;&quot;,&quot;jet_parallax_layout_bg_x_mobile&quot;:&quot;&quot;,&quot;jet_parallax_layout_bg_y&quot;:50,&quot;jet_parallax_layout_bg_y_tablet&quot;:&quot;&quot;,&quot;jet_parallax_layout_bg_y_mobile&quot;:&quot;&quot;,&quot;jet_parallax_layout_bg_size&quot;:&quot;auto&quot;,&quot;jet_parallax_layout_bg_size_tablet&quot;:&quot;&quot;,&quot;jet_parallax_layout_bg_size_mobile&quot;:&quot;&quot;,&quot;jet_parallax_layout_animation_prop&quot;:&quot;transform&quot;,&quot;jet_parallax_layout_on&quot;:[&quot;desktop&quot;,&quot;tablet&quot;]}]}\">\n            \n                        <div class=\"elementor-container elementor-column-gap-no\">\n                            <div class=\"elementor-row\">\n                    <div class=\"elementor-column elementor-col-50 elementor-top-column elementor-element elementor-element-5fd50f2\" data-id=\"5fd50f2\" data-element_type=\"column\" data-settings=\"{&quot;background_background&quot;:&quot;classic&quot;}\">\n            <div class=\"elementor-column-wrap elementor-element-populated\">\n                            <div class=\"elementor-widget-wrap\">\n                \t\t<div class=\"elementor-element elementor-element-119f605 elementor-widget elementor-widget-spacer\" data-id=\"119f605\" data-element_type=\"widget\" data-widget_type=\"spacer.default\">\n\t\t\t\t<div class=\"elementor-widget-container\">\n\t\t\t\t\t<div class=\"elementor-spacer\">\n\t\t\t<div class=\"elementor-spacer-inner\"><\/div>\n\t\t<\/div>\n\t\t\t\t<\/div>\n\t\t\t\t<\/div>\n\t\t\t\t<div class=\"elementor-element elementor-element-2a91e71 elementor-widget elementor-widget-spacer\" data-id=\"2a91e71\" data-element_type=\"widget\" data-widget_type=\"spacer.default\">\n\t\t\t\t<div class=\"elementor-widget-container\">\n\t\t\t\t\t<div class=\"elementor-spacer\">\n\t\t\t<div class=\"elementor-spacer-inner\"><\/div>\n\t\t<\/div>\n\t\t\t\t<\/div>\n\t\t\t\t<\/div>\n\t\t\t\t<div class=\"elementor-element elementor-element-7023188 elementor-widget elementor-widget-image\" data-id=\"7023188\" data-element_type=\"widget\" data-widget_type=\"image.default\">\n\t\t\t\t<div class=\"elementor-widget-container\">\n\t\t\t\t\t\t\t\t<div class=\"elementor-image\">\n\t\t\t\t\t\t\t\t\t\t\t\t<img width=\"500\" height=\"333\" src=\"https:\/\/www.eijc.nc\/wp-content\/uploads\/2021\/05\/JCHS-99.jpg\" class=\"attachment-large size-large\" alt=\"\" loading=\"lazy\" srcset=\"https:\/\/www.eijc.nc\/wp-content\/uploads\/2021\/05\/JCHS-99.jpg 500w, https:\/\/www.eijc.nc\/wp-content\/uploads\/2021\/05\/JCHS-99-300x200.jpg 300w\" sizes=\"(max-width: 500px) 100vw, 500px\" \/>\t\t\t\t\t\t\t\t\t\t\t\t\t\t<\/div>\n\t\t\t\t\t\t<\/div>\n\t\t\t\t<\/div>\n\t\t\t\t<div class=\"elementor-element elementor-element-fd6bb00 elementor-widget elementor-widget-spacer\" data-id=\"fd6bb00\" data-element_type=\"widget\" data-widget_type=\"spacer.default\">\n\t\t\t\t<div class=\"elementor-widget-container\">\n\t\t\t\t\t<div class=\"elementor-spacer\">\n\t\t\t<div class=\"elementor-spacer-inner\"><\/div>\n\t\t<\/div>\n\t\t\t\t<\/div>\n\t\t\t\t<\/div>\n\t\t\t\t<div class=\"elementor-element elementor-element-2b36688 elementor-widget elementor-widget-image\" data-id=\"2b36688\" data-element_type=\"widget\" data-widget_type=\"image.default\">\n\t\t\t\t<div class=\"elementor-widget-container\">\n\t\t\t\t\t\t\t\t<div class=\"elementor-image\">\n\t\t\t\t\t\t\t\t\t\t\t\t<img width=\"500\" height=\"333\" src=\"https:\/\/www.eijc.nc\/wp-content\/uploads\/2021\/05\/JCHS-77.jpg\" class=\"attachment-large size-large\" alt=\"\" loading=\"lazy\" srcset=\"https:\/\/www.eijc.nc\/wp-content\/uploads\/2021\/05\/JCHS-77.jpg 500w, https:\/\/www.eijc.nc\/wp-content\/uploads\/2021\/05\/JCHS-77-300x200.jpg 300w\" sizes=\"(max-width: 500px) 100vw, 500px\" \/>\t\t\t\t\t\t\t\t\t\t\t\t\t\t<\/div>\n\t\t\t\t\t\t<\/div>\n\t\t\t\t<\/div>\n\t\t\t\t<div class=\"elementor-element elementor-element-d1bb181 elementor-widget elementor-widget-spacer\" data-id=\"d1bb181\" data-element_type=\"widget\" data-widget_type=\"spacer.default\">\n\t\t\t\t<div class=\"elementor-widget-container\">\n\t\t\t\t\t<div class=\"elementor-spacer\">\n\t\t\t<div class=\"elementor-spacer-inner\"><\/div>\n\t\t<\/div>\n\t\t\t\t<\/div>\n\t\t\t\t<\/div>\n\t\t\t\t<div class=\"elementor-element elementor-element-76b39f9 elementor-widget elementor-widget-image\" data-id=\"76b39f9\" data-element_type=\"widget\" data-widget_type=\"image.default\">\n\t\t\t\t<div class=\"elementor-widget-container\">\n\t\t\t\t\t\t\t\t<div class=\"elementor-image\">\n\t\t\t\t\t\t\t\t\t\t\t\t<img width=\"500\" height=\"333\" src=\"https:\/\/www.eijc.nc\/wp-content\/uploads\/2021\/05\/JCHS-60.jpg\" class=\"attachment-large size-large\" alt=\"\" loading=\"lazy\" srcset=\"https:\/\/www.eijc.nc\/wp-content\/uploads\/2021\/05\/JCHS-60.jpg 500w, https:\/\/www.eijc.nc\/wp-content\/uploads\/2021\/05\/JCHS-60-300x200.jpg 300w\" sizes=\"(max-width: 500px) 100vw, 500px\" \/>\t\t\t\t\t\t\t\t\t\t\t\t\t\t<\/div>\n\t\t\t\t\t\t<\/div>\n\t\t\t\t<\/div>\n\t\t\t\t<div class=\"elementor-element elementor-element-9e5bf5b elementor-widget elementor-widget-spacer\" data-id=\"9e5bf5b\" data-element_type=\"widget\" data-widget_type=\"spacer.default\">\n\t\t\t\t<div class=\"elementor-widget-container\">\n\t\t\t\t\t<div class=\"elementor-spacer\">\n\t\t\t<div class=\"elementor-spacer-inner\"><\/div>\n\t\t<\/div>\n\t\t\t\t<\/div>\n\t\t\t\t<\/div>\n\t\t                <\/div>\n                    <\/div>\n        <\/div>\n                <div class=\"elementor-column elementor-col-50 elementor-top-column elementor-element elementor-element-18bd279 col-offset-right\" data-id=\"18bd279\" data-element_type=\"column\">\n            <div class=\"elementor-column-wrap elementor-element-populated\">\n                            <div class=\"elementor-widget-wrap\">\n                \t\t<div class=\"elementor-element elementor-element-daf1f2c elementor-widget elementor-widget-ct_heading\" data-id=\"daf1f2c\" data-element_type=\"widget\" data-widget_type=\"ct_heading.default\">\n\t\t\t\t<div class=\"elementor-widget-container\">\n\t\t\t<div class=\"ct-heading preset1  sub-style2\">\n            <div class=\"item--sub-title line-style2\">A Gateway to Global Education Systems<\/div>\n        <h3 class=\"item--title\">\n        Students entering high school in Year 10 (Seconde) follow an exclusive academic pathway leading to the SACE International (South Australian Certificate of Education). The SACEi is equivalent to the French Baccalaur\u00e9at and <cite>is delivered and certified entirely in English.<\/cite>    <\/h3>\n<\/div>\t\t<\/div>\n\t\t\t\t<\/div>\n\t\t\t\t<div class=\"elementor-element elementor-element-cbeecc6 elementor-widget elementor-widget-image\" data-id=\"cbeecc6\" data-element_type=\"widget\" data-widget_type=\"image.default\">\n\t\t\t\t<div class=\"elementor-widget-container\">\n\t\t\t\t\t\t\t\t<div class=\"elementor-image\">\n\t\t\t\t\t\t\t\t\t\t\t\t<img width=\"500\" height=\"197\" src=\"https:\/\/www.eijc.nc\/wp-content\/uploads\/2021\/02\/sace-logo.png\" class=\"attachment-large size-large\" alt=\"\" loading=\"lazy\" srcset=\"https:\/\/www.eijc.nc\/wp-content\/uploads\/2021\/02\/sace-logo.png 500w, https:\/\/www.eijc.nc\/wp-content\/uploads\/2021\/02\/sace-logo-300x118.png 300w\" sizes=\"(max-width: 500px) 100vw, 500px\" \/>\t\t\t\t\t\t\t\t\t\t\t\t\t\t<\/div>\n\t\t\t\t\t\t<\/div>\n\t\t\t\t<\/div>\n\t\t\t\t<div class=\"elementor-element elementor-element-5997e88 elementor-widget elementor-widget-spacer\" data-id=\"5997e88\" data-element_type=\"widget\" data-widget_type=\"spacer.default\">\n\t\t\t\t<div class=\"elementor-widget-container\">\n\t\t\t\t\t<div class=\"elementor-spacer\">\n\t\t\t<div class=\"elementor-spacer-inner\"><\/div>\n\t\t<\/div>\n\t\t\t\t<\/div>\n\t\t\t\t<\/div>\n\t\t\t\t<div class=\"elementor-element elementor-element-5c5e3ae elementor-widget elementor-widget-spacer\" data-id=\"5c5e3ae\" data-element_type=\"widget\" data-widget_type=\"spacer.default\">\n\t\t\t\t<div class=\"elementor-widget-container\">\n\t\t\t\t\t<div class=\"elementor-spacer\">\n\t\t\t<div class=\"elementor-spacer-inner\"><\/div>\n\t\t<\/div>\n\t\t\t\t<\/div>\n\t\t\t\t<\/div>\n\t\t\t\t<div class=\"elementor-element elementor-element-18ddd26 elementor-widget elementor-widget-ct_heading\" data-id=\"18ddd26\" data-element_type=\"widget\" data-widget_type=\"ct_heading.default\">\n\t\t\t\t<div class=\"elementor-widget-container\">\n\t\t\t<div class=\"ct-heading preset1  sub-style2\">\n        <h4 class=\"item--title\">\n        <p id=\"sace\">The SACE International Program <\/p>    <\/h4>\n<\/div>\t\t<\/div>\n\t\t\t\t<\/div>\n\t\t\t\t<div class=\"elementor-element elementor-element-11ccc46 elementor-widget elementor-widget-text-editor\" data-id=\"11ccc46\" data-element_type=\"widget\" data-widget_type=\"text-editor.default\">\n\t\t\t\t<div class=\"elementor-widget-container\">\n\t\t\t\t\t\t\t\t<div class=\"elementor-text-editor elementor-clearfix\">\n\t\t\t\t<ul><li>1 preparatory year focused on intensive English instruction and reinforcement of core subjects.<\/li><li>2 academic years: Stage 1 (Year 11) and Stage 2 (Year 12).<\/li><li>5 subjects per year (Stage 1 and Stage 2), with a minimum of 200 credits required (100 per stage). Each 20-credit subject represents a full year of study.<\/li><\/ul>\t\t\t\t\t<\/div>\n\t\t\t\t\t\t<\/div>\n\t\t\t\t<\/div>\n\t\t\t\t<div class=\"elementor-element elementor-element-940ae95 elementor-widget elementor-widget-spacer\" data-id=\"940ae95\" data-element_type=\"widget\" data-widget_type=\"spacer.default\">\n\t\t\t\t<div class=\"elementor-widget-container\">\n\t\t\t\t\t<div class=\"elementor-spacer\">\n\t\t\t<div class=\"elementor-spacer-inner\"><\/div>\n\t\t<\/div>\n\t\t\t\t<\/div>\n\t\t\t\t<\/div>\n\t\t\t\t<div class=\"elementor-element elementor-element-ef50b4a elementor-widget elementor-widget-ct_heading\" data-id=\"ef50b4a\" data-element_type=\"widget\" data-widget_type=\"ct_heading.default\">\n\t\t\t\t<div class=\"elementor-widget-container\">\n\t\t\t<div class=\"ct-heading preset1  sub-style2\">\n        <h4 class=\"item--title\">\n        <p id=\"ouverture\">Global perspective:<\/p>    <\/h4>\n<\/div>\t\t<\/div>\n\t\t\t\t<\/div>\n\t\t\t\t<div class=\"elementor-element elementor-element-d65a2cd elementor-widget elementor-widget-text-editor\" data-id=\"d65a2cd\" data-element_type=\"widget\" data-widget_type=\"text-editor.default\">\n\t\t\t\t<div class=\"elementor-widget-container\">\n\t\t\t\t\t\t\t\t<div class=\"elementor-text-editor elementor-clearfix\">\n\t\t\t\t<ul><li>Intensive English training in writing, comprehension, and analysis.<\/li><li>Partnerships and exchange opportunities with schools worldwide.<\/li><li>Automatic validation of the IELTS upon completion of the program.<\/li><li>Language and cultural immersion trips to Australia, New Zealand, Europe, and beyond.<\/li><\/ul>\t\t\t\t\t<\/div>\n\t\t\t\t\t\t<\/div>\n\t\t\t\t<\/div>\n\t\t\t\t<div class=\"elementor-element elementor-element-68aa1b4 elementor-widget elementor-widget-spacer\" data-id=\"68aa1b4\" data-element_type=\"widget\" data-widget_type=\"spacer.default\">\n\t\t\t\t<div class=\"elementor-widget-container\">\n\t\t\t\t\t<div class=\"elementor-spacer\">\n\t\t\t<div class=\"elementor-spacer-inner\"><\/div>\n\t\t<\/div>\n\t\t\t\t<\/div>\n\t\t\t\t<\/div>\n\t\t\t\t<div class=\"elementor-element elementor-element-3ecddd3 elementor-widget elementor-widget-ct_heading\" data-id=\"3ecddd3\" data-element_type=\"widget\" data-widget_type=\"ct_heading.default\">\n\t\t\t\t<div class=\"elementor-widget-container\">\n\t\t\t<div class=\"ct-heading preset1  sub-style2\">\n        <h4 class=\"item--title\">\n        <p id=\"dev\">Personal development<\/p>    <\/h4>\n<\/div>\t\t<\/div>\n\t\t\t\t<\/div>\n\t\t\t\t<div class=\"elementor-element elementor-element-81548e1 elementor-widget elementor-widget-text-editor\" data-id=\"81548e1\" data-element_type=\"widget\" data-widget_type=\"text-editor.default\">\n\t\t\t\t<div class=\"elementor-widget-container\">\n\t\t\t\t\t\t\t\t<div class=\"elementor-text-editor elementor-clearfix\">\n\t\t\t\t<ul><li>Emphasis on civic engagement and a strong sense of responsibility.<\/li><li>A curriculum designed to foster knowledge, critical thinking, and research skills.<\/li><li>Participation in humanitarian projects.<\/li><li>Certification of digital skills through the PIX platform.<\/li><\/ul>\t\t\t\t\t<\/div>\n\t\t\t\t\t\t<\/div>\n\t\t\t\t<\/div>\n\t\t                <\/div>\n                    <\/div>\n        <\/div>\n                                <\/div>\n                    <\/div>\n        <\/section>\n                <section class=\"elementor-section elementor-top-section elementor-element elementor-element-b4d70d0 elementor-section-boxed elementor-section-height-default elementor-section-height-default\" data-id=\"b4d70d0\" data-element_type=\"section\" data-settings=\"{&quot;jet_parallax_layout_list&quot;:[]}\">\n            \n                        <div class=\"elementor-container elementor-column-gap-default\">\n                            <div class=\"elementor-row\">\n                    <div class=\"elementor-column elementor-col-100 elementor-top-column elementor-element elementor-element-bfa5807\" data-id=\"bfa5807\" data-element_type=\"column\">\n            <div class=\"elementor-column-wrap elementor-element-populated\">\n                            <div class=\"elementor-widget-wrap\">\n                \t\t<div class=\"elementor-element elementor-element-9baaeaa elementor-widget elementor-widget-html\" data-id=\"9baaeaa\" data-element_type=\"widget\" data-widget_type=\"html.default\">\n\t\t\t\t<div class=\"elementor-widget-container\">\n\t\t\t<script>\n   document.addEventListener('DOMContentLoaded', () => {\n    \/\/ Utilise un d\u00e9lai pour attendre que le CSS et les \u00e9l\u00e9ments d'Elementor soient enti\u00e8rement charg\u00e9s\n    setTimeout(() => {\n        if (window.location.hash) {\n            const elementId = window.location.hash.substring(1); \/\/ R\u00e9cup\u00e8re l'ID sans le '#'\n            const element = document.getElementById(elementId);\n\n            if (element) {\n                \/\/ D\u00e9file vers l'\u00e9l\u00e9ment et le centre\n                element.scrollIntoView({\n                    behavior: 'smooth',\n                    block: 'center'\n                });\n            }\n        }\n    }, 500); \/\/ D\u00e9lai de 500 ms pour attendre le chargement d'Elementor\n});\n\n\n<\/script>\t\t<\/div>\n\t\t\t\t<\/div>\n\t\t                <\/div>\n                    <\/div>\n        <\/div>\n                                <\/div>\n                    <\/div>\n        <\/section>\n        \t\t\t\t<\/div>\n\t\t\t\t\t\t<\/div>\n\t\t\t\t\t<\/div>","protected":false},"excerpt":{"rendered":"<p>Une passerelle vers tous les syst\u00e8mes \u00e9ducatifs du monde Les \u00e9l\u00e8ves entrant au lyc\u00e9e en classe de Seconde suivent un parcours acad\u00e9mique exclusif menant au SACE International (South Australian Certificate of Education). Le SACEi est l\u2019\u00e9quivalent du Baccalaur\u00e9at fran\u00e7ais et est dispens\u00e9 et certifi\u00e9 enti\u00e8rement en anglais. Le S.A.C.E. International 1 ann\u00e9e pr\u00e9paratoire ax\u00e9e sur [&hellip;]<\/p>","protected":false},"author":1,"featured_media":0,"parent":4492,"menu_order":20,"comment_status":"closed","ping_status":"closed","template":"","meta":[],"acf":[],"yoast_head":"<!-- This site is optimized with the Yoast SEO plugin v18.2 - https:\/\/yoast.com\/wordpress\/plugins\/seo\/ -->\n<title>S.A.C.E. - EIJC - James Cook<\/title>\n<meta name=\"robots\" content=\"index, follow, max-snippet:-1, max-image-preview:large, max-video-preview:-1\" \/>\n<link rel=\"canonical\" href=\"\/en\/enseignements\/sace\/\" \/>\n<meta property=\"og:locale\" content=\"en_US\" \/>\n<meta property=\"og:type\" content=\"article\" \/>\n<meta property=\"og:title\" content=\"S.A.C.E. - EIJC - James Cook\" \/>\n<meta property=\"og:description\" content=\"Une passerelle vers tous les syst\u00e8mes \u00e9ducatifs du monde Les \u00e9l\u00e8ves entrant au lyc\u00e9e en classe de Seconde suivent un parcours acad\u00e9mique exclusif menant au SACE International (South Australian Certificate of Education). Le SACEi est l\u2019\u00e9quivalent du Baccalaur\u00e9at fran\u00e7ais et est dispens\u00e9 et certifi\u00e9 enti\u00e8rement en anglais. Le S.A.C.E. International 1 ann\u00e9e pr\u00e9paratoire ax\u00e9e sur [&hellip;]\" \/>\n<meta property=\"og:url\" content=\"\/en\/enseignements\/sace\/\" \/>\n<meta property=\"og:site_name\" content=\"EIJC - James Cook\" \/>\n<meta property=\"article:modified_time\" content=\"2025-08-12T00:40:51+00:00\" \/>\n<meta property=\"og:image\" content=\"https:\/\/www.eijc.nc\/wp-content\/uploads\/2021\/05\/JCHS-99.jpg\" \/>\n<meta name=\"twitter:card\" content=\"summary_large_image\" \/>\n<script type=\"application\/ld+json\" class=\"yoast-schema-graph\">{\"@context\":\"https:\/\/schema.org\",\"@graph\":[{\"@type\":\"WebSite\",\"@id\":\"https:\/\/www.eijc.nc\/#website\",\"url\":\"https:\/\/www.eijc.nc\/\",\"name\":\"EIJC - James Cook\",\"description\":\"Ecole internationale\",\"potentialAction\":[{\"@type\":\"SearchAction\",\"target\":{\"@type\":\"EntryPoint\",\"urlTemplate\":\"https:\/\/www.eijc.nc\/?s={search_term_string}\"},\"query-input\":\"required name=search_term_string\"}],\"inLanguage\":\"en-NZ\"},{\"@type\":\"ImageObject\",\"@id\":\"https:\/\/www.eijc.nc\/enseignements\/sace\/#primaryimage\",\"inLanguage\":\"en-NZ\",\"url\":\"https:\/\/www.eijc.nc\/wp-content\/uploads\/2021\/05\/JCHS-99.jpg\",\"contentUrl\":\"https:\/\/www.eijc.nc\/wp-content\/uploads\/2021\/05\/JCHS-99.jpg\",\"width\":500,\"height\":333},{\"@type\":\"WebPage\",\"@id\":\"https:\/\/www.eijc.nc\/enseignements\/sace\/#webpage\",\"url\":\"https:\/\/www.eijc.nc\/enseignements\/sace\/\",\"name\":\"S.A.C.E. - EIJC - James Cook\",\"isPartOf\":{\"@id\":\"https:\/\/www.eijc.nc\/#website\"},\"primaryImageOfPage\":{\"@id\":\"https:\/\/www.eijc.nc\/enseignements\/sace\/#primaryimage\"},\"datePublished\":\"2021-02-06T00:16:22+00:00\",\"dateModified\":\"2025-08-12T00:40:51+00:00\",\"breadcrumb\":{\"@id\":\"https:\/\/www.eijc.nc\/enseignements\/sace\/#breadcrumb\"},\"inLanguage\":\"en-NZ\",\"potentialAction\":[{\"@type\":\"ReadAction\",\"target\":[\"https:\/\/www.eijc.nc\/enseignements\/sace\/\"]}]},{\"@type\":\"BreadcrumbList\",\"@id\":\"https:\/\/www.eijc.nc\/enseignements\/sace\/#breadcrumb\",\"itemListElement\":[{\"@type\":\"ListItem\",\"position\":1,\"name\":\"Accueil\",\"item\":\"https:\/\/www.eijc.nc\/\"},{\"@type\":\"ListItem\",\"position\":2,\"name\":\"Enseignements\",\"item\":\"https:\/\/www.eijc.nc\/enseignements\/\"},{\"@type\":\"ListItem\",\"position\":3,\"name\":\"S.A.C.E.\"}]}]}<\/script>\n<!-- \/ Yoast SEO plugin. -->","yoast_head_json":{"title":"S.A.C.E. - EIJC - James Cook","robots":{"index":"index","follow":"follow","max-snippet":"max-snippet:-1","max-image-preview":"max-image-preview:large","max-video-preview":"max-video-preview:-1"},"canonical":"\/en\/enseignements\/sace\/","og_locale":"en_US","og_type":"article","og_title":"S.A.C.E. - EIJC - James Cook","og_description":"Une passerelle vers tous les syst\u00e8mes \u00e9ducatifs du monde Les \u00e9l\u00e8ves entrant au lyc\u00e9e en classe de Seconde suivent un parcours acad\u00e9mique exclusif menant au SACE International (South Australian Certificate of Education). Le SACEi est l\u2019\u00e9quivalent du Baccalaur\u00e9at fran\u00e7ais et est dispens\u00e9 et certifi\u00e9 enti\u00e8rement en anglais. Le S.A.C.E. International 1 ann\u00e9e pr\u00e9paratoire ax\u00e9e sur [&hellip;]","og_url":"\/en\/enseignements\/sace\/","og_site_name":"EIJC - James Cook","article_modified_time":"2025-08-12T00:40:51+00:00","og_image":[{"url":"https:\/\/www.eijc.nc\/wp-content\/uploads\/2021\/05\/JCHS-99.jpg"}],"twitter_card":"summary_large_image","schema":{"@context":"https:\/\/schema.org","@graph":[{"@type":"WebSite","@id":"https:\/\/www.eijc.nc\/#website","url":"https:\/\/www.eijc.nc\/","name":"EIJC - James Cook","description":"Ecole internationale","potentialAction":[{"@type":"SearchAction","target":{"@type":"EntryPoint","urlTemplate":"https:\/\/www.eijc.nc\/?s={search_term_string}"},"query-input":"required name=search_term_string"}],"inLanguage":"en-NZ"},{"@type":"ImageObject","@id":"https:\/\/www.eijc.nc\/enseignements\/sace\/#primaryimage","inLanguage":"en-NZ","url":"https:\/\/www.eijc.nc\/wp-content\/uploads\/2021\/05\/JCHS-99.jpg","contentUrl":"https:\/\/www.eijc.nc\/wp-content\/uploads\/2021\/05\/JCHS-99.jpg","width":500,"height":333},{"@type":"WebPage","@id":"https:\/\/www.eijc.nc\/enseignements\/sace\/#webpage","url":"https:\/\/www.eijc.nc\/enseignements\/sace\/","name":"S.A.C.E. - EIJC - James Cook","isPartOf":{"@id":"https:\/\/www.eijc.nc\/#website"},"primaryImageOfPage":{"@id":"https:\/\/www.eijc.nc\/enseignements\/sace\/#primaryimage"},"datePublished":"2021-02-06T00:16:22+00:00","dateModified":"2025-08-12T00:40:51+00:00","breadcrumb":{"@id":"https:\/\/www.eijc.nc\/enseignements\/sace\/#breadcrumb"},"inLanguage":"en-NZ","potentialAction":[{"@type":"ReadAction","target":["https:\/\/www.eijc.nc\/enseignements\/sace\/"]}]},{"@type":"BreadcrumbList","@id":"https:\/\/www.eijc.nc\/enseignements\/sace\/#breadcrumb","itemListElement":[{"@type":"ListItem","position":1,"name":"Accueil","item":"https:\/\/www.eijc.nc\/"},{"@type":"ListItem","position":2,"name":"Enseignements","item":"https:\/\/www.eijc.nc\/enseignements\/"},{"@type":"ListItem","position":3,"name":"S.A.C.E."}]}]}},"_links":{"self":[{"href":"\/en\/wp-json\/wp\/v2\/pages\/4479"}],"collection":[{"href":"\/en\/wp-json\/wp\/v2\/pages"}],"about":[{"href":"\/en\/wp-json\/wp\/v2\/types\/page"}],"author":[{"embeddable":true,"href":"\/en\/wp-json\/wp\/v2\/users\/1"}],"replies":[{"embeddable":true,"href":"\/en\/wp-json\/wp\/v2\/comments?post=4479"}],"version-history":[{"count":20,"href":"\/en\/wp-json\/wp\/v2\/pages\/4479\/revisions"}],"predecessor-version":[{"id":9001,"href":"\/en\/wp-json\/wp\/v2\/pages\/4479\/revisions\/9001"}],"up":[{"embeddable":true,"href":"\/en\/wp-json\/wp\/v2\/pages\/4492"}],"wp:attachment":[{"href":"\/en\/wp-json\/wp\/v2\/media?parent=4479"}],"curies":[{"name":"wp","href":"https:\/\/api.w.org\/{rel}","templated":true}]}}