{"id":4448,"date":"2021-02-06T00:48:46","date_gmt":"2021-02-05T23:48:46","guid":{"rendered":"https:\/\/www.eijc.nc\/?page_id=4448"},"modified":"2021-02-06T01:38:41","modified_gmt":"2021-02-06T00:38:41","slug":"les-diplomes","status":"publish","type":"page","link":"\/en\/enseignements\/les-diplomes\/","title":{"rendered":"Les dipl\u00f4mes"},"content":{"rendered":"<div data-elementor-type=\"wp-page\" data-elementor-id=\"4448\" class=\"elementor elementor-4448\" data-elementor-settings=\"[]\">\n\t\t\t\t\t\t<div class=\"elementor-inner\">\n\t\t\t\t\t\t\t<div class=\"elementor-section-wrap\">\n\t\t\t\t\t        <section class=\"elementor-section elementor-top-section elementor-element elementor-element-0208f84 elementor-section-boxed elementor-section-height-default elementor-section-height-default\" data-id=\"0208f84\" data-element_type=\"section\" data-settings=\"{&quot;jet_parallax_layout_list&quot;:[{&quot;jet_parallax_layout_image&quot;:{&quot;url&quot;:&quot;&quot;,&quot;id&quot;:&quot;&quot;},&quot;_id&quot;:&quot;b5fa22e&quot;,&quot;jet_parallax_layout_image_tablet&quot;:{&quot;url&quot;:&quot;&quot;,&quot;id&quot;:&quot;&quot;},&quot;jet_parallax_layout_image_mobile&quot;:{&quot;url&quot;:&quot;&quot;,&quot;id&quot;:&quot;&quot;},&quot;jet_parallax_layout_speed&quot;:{&quot;unit&quot;:&quot;%&quot;,&quot;size&quot;:50,&quot;sizes&quot;:[]},&quot;jet_parallax_layout_type&quot;:&quot;scroll&quot;,&quot;jet_parallax_layout_direction&quot;:null,&quot;jet_parallax_layout_fx_direction&quot;:null,&quot;jet_parallax_layout_z_index&quot;:&quot;&quot;,&quot;jet_parallax_layout_bg_x&quot;:50,&quot;jet_parallax_layout_bg_x_tablet&quot;:&quot;&quot;,&quot;jet_parallax_layout_bg_x_mobile&quot;:&quot;&quot;,&quot;jet_parallax_layout_bg_y&quot;:50,&quot;jet_parallax_layout_bg_y_tablet&quot;:&quot;&quot;,&quot;jet_parallax_layout_bg_y_mobile&quot;:&quot;&quot;,&quot;jet_parallax_layout_bg_size&quot;:&quot;auto&quot;,&quot;jet_parallax_layout_bg_size_tablet&quot;:&quot;&quot;,&quot;jet_parallax_layout_bg_size_mobile&quot;:&quot;&quot;,&quot;jet_parallax_layout_animation_prop&quot;:&quot;transform&quot;,&quot;jet_parallax_layout_on&quot;:[&quot;desktop&quot;,&quot;tablet&quot;]}]}\">\n            \n                        <div class=\"elementor-container elementor-column-gap-default\">\n                            <div class=\"elementor-row\">\n                    <div class=\"elementor-column elementor-col-100 elementor-top-column elementor-element elementor-element-bb89fa1\" data-id=\"bb89fa1\" data-element_type=\"column\">\n            <div class=\"elementor-column-wrap elementor-element-populated\">\n                            <div class=\"elementor-widget-wrap\">\n                \t\t<div class=\"elementor-element elementor-element-daf1f2c elementor-widget elementor-widget-ct_heading\" data-id=\"daf1f2c\" data-element_type=\"widget\" data-widget_type=\"ct_heading.default\">\n\t\t\t\t<div class=\"elementor-widget-container\">\n\t\t\t<div class=\"ct-heading preset1  sub-style2\">\n            <div class=\"item--sub-title line-style2\">Passer diff\u00e9rents concours tout au long de l\u2019ann\u00e9e<\/div>\n        <h3 class=\"item--title\">\n        <br \/>L\u2019Ecole Internationale James Cook propose \u00e0 ses \u00e9l\u00e8ves de passer diff\u00e9rents\ndipl\u00f4mes tout au long de leur scolarit\u00e9.    <\/h3>\n<\/div>\t\t<\/div>\n\t\t\t\t<\/div>\n\t\t                <\/div>\n                    <\/div>\n        <\/div>\n                                <\/div>\n                    <\/div>\n        <\/section>\n                <section class=\"elementor-section elementor-top-section elementor-element elementor-element-48c6c9f elementor-section-stretched elementor-section-full_width elementor-section-content-bottom elementor-section-height-default elementor-section-height-default\" data-id=\"48c6c9f\" data-element_type=\"section\" data-settings=\"{&quot;stretch_section&quot;:&quot;section-stretched&quot;,&quot;background_background&quot;:&quot;classic&quot;,&quot;jet_parallax_layout_list&quot;:[{&quot;jet_parallax_layout_image&quot;:{&quot;url&quot;:&quot;&quot;,&quot;id&quot;:&quot;&quot;},&quot;_id&quot;:&quot;d6a2d80&quot;,&quot;jet_parallax_layout_image_tablet&quot;:{&quot;url&quot;:&quot;&quot;,&quot;id&quot;:&quot;&quot;},&quot;jet_parallax_layout_image_mobile&quot;:{&quot;url&quot;:&quot;&quot;,&quot;id&quot;:&quot;&quot;},&quot;jet_parallax_layout_speed&quot;:{&quot;unit&quot;:&quot;%&quot;,&quot;size&quot;:50,&quot;sizes&quot;:[]},&quot;jet_parallax_layout_type&quot;:&quot;scroll&quot;,&quot;jet_parallax_layout_direction&quot;:null,&quot;jet_parallax_layout_fx_direction&quot;:null,&quot;jet_parallax_layout_z_index&quot;:&quot;&quot;,&quot;jet_parallax_layout_bg_x&quot;:50,&quot;jet_parallax_layout_bg_x_tablet&quot;:&quot;&quot;,&quot;jet_parallax_layout_bg_x_mobile&quot;:&quot;&quot;,&quot;jet_parallax_layout_bg_y&quot;:50,&quot;jet_parallax_layout_bg_y_tablet&quot;:&quot;&quot;,&quot;jet_parallax_layout_bg_y_mobile&quot;:&quot;&quot;,&quot;jet_parallax_layout_bg_size&quot;:&quot;auto&quot;,&quot;jet_parallax_layout_bg_size_tablet&quot;:&quot;&quot;,&quot;jet_parallax_layout_bg_size_mobile&quot;:&quot;&quot;,&quot;jet_parallax_layout_animation_prop&quot;:&quot;transform&quot;,&quot;jet_parallax_layout_on&quot;:[&quot;desktop&quot;,&quot;tablet&quot;]}]}\">\n            \n                        <div class=\"elementor-container elementor-column-gap-no\">\n                            <div class=\"elementor-row\">\n                    <div class=\"elementor-column elementor-col-50 elementor-top-column elementor-element elementor-element-5fd50f2 col-offset-left\" data-id=\"5fd50f2\" data-element_type=\"column\" data-settings=\"{&quot;background_background&quot;:&quot;classic&quot;}\">\n            <div class=\"elementor-column-wrap elementor-element-populated\">\n                            <div class=\"elementor-widget-wrap\">\n                \t\t<div class=\"elementor-element elementor-element-f604f32 elementor-widget elementor-widget-ct_heading\" data-id=\"f604f32\" data-element_type=\"widget\" data-widget_type=\"ct_heading.default\">\n\t\t\t\t<div class=\"elementor-widget-container\">\n\t\t\t<div class=\"ct-heading preset1  sub-style2\">\n        <h4 class=\"item--title\">\n        Language Passport    <\/h4>\n<\/div>\t\t<\/div>\n\t\t\t\t<\/div>\n\t\t\t\t<div class=\"elementor-element elementor-element-11ccc46 elementor-widget elementor-widget-text-editor\" data-id=\"11ccc46\" data-element_type=\"widget\" data-widget_type=\"text-editor.default\">\n\t\t\t\t<div class=\"elementor-widget-container\">\n\t\t\t\t\t\t\t\t<div class=\"elementor-text-editor elementor-clearfix\">\n\t\t\t\t<p>En tant qu\u2019\u00e9cole bilingue, chaque ann\u00e9e, nous \u00e9valuons nos \u00e9l\u00e8ves sur la base du Cadre Europ\u00e9en Commun de R\u00e9f\u00e9rence pour les langues qui d\u00e9finit les niveaux de langue acquis par les \u00e9l\u00e8ves. en fin d\u2019ann\u00e9e, <b>l\u2019\u00e9cole dispose d\u2019un \u00ab Language Passport \u00bb attestant du niveau d\u2019anglais de l\u2019\u00e9l\u00e8ve<\/b>.<\/p>\t\t\t\t\t<\/div>\n\t\t\t\t\t\t<\/div>\n\t\t\t\t<\/div>\n\t\t\t\t<div class=\"elementor-element elementor-element-a3e8264 elementor-widget elementor-widget-spacer\" data-id=\"a3e8264\" data-element_type=\"widget\" data-widget_type=\"spacer.default\">\n\t\t\t\t<div class=\"elementor-widget-container\">\n\t\t\t\t\t<div class=\"elementor-spacer\">\n\t\t\t<div class=\"elementor-spacer-inner\"><\/div>\n\t\t<\/div>\n\t\t\t\t<\/div>\n\t\t\t\t<\/div>\n\t\t\t\t<div class=\"elementor-element elementor-element-630bf1d elementor-widget elementor-widget-ct_heading\" data-id=\"630bf1d\" data-element_type=\"widget\" data-widget_type=\"ct_heading.default\">\n\t\t\t\t<div class=\"elementor-widget-container\">\n\t\t\t<div class=\"ct-heading preset1  sub-style2\">\n        <h4 class=\"item--title\">\n        Pix    <\/h4>\n<\/div>\t\t<\/div>\n\t\t\t\t<\/div>\n\t\t\t\t<div class=\"elementor-element elementor-element-f9322b9 elementor-widget elementor-widget-text-editor\" data-id=\"f9322b9\" data-element_type=\"widget\" data-widget_type=\"text-editor.default\">\n\t\t\t\t<div class=\"elementor-widget-container\">\n\t\t\t\t\t\t\t\t<div class=\"elementor-text-editor elementor-clearfix\">\n\t\t\t\t<p><b>La certification num\u00e9rique : Pix<\/b> est la garantie d\u2019une certification d\u2019un niveau de comp\u00e9tence au niveau national : elle s\u2019appuie sur le\u00a0<span style=\"color: inherit; font-family: inherit; font-weight: inherit; letter-spacing: 0px;\">\u00ab<\/span><span style=\"color: inherit; font-family: inherit; font-weight: inherit; letter-spacing: 0px;\">\u00a0<\/span><span style=\"color: inherit; font-family: inherit; font-weight: inherit; letter-spacing: 0px;\">Cadre de R\u00e9f\u00e9rence des Comp\u00e9tences Num\u00e9riques<\/span><span style=\"color: inherit; font-family: inherit; font-weight: inherit; letter-spacing: 0px;\">\u00a0<\/span><span style=\"color: inherit; font-family: inherit; font-weight: inherit; letter-spacing: 0px;\">\u00bb<\/span><span style=\"color: inherit; font-family: inherit; font-weight: inherit; letter-spacing: 0px;\">\u00a0et sera pass\u00e9e par 100% des coll\u00e9giens et lyc\u00e9ens, assurant ainsi sa reconnaissance d\u2019un \u00e9tablissement \u00e0 un autre et dans le monde professionnel.<\/span><\/p>\t\t\t\t\t<\/div>\n\t\t\t\t\t\t<\/div>\n\t\t\t\t<\/div>\n\t\t\t\t<div class=\"elementor-element elementor-element-08d7beb elementor-widget elementor-widget-spacer\" data-id=\"08d7beb\" data-element_type=\"widget\" data-widget_type=\"spacer.default\">\n\t\t\t\t<div class=\"elementor-widget-container\">\n\t\t\t\t\t<div class=\"elementor-spacer\">\n\t\t\t<div class=\"elementor-spacer-inner\"><\/div>\n\t\t<\/div>\n\t\t\t\t<\/div>\n\t\t\t\t<\/div>\n\t\t\t\t<div class=\"elementor-element elementor-element-18babe1 elementor-widget elementor-widget-ct_heading\" data-id=\"18babe1\" data-element_type=\"widget\" data-widget_type=\"ct_heading.default\">\n\t\t\t\t<div class=\"elementor-widget-container\">\n\t\t\t<div class=\"ct-heading preset1  sub-style2\">\n        <h4 class=\"item--title\">\n        ASSR1    <\/h4>\n<\/div>\t\t<\/div>\n\t\t\t\t<\/div>\n\t\t\t\t<div class=\"elementor-element elementor-element-0de421c elementor-widget elementor-widget-text-editor\" data-id=\"0de421c\" data-element_type=\"widget\" data-widget_type=\"text-editor.default\">\n\t\t\t\t<div class=\"elementor-widget-container\">\n\t\t\t\t\t\t\t\t<div class=\"elementor-text-editor elementor-clearfix\">\n\t\t\t\t<p>Les 5\u00e8mes passe l\u2019<b>Attestation Scolaire de S\u00e9curit\u00e9 Routi\u00e8re de niveau 1 (ASSR1)<\/b>.<\/p>\t\t\t\t\t<\/div>\n\t\t\t\t\t\t<\/div>\n\t\t\t\t<\/div>\n\t\t\t\t<div class=\"elementor-element elementor-element-2468f8d elementor-widget elementor-widget-spacer\" data-id=\"2468f8d\" data-element_type=\"widget\" data-widget_type=\"spacer.default\">\n\t\t\t\t<div class=\"elementor-widget-container\">\n\t\t\t\t\t<div class=\"elementor-spacer\">\n\t\t\t<div class=\"elementor-spacer-inner\"><\/div>\n\t\t<\/div>\n\t\t\t\t<\/div>\n\t\t\t\t<\/div>\n\t\t                <\/div>\n                    <\/div>\n        <\/div>\n                <div class=\"elementor-column elementor-col-50 elementor-top-column elementor-element elementor-element-18bd279 col-offset-right\" data-id=\"18bd279\" data-element_type=\"column\">\n            <div class=\"elementor-column-wrap elementor-element-populated\">\n                            <div class=\"elementor-widget-wrap\">\n                \t\t<div class=\"elementor-element elementor-element-6560f64 elementor-widget elementor-widget-ct_heading\" data-id=\"6560f64\" data-element_type=\"widget\" data-widget_type=\"ct_heading.default\">\n\t\t\t\t<div class=\"elementor-widget-container\">\n\t\t\t<div class=\"ct-heading preset1  sub-style2\">\n        <h4 class=\"item--title\">\n        PSC1    <\/h4>\n<\/div>\t\t<\/div>\n\t\t\t\t<\/div>\n\t\t\t\t<div class=\"elementor-element elementor-element-e467406 elementor-widget elementor-widget-text-editor\" data-id=\"e467406\" data-element_type=\"widget\" data-widget_type=\"text-editor.default\">\n\t\t\t\t<div class=\"elementor-widget-container\">\n\t\t\t\t\t\t\t\t<div class=\"elementor-text-editor elementor-clearfix\">\n\t\t\t\t<p>Les 4\u00e8mes suivront la formation <b>Pr\u00e9vention et Secours Civiques de niveau 1 (PSC1)<\/b>, formation de bases aux premiers secours.<\/p>\t\t\t\t\t<\/div>\n\t\t\t\t\t\t<\/div>\n\t\t\t\t<\/div>\n\t\t\t\t<div class=\"elementor-element elementor-element-8cfdbd4 elementor-widget elementor-widget-spacer\" data-id=\"8cfdbd4\" data-element_type=\"widget\" data-widget_type=\"spacer.default\">\n\t\t\t\t<div class=\"elementor-widget-container\">\n\t\t\t\t\t<div class=\"elementor-spacer\">\n\t\t\t<div class=\"elementor-spacer-inner\"><\/div>\n\t\t<\/div>\n\t\t\t\t<\/div>\n\t\t\t\t<\/div>\n\t\t\t\t<div class=\"elementor-element elementor-element-da9faf8 elementor-widget elementor-widget-ct_heading\" data-id=\"da9faf8\" data-element_type=\"widget\" data-widget_type=\"ct_heading.default\">\n\t\t\t\t<div class=\"elementor-widget-container\">\n\t\t\t<div class=\"ct-heading preset1  sub-style2\">\n        <h4 class=\"item--title\">\n        DNB    <\/h4>\n<\/div>\t\t<\/div>\n\t\t\t\t<\/div>\n\t\t\t\t<div class=\"elementor-element elementor-element-7bada2a elementor-widget elementor-widget-text-editor\" data-id=\"7bada2a\" data-element_type=\"widget\" data-widget_type=\"text-editor.default\">\n\t\t\t\t<div class=\"elementor-widget-container\">\n\t\t\t\t\t\t\t\t<div class=\"elementor-text-editor elementor-clearfix\">\n\t\t\t\t<p>En 3\u00e8me, les \u00e9l\u00e8ves passeront le <b>Dipl\u00f4me National du Brevet (DNB)<\/b> qui \u00e9value les connaissances et les comp\u00e9tences acquises \u00e0 la fin du coll\u00e8ge. Chaque ann\u00e9e, l\u2019EIJC enregistre un taux de r\u00e9ussite au DNB variant entre 98 et 100%.<\/p>\t\t\t\t\t<\/div>\n\t\t\t\t\t\t<\/div>\n\t\t\t\t<\/div>\n\t\t\t\t<div class=\"elementor-element elementor-element-c60240c elementor-widget elementor-widget-spacer\" data-id=\"c60240c\" data-element_type=\"widget\" data-widget_type=\"spacer.default\">\n\t\t\t\t<div class=\"elementor-widget-container\">\n\t\t\t\t\t<div class=\"elementor-spacer\">\n\t\t\t<div class=\"elementor-spacer-inner\"><\/div>\n\t\t<\/div>\n\t\t\t\t<\/div>\n\t\t\t\t<\/div>\n\t\t\t\t<div class=\"elementor-element elementor-element-18bc4e0 elementor-widget elementor-widget-ct_heading\" data-id=\"18bc4e0\" data-element_type=\"widget\" data-widget_type=\"ct_heading.default\">\n\t\t\t\t<div class=\"elementor-widget-container\">\n\t\t\t<div class=\"ct-heading preset1  sub-style2\">\n        <h4 class=\"item--title\">\n        ASSR2    <\/h4>\n<\/div>\t\t<\/div>\n\t\t\t\t<\/div>\n\t\t\t\t<div class=\"elementor-element elementor-element-cced665 elementor-widget elementor-widget-text-editor\" data-id=\"cced665\" data-element_type=\"widget\" data-widget_type=\"text-editor.default\">\n\t\t\t\t<div class=\"elementor-widget-container\">\n\t\t\t\t\t\t\t\t<div class=\"elementor-text-editor elementor-clearfix\">\n\t\t\t\t<p>Les 3\u00e8mes passeront \u00e9galement l\u2019<b>Attestation Scolaire de S\u00e9curit\u00e9 Routi\u00e8re de niveau 2 (ASSR2)<\/b>.<\/p>\t\t\t\t\t<\/div>\n\t\t\t\t\t\t<\/div>\n\t\t\t\t<\/div>\n\t\t\t\t<div class=\"elementor-element elementor-element-cd465f4 elementor-widget elementor-widget-spacer\" data-id=\"cd465f4\" data-element_type=\"widget\" data-widget_type=\"spacer.default\">\n\t\t\t\t<div class=\"elementor-widget-container\">\n\t\t\t\t\t<div class=\"elementor-spacer\">\n\t\t\t<div class=\"elementor-spacer-inner\"><\/div>\n\t\t<\/div>\n\t\t\t\t<\/div>\n\t\t\t\t<\/div>\n\t\t\t\t<div class=\"elementor-element elementor-element-af94757 elementor-widget elementor-widget-ct_heading\" data-id=\"af94757\" data-element_type=\"widget\" data-widget_type=\"ct_heading.default\">\n\t\t\t\t<div class=\"elementor-widget-container\">\n\t\t\t<div class=\"ct-heading preset1  sub-style2\">\n        <h4 class=\"item--title\">\n        S.A.C.E.    <\/h4>\n<\/div>\t\t<\/div>\n\t\t\t\t<\/div>\n\t\t\t\t<div class=\"elementor-element elementor-element-c554f14 elementor-widget elementor-widget-text-editor\" data-id=\"c554f14\" data-element_type=\"widget\" data-widget_type=\"text-editor.default\">\n\t\t\t\t<div class=\"elementor-widget-container\">\n\t\t\t\t\t\t\t\t<div class=\"elementor-text-editor elementor-clearfix\">\n\t\t\t\t<p>Depuis 2020, le Coll\u00e8ge et Lyc\u00e9e pr\u00e9pare ses \u00e9l\u00e8ves \u00e0 un Dipl\u00f4me de fin d\u2019Etudes dispens\u00e9 en anglais et valid\u00e9 par le Gouvernement Australien : le <b>S.AC.E<\/b>.<\/p>\t\t\t\t\t<\/div>\n\t\t\t\t\t\t<\/div>\n\t\t\t\t<\/div>\n\t\t                <\/div>\n                    <\/div>\n        <\/div>\n                                <\/div>\n                    <\/div>\n        <\/section>\n        \t\t\t\t<\/div>\n\t\t\t\t\t\t<\/div>\n\t\t\t\t\t<\/div>","protected":false},"excerpt":{"rendered":"<p>Passer diff\u00e9rents concours tout au long de l\u2019ann\u00e9e L\u2019Ecole Internationale James Cook propose \u00e0 ses \u00e9l\u00e8ves de passer diff\u00e9rents dipl\u00f4mes tout au long de leur scolarit\u00e9. Language Passport En tant qu\u2019\u00e9cole bilingue, chaque ann\u00e9e, nous \u00e9valuons nos \u00e9l\u00e8ves sur la base du Cadre Europ\u00e9en Commun de R\u00e9f\u00e9rence pour les langues qui d\u00e9finit les niveaux de [&hellip;]<\/p>","protected":false},"author":1,"featured_media":0,"parent":4492,"menu_order":21,"comment_status":"closed","ping_status":"closed","template":"","meta":[],"acf":[],"yoast_head":"<!-- This site is optimized with the Yoast SEO plugin v18.2 - https:\/\/yoast.com\/wordpress\/plugins\/seo\/ -->\n<title>Les dipl\u00f4mes - EIJC - James Cook<\/title>\n<meta name=\"robots\" content=\"index, follow, max-snippet:-1, max-image-preview:large, max-video-preview:-1\" \/>\n<link rel=\"canonical\" href=\"\/en\/enseignements\/les-diplomes\/\" \/>\n<meta property=\"og:locale\" content=\"en_US\" \/>\n<meta property=\"og:type\" content=\"article\" \/>\n<meta property=\"og:title\" content=\"Les dipl\u00f4mes - EIJC - James Cook\" \/>\n<meta property=\"og:description\" content=\"Passer diff\u00e9rents concours tout au long de l\u2019ann\u00e9e L\u2019Ecole Internationale James Cook propose \u00e0 ses \u00e9l\u00e8ves de passer diff\u00e9rents dipl\u00f4mes tout au long de leur scolarit\u00e9. Language Passport En tant qu\u2019\u00e9cole bilingue, chaque ann\u00e9e, nous \u00e9valuons nos \u00e9l\u00e8ves sur la base du Cadre Europ\u00e9en Commun de R\u00e9f\u00e9rence pour les langues qui d\u00e9finit les niveaux de [&hellip;]\" \/>\n<meta property=\"og:url\" content=\"\/en\/enseignements\/les-diplomes\/\" \/>\n<meta property=\"og:site_name\" content=\"EIJC - James Cook\" \/>\n<meta property=\"article:modified_time\" content=\"2021-02-06T00:38:41+00:00\" \/>\n<meta name=\"twitter:card\" content=\"summary_large_image\" \/>\n<script type=\"application\/ld+json\" class=\"yoast-schema-graph\">{\"@context\":\"https:\/\/schema.org\",\"@graph\":[{\"@type\":\"WebSite\",\"@id\":\"https:\/\/www.eijc.nc\/#website\",\"url\":\"https:\/\/www.eijc.nc\/\",\"name\":\"EIJC - James Cook\",\"description\":\"Ecole internationale\",\"potentialAction\":[{\"@type\":\"SearchAction\",\"target\":{\"@type\":\"EntryPoint\",\"urlTemplate\":\"https:\/\/www.eijc.nc\/?s={search_term_string}\"},\"query-input\":\"required name=search_term_string\"}],\"inLanguage\":\"en-NZ\"},{\"@type\":\"WebPage\",\"@id\":\"https:\/\/www.eijc.nc\/enseignements\/les-diplomes\/#webpage\",\"url\":\"https:\/\/www.eijc.nc\/enseignements\/les-diplomes\/\",\"name\":\"Les dipl\u00f4mes - EIJC - James Cook\",\"isPartOf\":{\"@id\":\"https:\/\/www.eijc.nc\/#website\"},\"datePublished\":\"2021-02-05T23:48:46+00:00\",\"dateModified\":\"2021-02-06T00:38:41+00:00\",\"breadcrumb\":{\"@id\":\"https:\/\/www.eijc.nc\/enseignements\/les-diplomes\/#breadcrumb\"},\"inLanguage\":\"en-NZ\",\"potentialAction\":[{\"@type\":\"ReadAction\",\"target\":[\"https:\/\/www.eijc.nc\/enseignements\/les-diplomes\/\"]}]},{\"@type\":\"BreadcrumbList\",\"@id\":\"https:\/\/www.eijc.nc\/enseignements\/les-diplomes\/#breadcrumb\",\"itemListElement\":[{\"@type\":\"ListItem\",\"position\":1,\"name\":\"Accueil\",\"item\":\"https:\/\/www.eijc.nc\/\"},{\"@type\":\"ListItem\",\"position\":2,\"name\":\"Enseignements\",\"item\":\"https:\/\/www.eijc.nc\/enseignements\/\"},{\"@type\":\"ListItem\",\"position\":3,\"name\":\"Les dipl\u00f4mes\"}]}]}<\/script>\n<!-- \/ Yoast SEO plugin. -->","yoast_head_json":{"title":"Les dipl\u00f4mes - EIJC - James Cook","robots":{"index":"index","follow":"follow","max-snippet":"max-snippet:-1","max-image-preview":"max-image-preview:large","max-video-preview":"max-video-preview:-1"},"canonical":"\/en\/enseignements\/les-diplomes\/","og_locale":"en_US","og_type":"article","og_title":"Les dipl\u00f4mes - EIJC - James Cook","og_description":"Passer diff\u00e9rents concours tout au long de l\u2019ann\u00e9e L\u2019Ecole Internationale James Cook propose \u00e0 ses \u00e9l\u00e8ves de passer diff\u00e9rents dipl\u00f4mes tout au long de leur scolarit\u00e9. Language Passport En tant qu\u2019\u00e9cole bilingue, chaque ann\u00e9e, nous \u00e9valuons nos \u00e9l\u00e8ves sur la base du Cadre Europ\u00e9en Commun de R\u00e9f\u00e9rence pour les langues qui d\u00e9finit les niveaux de [&hellip;]","og_url":"\/en\/enseignements\/les-diplomes\/","og_site_name":"EIJC - James Cook","article_modified_time":"2021-02-06T00:38:41+00:00","twitter_card":"summary_large_image","schema":{"@context":"https:\/\/schema.org","@graph":[{"@type":"WebSite","@id":"https:\/\/www.eijc.nc\/#website","url":"https:\/\/www.eijc.nc\/","name":"EIJC - James Cook","description":"Ecole internationale","potentialAction":[{"@type":"SearchAction","target":{"@type":"EntryPoint","urlTemplate":"https:\/\/www.eijc.nc\/?s={search_term_string}"},"query-input":"required name=search_term_string"}],"inLanguage":"en-NZ"},{"@type":"WebPage","@id":"https:\/\/www.eijc.nc\/enseignements\/les-diplomes\/#webpage","url":"https:\/\/www.eijc.nc\/enseignements\/les-diplomes\/","name":"Les dipl\u00f4mes - EIJC - James Cook","isPartOf":{"@id":"https:\/\/www.eijc.nc\/#website"},"datePublished":"2021-02-05T23:48:46+00:00","dateModified":"2021-02-06T00:38:41+00:00","breadcrumb":{"@id":"https:\/\/www.eijc.nc\/enseignements\/les-diplomes\/#breadcrumb"},"inLanguage":"en-NZ","potentialAction":[{"@type":"ReadAction","target":["https:\/\/www.eijc.nc\/enseignements\/les-diplomes\/"]}]},{"@type":"BreadcrumbList","@id":"https:\/\/www.eijc.nc\/enseignements\/les-diplomes\/#breadcrumb","itemListElement":[{"@type":"ListItem","position":1,"name":"Accueil","item":"https:\/\/www.eijc.nc\/"},{"@type":"ListItem","position":2,"name":"Enseignements","item":"https:\/\/www.eijc.nc\/enseignements\/"},{"@type":"ListItem","position":3,"name":"Les dipl\u00f4mes"}]}]}},"_links":{"self":[{"href":"\/en\/wp-json\/wp\/v2\/pages\/4448"}],"collection":[{"href":"\/en\/wp-json\/wp\/v2\/pages"}],"about":[{"href":"\/en\/wp-json\/wp\/v2\/types\/page"}],"author":[{"embeddable":true,"href":"\/en\/wp-json\/wp\/v2\/users\/1"}],"replies":[{"embeddable":true,"href":"\/en\/wp-json\/wp\/v2\/comments?post=4448"}],"version-history":[{"count":29,"href":"\/en\/wp-json\/wp\/v2\/pages\/4448\/revisions"}],"predecessor-version":[{"id":4501,"href":"\/en\/wp-json\/wp\/v2\/pages\/4448\/revisions\/4501"}],"up":[{"embeddable":true,"href":"\/en\/wp-json\/wp\/v2\/pages\/4492"}],"wp:attachment":[{"href":"\/en\/wp-json\/wp\/v2\/media?parent=4448"}],"curies":[{"name":"wp","href":"https:\/\/api.w.org\/{rel}","templated":true}]}}