{"id":4432,"date":"2021-02-06T00:31:39","date_gmt":"2021-02-05T23:31:39","guid":{"rendered":"https:\/\/www.eijc.nc\/?page_id=4432"},"modified":"2025-08-12T11:48:57","modified_gmt":"2025-08-12T00:48:57","slug":"sae-sports-arts-etudes","status":"publish","type":"page","link":"\/en\/enseignements\/sae-sports-arts-etudes\/","title":{"rendered":"SAE \u2013 Sports-Arts Etudes"},"content":{"rendered":"<div data-elementor-type=\"wp-page\" data-elementor-id=\"4432\" class=\"elementor elementor-4432\" data-elementor-settings=\"[]\">\n\t\t\t\t\t\t<div class=\"elementor-inner\">\n\t\t\t\t\t\t\t<div class=\"elementor-section-wrap\">\n\t\t\t\t\t        <section class=\"elementor-section elementor-top-section elementor-element elementor-element-48c6c9f elementor-section-stretched elementor-section-full_width elementor-section-content-bottom elementor-section-height-default elementor-section-height-default\" data-id=\"48c6c9f\" data-element_type=\"section\" data-settings=\"{&quot;stretch_section&quot;:&quot;section-stretched&quot;,&quot;background_background&quot;:&quot;classic&quot;,&quot;jet_parallax_layout_list&quot;:[{&quot;jet_parallax_layout_image&quot;:{&quot;url&quot;:&quot;&quot;,&quot;id&quot;:&quot;&quot;},&quot;_id&quot;:&quot;d6a2d80&quot;,&quot;jet_parallax_layout_image_tablet&quot;:{&quot;url&quot;:&quot;&quot;,&quot;id&quot;:&quot;&quot;},&quot;jet_parallax_layout_image_mobile&quot;:{&quot;url&quot;:&quot;&quot;,&quot;id&quot;:&quot;&quot;},&quot;jet_parallax_layout_speed&quot;:{&quot;unit&quot;:&quot;%&quot;,&quot;size&quot;:50,&quot;sizes&quot;:[]},&quot;jet_parallax_layout_type&quot;:&quot;scroll&quot;,&quot;jet_parallax_layout_direction&quot;:null,&quot;jet_parallax_layout_fx_direction&quot;:null,&quot;jet_parallax_layout_z_index&quot;:&quot;&quot;,&quot;jet_parallax_layout_bg_x&quot;:50,&quot;jet_parallax_layout_bg_x_tablet&quot;:&quot;&quot;,&quot;jet_parallax_layout_bg_x_mobile&quot;:&quot;&quot;,&quot;jet_parallax_layout_bg_y&quot;:50,&quot;jet_parallax_layout_bg_y_tablet&quot;:&quot;&quot;,&quot;jet_parallax_layout_bg_y_mobile&quot;:&quot;&quot;,&quot;jet_parallax_layout_bg_size&quot;:&quot;auto&quot;,&quot;jet_parallax_layout_bg_size_tablet&quot;:&quot;&quot;,&quot;jet_parallax_layout_bg_size_mobile&quot;:&quot;&quot;,&quot;jet_parallax_layout_animation_prop&quot;:&quot;transform&quot;,&quot;jet_parallax_layout_on&quot;:[&quot;desktop&quot;,&quot;tablet&quot;]}]}\">\n            \n                        <div class=\"elementor-container elementor-column-gap-no\">\n                            <div class=\"elementor-row\">\n                    <div class=\"elementor-column elementor-col-50 elementor-top-column elementor-element elementor-element-5fd50f2\" data-id=\"5fd50f2\" data-element_type=\"column\" data-settings=\"{&quot;background_background&quot;:&quot;classic&quot;}\">\n            <div class=\"elementor-column-wrap elementor-element-populated\">\n                            <div class=\"elementor-widget-wrap\">\n                \t\t<div class=\"elementor-element elementor-element-f93df28 elementor-widget elementor-widget-spacer\" data-id=\"f93df28\" data-element_type=\"widget\" data-widget_type=\"spacer.default\">\n\t\t\t\t<div class=\"elementor-widget-container\">\n\t\t\t\t\t<div class=\"elementor-spacer\">\n\t\t\t<div class=\"elementor-spacer-inner\"><\/div>\n\t\t<\/div>\n\t\t\t\t<\/div>\n\t\t\t\t<\/div>\n\t\t\t\t<div class=\"elementor-element elementor-element-969bb2b elementor-widget elementor-widget-image\" data-id=\"969bb2b\" data-element_type=\"widget\" data-widget_type=\"image.default\">\n\t\t\t\t<div class=\"elementor-widget-container\">\n\t\t\t\t\t\t\t\t<div class=\"elementor-image\">\n\t\t\t\t\t\t\t\t\t\t\t\t<img width=\"500\" height=\"708\" src=\"https:\/\/www.eijc.nc\/wp-content\/uploads\/2021\/02\/sae.jpg\" class=\"attachment-large size-large\" alt=\"\" loading=\"lazy\" srcset=\"https:\/\/www.eijc.nc\/wp-content\/uploads\/2021\/02\/sae.jpg 500w, https:\/\/www.eijc.nc\/wp-content\/uploads\/2021\/02\/sae-212x300.jpg 212w\" sizes=\"(max-width: 500px) 100vw, 500px\" \/>\t\t\t\t\t\t\t\t\t\t\t\t\t\t<\/div>\n\t\t\t\t\t\t<\/div>\n\t\t\t\t<\/div>\n\t\t                <\/div>\n                    <\/div>\n        <\/div>\n                <div class=\"elementor-column elementor-col-50 elementor-top-column elementor-element elementor-element-18bd279 col-offset-right\" data-id=\"18bd279\" data-element_type=\"column\">\n            <div class=\"elementor-column-wrap elementor-element-populated\">\n                            <div class=\"elementor-widget-wrap\">\n                \t\t<div class=\"elementor-element elementor-element-daf1f2c elementor-widget elementor-widget-ct_heading\" data-id=\"daf1f2c\" data-element_type=\"widget\" data-widget_type=\"ct_heading.default\">\n\t\t\t\t<div class=\"elementor-widget-container\">\n\t\t\t<div class=\"ct-heading preset1  sub-style2\">\n            <div class=\"item--sub-title line-style2\">Balancing Academics with a Passion for Sports or the Arts<\/div>\n        <h3 class=\"item--title\">\n        <br \/>These programs enable students to balance their academic studies with their passion for sports or the arts. Alongside their adjusted class schedules, students participate in 8 hours per week of dance, arts, or sports practice.    <\/h3>\n<\/div>\t\t<\/div>\n\t\t\t\t<\/div>\n\t\t\t\t<div class=\"elementor-element elementor-element-f604f32 elementor-widget elementor-widget-ct_heading\" data-id=\"f604f32\" data-element_type=\"widget\" data-widget_type=\"ct_heading.default\">\n\t\t\t\t<div class=\"elementor-widget-container\">\n\t\t\t<div class=\"ct-heading preset1  sub-style2\">\n        <h4 class=\"item--title\">\n        Sports Studies    <\/h4>\n<\/div>\t\t<\/div>\n\t\t\t\t<\/div>\n\t\t\t\t<div class=\"elementor-element elementor-element-11ccc46 elementor-widget elementor-widget-text-editor\" data-id=\"11ccc46\" data-element_type=\"widget\" data-widget_type=\"text-editor.default\">\n\t\t\t\t<div class=\"elementor-widget-container\">\n\t\t\t\t\t\t\t\t<div class=\"elementor-text-editor elementor-clearfix\">\n\t\t\t\t<p data-start=\"1356\" data-end=\"1669\">James Cook International Middle and High School aims to provide students with an environment that fosters personal growth and success\u2014whether athletic, academic, or professional\u2014while ensuring adherence to ethical standards and the fundamental rights of young athletes.<\/p><p data-start=\"1671\" data-end=\"1750\">And why not guide them towards a high-level sports career\u2026<\/p>\t\t\t\t\t<\/div>\n\t\t\t\t\t\t<\/div>\n\t\t\t\t<\/div>\n\t\t\t\t<div class=\"elementor-element elementor-element-cd465f4 elementor-widget elementor-widget-spacer\" data-id=\"cd465f4\" data-element_type=\"widget\" data-widget_type=\"spacer.default\">\n\t\t\t\t<div class=\"elementor-widget-container\">\n\t\t\t\t\t<div class=\"elementor-spacer\">\n\t\t\t<div class=\"elementor-spacer-inner\"><\/div>\n\t\t<\/div>\n\t\t\t\t<\/div>\n\t\t\t\t<\/div>\n\t\t\t\t<div class=\"elementor-element elementor-element-18bc4e0 elementor-widget elementor-widget-ct_heading\" data-id=\"18bc4e0\" data-element_type=\"widget\" data-widget_type=\"ct_heading.default\">\n\t\t\t\t<div class=\"elementor-widget-container\">\n\t\t\t<div class=\"ct-heading preset1  sub-style2\">\n        <h4 class=\"item--title\">\n        Arts Studies    <\/h4>\n<\/div>\t\t<\/div>\n\t\t\t\t<\/div>\n\t\t\t\t<div class=\"elementor-element elementor-element-3592254 elementor-widget elementor-widget-text-editor\" data-id=\"3592254\" data-element_type=\"widget\" data-widget_type=\"text-editor.default\">\n\t\t\t\t<div class=\"elementor-widget-container\">\n\t\t\t\t\t\t\t\t<div class=\"elementor-text-editor elementor-clearfix\">\n\t\t\t\t<p data-start=\"1752\" data-end=\"1899\">James Cook International Middle and High School is committed to the artistic and cultural development of each student.<\/p><p data-start=\"1901\" data-end=\"1963\">This program is organized around three main areas:<\/p><ol data-start=\"1964\" data-end=\"2019\" data-is-last-node=\"\" data-is-only-node=\"\"><li data-start=\"1964\" data-end=\"1974\"><p data-start=\"1967\" data-end=\"1974\">Dance<\/p><\/li><li data-start=\"1975\" data-end=\"2006\"><p data-start=\"1978\" data-end=\"2006\">Visual and plastic arts<\/p><\/li><li data-start=\"2007\" data-end=\"2019\" data-is-last-node=\"\"><p data-start=\"2010\" data-end=\"2019\" data-is-last-node=\"\">Theater<\/p><\/li><\/ol>\t\t\t\t\t<\/div>\n\t\t\t\t\t\t<\/div>\n\t\t\t\t<\/div>\n\t\t                <\/div>\n                    <\/div>\n        <\/div>\n                                <\/div>\n                    <\/div>\n        <\/section>\n        \t\t\t\t<\/div>\n\t\t\t\t\t\t<\/div>\n\t\t\t\t\t<\/div>","protected":false},"excerpt":{"rendered":"<p>Allier \u00e9tudes acad\u00e9miques et passion pour le sport ou les arts Ces programmes permettent aux \u00e9l\u00e8ves de concilier leurs \u00e9tudes acad\u00e9miques avec leur passion pour le sport ou les arts. En plus d\u2019un emploi du temps am\u00e9nag\u00e9, les \u00e9l\u00e8ves consacrent 8 heures par semaine \u00e0 la danse, aux arts ou \u00e0 la pratique sportive. Parcours [&hellip;]<\/p>","protected":false},"author":1,"featured_media":0,"parent":4492,"menu_order":19,"comment_status":"closed","ping_status":"closed","template":"","meta":[],"acf":[],"yoast_head":"<!-- This site is optimized with the Yoast SEO plugin v18.2 - https:\/\/yoast.com\/wordpress\/plugins\/seo\/ -->\n<title>SAE \u2013 Sports-Arts Etudes - EIJC - James Cook<\/title>\n<meta name=\"robots\" content=\"index, follow, max-snippet:-1, max-image-preview:large, max-video-preview:-1\" \/>\n<link rel=\"canonical\" href=\"\/en\/enseignements\/sae-sports-arts-etudes\/\" \/>\n<meta property=\"og:locale\" content=\"en_US\" \/>\n<meta property=\"og:type\" content=\"article\" \/>\n<meta property=\"og:title\" content=\"SAE \u2013 Sports-Arts Etudes - EIJC - James Cook\" \/>\n<meta property=\"og:description\" content=\"Allier \u00e9tudes acad\u00e9miques et passion pour le sport ou les arts Ces programmes permettent aux \u00e9l\u00e8ves de concilier leurs \u00e9tudes acad\u00e9miques avec leur passion pour le sport ou les arts. En plus d\u2019un emploi du temps am\u00e9nag\u00e9, les \u00e9l\u00e8ves consacrent 8 heures par semaine \u00e0 la danse, aux arts ou \u00e0 la pratique sportive. Parcours [&hellip;]\" \/>\n<meta property=\"og:url\" content=\"\/en\/enseignements\/sae-sports-arts-etudes\/\" \/>\n<meta property=\"og:site_name\" content=\"EIJC - James Cook\" \/>\n<meta property=\"article:modified_time\" content=\"2025-08-12T00:48:57+00:00\" \/>\n<meta property=\"og:image\" content=\"https:\/\/www.eijc.nc\/wp-content\/uploads\/2021\/02\/sae.jpg\" \/>\n<meta name=\"twitter:card\" content=\"summary_large_image\" \/>\n<script type=\"application\/ld+json\" class=\"yoast-schema-graph\">{\"@context\":\"https:\/\/schema.org\",\"@graph\":[{\"@type\":\"WebSite\",\"@id\":\"https:\/\/www.eijc.nc\/#website\",\"url\":\"https:\/\/www.eijc.nc\/\",\"name\":\"EIJC - James Cook\",\"description\":\"Ecole internationale\",\"potentialAction\":[{\"@type\":\"SearchAction\",\"target\":{\"@type\":\"EntryPoint\",\"urlTemplate\":\"https:\/\/www.eijc.nc\/?s={search_term_string}\"},\"query-input\":\"required name=search_term_string\"}],\"inLanguage\":\"en-NZ\"},{\"@type\":\"ImageObject\",\"@id\":\"https:\/\/www.eijc.nc\/enseignements\/sae-sports-arts-etudes\/#primaryimage\",\"inLanguage\":\"en-NZ\",\"url\":\"https:\/\/www.eijc.nc\/wp-content\/uploads\/2021\/02\/sae.jpg\",\"contentUrl\":\"https:\/\/www.eijc.nc\/wp-content\/uploads\/2021\/02\/sae.jpg\",\"width\":500,\"height\":708},{\"@type\":\"WebPage\",\"@id\":\"https:\/\/www.eijc.nc\/enseignements\/sae-sports-arts-etudes\/#webpage\",\"url\":\"https:\/\/www.eijc.nc\/enseignements\/sae-sports-arts-etudes\/\",\"name\":\"SAE \u2013 Sports-Arts Etudes - EIJC - James Cook\",\"isPartOf\":{\"@id\":\"https:\/\/www.eijc.nc\/#website\"},\"primaryImageOfPage\":{\"@id\":\"https:\/\/www.eijc.nc\/enseignements\/sae-sports-arts-etudes\/#primaryimage\"},\"datePublished\":\"2021-02-05T23:31:39+00:00\",\"dateModified\":\"2025-08-12T00:48:57+00:00\",\"breadcrumb\":{\"@id\":\"https:\/\/www.eijc.nc\/enseignements\/sae-sports-arts-etudes\/#breadcrumb\"},\"inLanguage\":\"en-NZ\",\"potentialAction\":[{\"@type\":\"ReadAction\",\"target\":[\"https:\/\/www.eijc.nc\/enseignements\/sae-sports-arts-etudes\/\"]}]},{\"@type\":\"BreadcrumbList\",\"@id\":\"https:\/\/www.eijc.nc\/enseignements\/sae-sports-arts-etudes\/#breadcrumb\",\"itemListElement\":[{\"@type\":\"ListItem\",\"position\":1,\"name\":\"Accueil\",\"item\":\"https:\/\/www.eijc.nc\/\"},{\"@type\":\"ListItem\",\"position\":2,\"name\":\"Enseignements\",\"item\":\"https:\/\/www.eijc.nc\/enseignements\/\"},{\"@type\":\"ListItem\",\"position\":3,\"name\":\"SAE \u2013 Sports-Arts Etudes\"}]}]}<\/script>\n<!-- \/ Yoast SEO plugin. -->","yoast_head_json":{"title":"SAE \u2013 Sports-Arts Etudes - EIJC - James Cook","robots":{"index":"index","follow":"follow","max-snippet":"max-snippet:-1","max-image-preview":"max-image-preview:large","max-video-preview":"max-video-preview:-1"},"canonical":"\/en\/enseignements\/sae-sports-arts-etudes\/","og_locale":"en_US","og_type":"article","og_title":"SAE \u2013 Sports-Arts Etudes - EIJC - James Cook","og_description":"Allier \u00e9tudes acad\u00e9miques et passion pour le sport ou les arts Ces programmes permettent aux \u00e9l\u00e8ves de concilier leurs \u00e9tudes acad\u00e9miques avec leur passion pour le sport ou les arts. En plus d\u2019un emploi du temps am\u00e9nag\u00e9, les \u00e9l\u00e8ves consacrent 8 heures par semaine \u00e0 la danse, aux arts ou \u00e0 la pratique sportive. Parcours [&hellip;]","og_url":"\/en\/enseignements\/sae-sports-arts-etudes\/","og_site_name":"EIJC - James Cook","article_modified_time":"2025-08-12T00:48:57+00:00","og_image":[{"url":"https:\/\/www.eijc.nc\/wp-content\/uploads\/2021\/02\/sae.jpg"}],"twitter_card":"summary_large_image","schema":{"@context":"https:\/\/schema.org","@graph":[{"@type":"WebSite","@id":"https:\/\/www.eijc.nc\/#website","url":"https:\/\/www.eijc.nc\/","name":"EIJC - James Cook","description":"Ecole internationale","potentialAction":[{"@type":"SearchAction","target":{"@type":"EntryPoint","urlTemplate":"https:\/\/www.eijc.nc\/?s={search_term_string}"},"query-input":"required name=search_term_string"}],"inLanguage":"en-NZ"},{"@type":"ImageObject","@id":"https:\/\/www.eijc.nc\/enseignements\/sae-sports-arts-etudes\/#primaryimage","inLanguage":"en-NZ","url":"https:\/\/www.eijc.nc\/wp-content\/uploads\/2021\/02\/sae.jpg","contentUrl":"https:\/\/www.eijc.nc\/wp-content\/uploads\/2021\/02\/sae.jpg","width":500,"height":708},{"@type":"WebPage","@id":"https:\/\/www.eijc.nc\/enseignements\/sae-sports-arts-etudes\/#webpage","url":"https:\/\/www.eijc.nc\/enseignements\/sae-sports-arts-etudes\/","name":"SAE \u2013 Sports-Arts Etudes - EIJC - James Cook","isPartOf":{"@id":"https:\/\/www.eijc.nc\/#website"},"primaryImageOfPage":{"@id":"https:\/\/www.eijc.nc\/enseignements\/sae-sports-arts-etudes\/#primaryimage"},"datePublished":"2021-02-05T23:31:39+00:00","dateModified":"2025-08-12T00:48:57+00:00","breadcrumb":{"@id":"https:\/\/www.eijc.nc\/enseignements\/sae-sports-arts-etudes\/#breadcrumb"},"inLanguage":"en-NZ","potentialAction":[{"@type":"ReadAction","target":["https:\/\/www.eijc.nc\/enseignements\/sae-sports-arts-etudes\/"]}]},{"@type":"BreadcrumbList","@id":"https:\/\/www.eijc.nc\/enseignements\/sae-sports-arts-etudes\/#breadcrumb","itemListElement":[{"@type":"ListItem","position":1,"name":"Accueil","item":"https:\/\/www.eijc.nc\/"},{"@type":"ListItem","position":2,"name":"Enseignements","item":"https:\/\/www.eijc.nc\/enseignements\/"},{"@type":"ListItem","position":3,"name":"SAE \u2013 Sports-Arts Etudes"}]}]}},"_links":{"self":[{"href":"\/en\/wp-json\/wp\/v2\/pages\/4432"}],"collection":[{"href":"\/en\/wp-json\/wp\/v2\/pages"}],"about":[{"href":"\/en\/wp-json\/wp\/v2\/types\/page"}],"author":[{"embeddable":true,"href":"\/en\/wp-json\/wp\/v2\/users\/1"}],"replies":[{"embeddable":true,"href":"\/en\/wp-json\/wp\/v2\/comments?post=4432"}],"version-history":[{"count":17,"href":"\/en\/wp-json\/wp\/v2\/pages\/4432\/revisions"}],"predecessor-version":[{"id":9005,"href":"\/en\/wp-json\/wp\/v2\/pages\/4432\/revisions\/9005"}],"up":[{"embeddable":true,"href":"\/en\/wp-json\/wp\/v2\/pages\/4492"}],"wp:attachment":[{"href":"\/en\/wp-json\/wp\/v2\/media?parent=4432"}],"curies":[{"name":"wp","href":"https:\/\/api.w.org\/{rel}","templated":true}]}}