{"id":4389,"date":"2021-02-05T23:46:11","date_gmt":"2021-02-05T22:46:11","guid":{"rendered":"https:\/\/www.eijc.nc\/?page_id=4389"},"modified":"2021-04-13T05:19:41","modified_gmt":"2021-04-13T03:19:41","slug":"ecole-primaire-ib-candidate-school","status":"publish","type":"page","link":"\/en\/enseignements\/ecole-primaire-ib-candidate-school\/","title":{"rendered":"Primaire : IB Candidate School"},"content":{"rendered":"<div data-elementor-type=\"wp-page\" data-elementor-id=\"4389\" class=\"elementor elementor-4389\" data-elementor-settings=\"[]\">\n\t\t\t\t\t\t<div class=\"elementor-inner\">\n\t\t\t\t\t\t\t<div class=\"elementor-section-wrap\">\n\t\t\t\t\t        <section class=\"elementor-section elementor-top-section elementor-element elementor-element-48c6c9f elementor-section-stretched elementor-section-full_width elementor-section-content-bottom elementor-section-height-default elementor-section-height-default\" data-id=\"48c6c9f\" data-element_type=\"section\" data-settings=\"{&quot;stretch_section&quot;:&quot;section-stretched&quot;,&quot;background_background&quot;:&quot;classic&quot;,&quot;jet_parallax_layout_list&quot;:[{&quot;jet_parallax_layout_image&quot;:{&quot;url&quot;:&quot;&quot;,&quot;id&quot;:&quot;&quot;},&quot;_id&quot;:&quot;d6a2d80&quot;,&quot;jet_parallax_layout_image_tablet&quot;:{&quot;url&quot;:&quot;&quot;,&quot;id&quot;:&quot;&quot;},&quot;jet_parallax_layout_image_mobile&quot;:{&quot;url&quot;:&quot;&quot;,&quot;id&quot;:&quot;&quot;},&quot;jet_parallax_layout_speed&quot;:{&quot;unit&quot;:&quot;%&quot;,&quot;size&quot;:50,&quot;sizes&quot;:[]},&quot;jet_parallax_layout_type&quot;:&quot;scroll&quot;,&quot;jet_parallax_layout_direction&quot;:null,&quot;jet_parallax_layout_fx_direction&quot;:null,&quot;jet_parallax_layout_z_index&quot;:&quot;&quot;,&quot;jet_parallax_layout_bg_x&quot;:50,&quot;jet_parallax_layout_bg_x_tablet&quot;:&quot;&quot;,&quot;jet_parallax_layout_bg_x_mobile&quot;:&quot;&quot;,&quot;jet_parallax_layout_bg_y&quot;:50,&quot;jet_parallax_layout_bg_y_tablet&quot;:&quot;&quot;,&quot;jet_parallax_layout_bg_y_mobile&quot;:&quot;&quot;,&quot;jet_parallax_layout_bg_size&quot;:&quot;auto&quot;,&quot;jet_parallax_layout_bg_size_tablet&quot;:&quot;&quot;,&quot;jet_parallax_layout_bg_size_mobile&quot;:&quot;&quot;,&quot;jet_parallax_layout_animation_prop&quot;:&quot;transform&quot;,&quot;jet_parallax_layout_on&quot;:[&quot;desktop&quot;,&quot;tablet&quot;]}]}\">\n            \n                        <div class=\"elementor-container elementor-column-gap-no\">\n                            <div class=\"elementor-row\">\n                    <div class=\"elementor-column elementor-col-50 elementor-top-column elementor-element elementor-element-5fd50f2\" data-id=\"5fd50f2\" data-element_type=\"column\" data-settings=\"{&quot;background_background&quot;:&quot;classic&quot;}\">\n            <div class=\"elementor-column-wrap elementor-element-populated\">\n                            <div class=\"elementor-widget-wrap\">\n                \t\t<div class=\"elementor-element elementor-element-7023188 elementor-widget elementor-widget-image\" data-id=\"7023188\" data-element_type=\"widget\" data-widget_type=\"image.default\">\n\t\t\t\t<div class=\"elementor-widget-container\">\n\t\t\t\t\t\t\t\t<div class=\"elementor-image\">\n\t\t\t\t\t\t\t\t\t\t\t\t<img width=\"500\" height=\"500\" src=\"https:\/\/www.eijc.nc\/wp-content\/uploads\/2021\/02\/primaire-photo-2.jpg\" class=\"attachment-large size-large\" alt=\"\" loading=\"lazy\" srcset=\"https:\/\/www.eijc.nc\/wp-content\/uploads\/2021\/02\/primaire-photo-2.jpg 500w, https:\/\/www.eijc.nc\/wp-content\/uploads\/2021\/02\/primaire-photo-2-300x300.jpg 300w, https:\/\/www.eijc.nc\/wp-content\/uploads\/2021\/02\/primaire-photo-2-150x150.jpg 150w\" sizes=\"(max-width: 500px) 100vw, 500px\" \/>\t\t\t\t\t\t\t\t\t\t\t\t\t\t<\/div>\n\t\t\t\t\t\t<\/div>\n\t\t\t\t<\/div>\n\t\t\t\t<div class=\"elementor-element elementor-element-119f605 elementor-widget elementor-widget-spacer\" data-id=\"119f605\" data-element_type=\"widget\" data-widget_type=\"spacer.default\">\n\t\t\t\t<div class=\"elementor-widget-container\">\n\t\t\t\t\t<div class=\"elementor-spacer\">\n\t\t\t<div class=\"elementor-spacer-inner\"><\/div>\n\t\t<\/div>\n\t\t\t\t<\/div>\n\t\t\t\t<\/div>\n\t\t\t\t<div class=\"elementor-element elementor-element-969bb2b elementor-widget elementor-widget-image\" data-id=\"969bb2b\" data-element_type=\"widget\" data-widget_type=\"image.default\">\n\t\t\t\t<div class=\"elementor-widget-container\">\n\t\t\t\t\t\t\t\t<div class=\"elementor-image\">\n\t\t\t\t\t\t\t\t\t\t\t\t<img width=\"500\" height=\"500\" src=\"https:\/\/www.eijc.nc\/wp-content\/uploads\/2021\/02\/primaire-photo-1.jpg\" class=\"attachment-large size-large\" alt=\"\" loading=\"lazy\" srcset=\"https:\/\/www.eijc.nc\/wp-content\/uploads\/2021\/02\/primaire-photo-1.jpg 500w, https:\/\/www.eijc.nc\/wp-content\/uploads\/2021\/02\/primaire-photo-1-300x300.jpg 300w, https:\/\/www.eijc.nc\/wp-content\/uploads\/2021\/02\/primaire-photo-1-150x150.jpg 150w\" sizes=\"(max-width: 500px) 100vw, 500px\" \/>\t\t\t\t\t\t\t\t\t\t\t\t\t\t<\/div>\n\t\t\t\t\t\t<\/div>\n\t\t\t\t<\/div>\n\t\t\t\t<div class=\"elementor-element elementor-element-9e5bf5b elementor-widget elementor-widget-spacer\" data-id=\"9e5bf5b\" data-element_type=\"widget\" data-widget_type=\"spacer.default\">\n\t\t\t\t<div class=\"elementor-widget-container\">\n\t\t\t\t\t<div class=\"elementor-spacer\">\n\t\t\t<div class=\"elementor-spacer-inner\"><\/div>\n\t\t<\/div>\n\t\t\t\t<\/div>\n\t\t\t\t<\/div>\n\t\t                <\/div>\n                    <\/div>\n        <\/div>\n                <div class=\"elementor-column elementor-col-50 elementor-top-column elementor-element elementor-element-18bd279 col-offset-right\" data-id=\"18bd279\" data-element_type=\"column\">\n            <div class=\"elementor-column-wrap elementor-element-populated\">\n                            <div class=\"elementor-widget-wrap\">\n                \t\t<div class=\"elementor-element elementor-element-daf1f2c elementor-widget elementor-widget-ct_heading\" data-id=\"daf1f2c\" data-element_type=\"widget\" data-widget_type=\"ct_heading.default\">\n\t\t\t\t<div class=\"elementor-widget-container\">\n\t\t\t<div class=\"ct-heading preset1  sub-style2\">\n            <div class=\"item--sub-title line-style2\">Un concept p\u00e9dagogique<\/div>\n        <h3 class=\"item--title\">\n        <br \/>L\u2019EIJC base son enseignement sur le concept p\u00e9dagogique \u00ab Alternative\nTeaching School Community \u00bb m\u00ealant la P\u00e9dagogie Active issue du syst\u00e8me\nanglophone et la solidit\u00e9 des programmes du syst\u00e8me fran\u00e7ais.    <\/h3>\n<\/div>\t\t<\/div>\n\t\t\t\t<\/div>\n\t\t\t\t<div class=\"elementor-element elementor-element-cbeecc6 elementor-widget elementor-widget-image\" data-id=\"cbeecc6\" data-element_type=\"widget\" data-widget_type=\"image.default\">\n\t\t\t\t<div class=\"elementor-widget-container\">\n\t\t\t\t\t\t\t\t<div class=\"elementor-image\">\n\t\t\t\t\t\t\t\t\t\t\t\t<img width=\"639\" height=\"215\" src=\"https:\/\/www.eijc.nc\/wp-content\/uploads\/2021\/02\/ib-program.png\" class=\"attachment-large size-large\" alt=\"\" loading=\"lazy\" srcset=\"https:\/\/www.eijc.nc\/wp-content\/uploads\/2021\/02\/ib-program.png 639w, https:\/\/www.eijc.nc\/wp-content\/uploads\/2021\/02\/ib-program-300x101.png 300w, https:\/\/www.eijc.nc\/wp-content\/uploads\/2021\/02\/ib-program-600x202.png 600w\" sizes=\"(max-width: 639px) 100vw, 639px\" \/>\t\t\t\t\t\t\t\t\t\t\t\t\t\t<\/div>\n\t\t\t\t\t\t<\/div>\n\t\t\t\t<\/div>\n\t\t\t\t<div class=\"elementor-element elementor-element-5997e88 elementor-widget elementor-widget-spacer\" data-id=\"5997e88\" data-element_type=\"widget\" data-widget_type=\"spacer.default\">\n\t\t\t\t<div class=\"elementor-widget-container\">\n\t\t\t\t\t<div class=\"elementor-spacer\">\n\t\t\t<div class=\"elementor-spacer-inner\"><\/div>\n\t\t<\/div>\n\t\t\t\t<\/div>\n\t\t\t\t<\/div>\n\t\t\t\t<div class=\"elementor-element elementor-element-11ccc46 elementor-widget elementor-widget-text-editor\" data-id=\"11ccc46\" data-element_type=\"widget\" data-widget_type=\"text-editor.default\">\n\t\t\t\t<div class=\"elementor-widget-container\">\n\t\t\t\t\t\t\t\t<div class=\"elementor-text-editor elementor-clearfix\">\n\t\t\t\t<p>La vocation de l\u2019EIJC est de dispenser, dans la tol\u00e9rance et la compr\u00e9hension mutuelle, un enseignement bilingue \u00e0 partir des classes maternelles. La p\u00e9dagogie dispens\u00e9e au sein de l\u2019\u00e9cole ainsi que les valeurs v\u00e9hicul\u00e9es \u00e0 l\u2019\u00e9cole sont en totale ad\u00e9quation avec la philosophie de l\u2019IB. Raisons pour lesquelles l\u2019\u00e9cole souhaite y adh\u00e9rer. Ainsi, l\u2019EIJC b\u00e9n\u00e9ficiera d\u2019une reconnaissance internationale afin que les \u00e9l\u00e8ves puissent achever leur scolarit\u00e9 avec un dipl\u00f4me international qui ouvre les portes de nombreuses \u00e9coles et universit\u00e9s \u00e0 travers le monde.<\/p><p>Le Baccalaureat International a pour but de d\u00e9velopper chez les jeunes la curiosit\u00e9 intellectuelle, les connaissances et la sensibilit\u00e9 n\u00e9cessaires pour contribuer \u00e0 b\u00e2tir un monde meilleur et plus paisible, dans un esprit d\u2019entente mutuelle et de respect interculturel.<\/p><p>L\u2019IB est un programme riche et complet qui se d\u00e9cline en 4 programmes successifs. A l\u2019EIJC, nos \u00e9l\u00e8ves sont concern\u00e9s par le PYP qui les stimule et les encourage \u00e0 devenirs des apprenants altruistes et actifs tout au long de leur vie, dans la classe et le monde ext\u00e9rieur. L\u2019apprentissage transdisciplinaire rend cela possible : p\u00e9dagogie de projets o\u00f9 se m\u00ealent les arts, l\u2019histoire, g\u00e9ographie, sciences, sports, math\u00e9matiques, fran\u00e7ais, anglais,\u2026<\/p><p>Le programme de l\u2019IB transmet aux \u00e9l\u00e8ves une v\u00e9ritable passion pour l\u2019apprentissage qui leur donne des bases solides pour la suite de leurs \u00e9tudes, leur carri\u00e8re et leur vie.<\/p><p>Ce programme ne r\u00e9pond pas \u00e0 un besoin, mais \u00e0 tous les besoins des \u00e9l\u00e8ves.<\/p>\t\t\t\t\t<\/div>\n\t\t\t\t\t\t<\/div>\n\t\t\t\t<\/div>\n\t\t                <\/div>\n                    <\/div>\n        <\/div>\n                                <\/div>\n                    <\/div>\n        <\/section>\n        \t\t\t\t<\/div>\n\t\t\t\t\t\t<\/div>\n\t\t\t\t\t<\/div>","protected":false},"excerpt":{"rendered":"<p>Un concept p\u00e9dagogique L\u2019EIJC base son enseignement sur le concept p\u00e9dagogique \u00ab Alternative Teaching School Community \u00bb m\u00ealant la P\u00e9dagogie Active issue du syst\u00e8me anglophone et la solidit\u00e9 des programmes du syst\u00e8me fran\u00e7ais. La vocation de l\u2019EIJC est de dispenser, dans la tol\u00e9rance et la compr\u00e9hension mutuelle, un enseignement bilingue \u00e0 partir des classes maternelles. [&hellip;]<\/p>","protected":false},"author":1,"featured_media":0,"parent":4492,"menu_order":18,"comment_status":"closed","ping_status":"closed","template":"","meta":[],"acf":[],"yoast_head":"<!-- This site is optimized with the Yoast SEO plugin v18.2 - https:\/\/yoast.com\/wordpress\/plugins\/seo\/ -->\n<title>Primaire : IB Candidate School - EIJC - James Cook<\/title>\n<meta name=\"robots\" content=\"index, follow, max-snippet:-1, max-image-preview:large, max-video-preview:-1\" \/>\n<link rel=\"canonical\" href=\"\/en\/enseignements\/ecole-primaire-ib-candidate-school\/\" \/>\n<meta property=\"og:locale\" content=\"en_US\" \/>\n<meta property=\"og:type\" content=\"article\" \/>\n<meta property=\"og:title\" content=\"Primaire : IB Candidate School - EIJC - James Cook\" \/>\n<meta property=\"og:description\" content=\"Un concept p\u00e9dagogique L\u2019EIJC base son enseignement sur le concept p\u00e9dagogique \u00ab Alternative Teaching School Community \u00bb m\u00ealant la P\u00e9dagogie Active issue du syst\u00e8me anglophone et la solidit\u00e9 des programmes du syst\u00e8me fran\u00e7ais. La vocation de l\u2019EIJC est de dispenser, dans la tol\u00e9rance et la compr\u00e9hension mutuelle, un enseignement bilingue \u00e0 partir des classes maternelles. [&hellip;]\" \/>\n<meta property=\"og:url\" content=\"\/en\/enseignements\/ecole-primaire-ib-candidate-school\/\" \/>\n<meta property=\"og:site_name\" content=\"EIJC - James Cook\" \/>\n<meta property=\"article:modified_time\" content=\"2021-04-13T03:19:41+00:00\" \/>\n<meta property=\"og:image\" content=\"https:\/\/www.eijc.nc\/wp-content\/uploads\/2021\/02\/primaire-photo-2.jpg\" \/>\n<meta name=\"twitter:card\" content=\"summary_large_image\" \/>\n<script type=\"application\/ld+json\" class=\"yoast-schema-graph\">{\"@context\":\"https:\/\/schema.org\",\"@graph\":[{\"@type\":\"WebSite\",\"@id\":\"https:\/\/www.eijc.nc\/#website\",\"url\":\"https:\/\/www.eijc.nc\/\",\"name\":\"EIJC - James Cook\",\"description\":\"Ecole internationale\",\"potentialAction\":[{\"@type\":\"SearchAction\",\"target\":{\"@type\":\"EntryPoint\",\"urlTemplate\":\"https:\/\/www.eijc.nc\/?s={search_term_string}\"},\"query-input\":\"required name=search_term_string\"}],\"inLanguage\":\"en-NZ\"},{\"@type\":\"ImageObject\",\"@id\":\"https:\/\/www.eijc.nc\/enseignements\/ecole-primaire-ib-candidate-school\/#primaryimage\",\"inLanguage\":\"en-NZ\",\"url\":\"\/wp-content\/uploads\/2021\/02\/primaire-photo-2.jpg\",\"contentUrl\":\"\/wp-content\/uploads\/2021\/02\/primaire-photo-2.jpg\"},{\"@type\":\"WebPage\",\"@id\":\"https:\/\/www.eijc.nc\/enseignements\/ecole-primaire-ib-candidate-school\/#webpage\",\"url\":\"https:\/\/www.eijc.nc\/enseignements\/ecole-primaire-ib-candidate-school\/\",\"name\":\"Primaire : IB Candidate School - EIJC - James Cook\",\"isPartOf\":{\"@id\":\"https:\/\/www.eijc.nc\/#website\"},\"primaryImageOfPage\":{\"@id\":\"https:\/\/www.eijc.nc\/enseignements\/ecole-primaire-ib-candidate-school\/#primaryimage\"},\"datePublished\":\"2021-02-05T22:46:11+00:00\",\"dateModified\":\"2021-04-13T03:19:41+00:00\",\"breadcrumb\":{\"@id\":\"https:\/\/www.eijc.nc\/enseignements\/ecole-primaire-ib-candidate-school\/#breadcrumb\"},\"inLanguage\":\"en-NZ\",\"potentialAction\":[{\"@type\":\"ReadAction\",\"target\":[\"https:\/\/www.eijc.nc\/enseignements\/ecole-primaire-ib-candidate-school\/\"]}]},{\"@type\":\"BreadcrumbList\",\"@id\":\"https:\/\/www.eijc.nc\/enseignements\/ecole-primaire-ib-candidate-school\/#breadcrumb\",\"itemListElement\":[{\"@type\":\"ListItem\",\"position\":1,\"name\":\"Accueil\",\"item\":\"https:\/\/www.eijc.nc\/\"},{\"@type\":\"ListItem\",\"position\":2,\"name\":\"Enseignements\",\"item\":\"https:\/\/www.eijc.nc\/enseignements\/\"},{\"@type\":\"ListItem\",\"position\":3,\"name\":\"Primaire : IB Candidate School\"}]}]}<\/script>\n<!-- \/ Yoast SEO plugin. -->","yoast_head_json":{"title":"Primaire : IB Candidate School - EIJC - James Cook","robots":{"index":"index","follow":"follow","max-snippet":"max-snippet:-1","max-image-preview":"max-image-preview:large","max-video-preview":"max-video-preview:-1"},"canonical":"\/en\/enseignements\/ecole-primaire-ib-candidate-school\/","og_locale":"en_US","og_type":"article","og_title":"Primaire : IB Candidate School - EIJC - James Cook","og_description":"Un concept p\u00e9dagogique L\u2019EIJC base son enseignement sur le concept p\u00e9dagogique \u00ab Alternative Teaching School Community \u00bb m\u00ealant la P\u00e9dagogie Active issue du syst\u00e8me anglophone et la solidit\u00e9 des programmes du syst\u00e8me fran\u00e7ais. La vocation de l\u2019EIJC est de dispenser, dans la tol\u00e9rance et la compr\u00e9hension mutuelle, un enseignement bilingue \u00e0 partir des classes maternelles. [&hellip;]","og_url":"\/en\/enseignements\/ecole-primaire-ib-candidate-school\/","og_site_name":"EIJC - James Cook","article_modified_time":"2021-04-13T03:19:41+00:00","og_image":[{"url":"https:\/\/www.eijc.nc\/wp-content\/uploads\/2021\/02\/primaire-photo-2.jpg"}],"twitter_card":"summary_large_image","schema":{"@context":"https:\/\/schema.org","@graph":[{"@type":"WebSite","@id":"https:\/\/www.eijc.nc\/#website","url":"https:\/\/www.eijc.nc\/","name":"EIJC - James Cook","description":"Ecole internationale","potentialAction":[{"@type":"SearchAction","target":{"@type":"EntryPoint","urlTemplate":"https:\/\/www.eijc.nc\/?s={search_term_string}"},"query-input":"required name=search_term_string"}],"inLanguage":"en-NZ"},{"@type":"ImageObject","@id":"https:\/\/www.eijc.nc\/enseignements\/ecole-primaire-ib-candidate-school\/#primaryimage","inLanguage":"en-NZ","url":"\/wp-content\/uploads\/2021\/02\/primaire-photo-2.jpg","contentUrl":"\/wp-content\/uploads\/2021\/02\/primaire-photo-2.jpg"},{"@type":"WebPage","@id":"https:\/\/www.eijc.nc\/enseignements\/ecole-primaire-ib-candidate-school\/#webpage","url":"https:\/\/www.eijc.nc\/enseignements\/ecole-primaire-ib-candidate-school\/","name":"Primaire : IB Candidate School - EIJC - James Cook","isPartOf":{"@id":"https:\/\/www.eijc.nc\/#website"},"primaryImageOfPage":{"@id":"https:\/\/www.eijc.nc\/enseignements\/ecole-primaire-ib-candidate-school\/#primaryimage"},"datePublished":"2021-02-05T22:46:11+00:00","dateModified":"2021-04-13T03:19:41+00:00","breadcrumb":{"@id":"https:\/\/www.eijc.nc\/enseignements\/ecole-primaire-ib-candidate-school\/#breadcrumb"},"inLanguage":"en-NZ","potentialAction":[{"@type":"ReadAction","target":["https:\/\/www.eijc.nc\/enseignements\/ecole-primaire-ib-candidate-school\/"]}]},{"@type":"BreadcrumbList","@id":"https:\/\/www.eijc.nc\/enseignements\/ecole-primaire-ib-candidate-school\/#breadcrumb","itemListElement":[{"@type":"ListItem","position":1,"name":"Accueil","item":"https:\/\/www.eijc.nc\/"},{"@type":"ListItem","position":2,"name":"Enseignements","item":"https:\/\/www.eijc.nc\/enseignements\/"},{"@type":"ListItem","position":3,"name":"Primaire : IB Candidate School"}]}]}},"_links":{"self":[{"href":"\/en\/wp-json\/wp\/v2\/pages\/4389"}],"collection":[{"href":"\/en\/wp-json\/wp\/v2\/pages"}],"about":[{"href":"\/en\/wp-json\/wp\/v2\/types\/page"}],"author":[{"embeddable":true,"href":"\/en\/wp-json\/wp\/v2\/users\/1"}],"replies":[{"embeddable":true,"href":"\/en\/wp-json\/wp\/v2\/comments?post=4389"}],"version-history":[{"count":26,"href":"\/en\/wp-json\/wp\/v2\/pages\/4389\/revisions"}],"predecessor-version":[{"id":5554,"href":"\/en\/wp-json\/wp\/v2\/pages\/4389\/revisions\/5554"}],"up":[{"embeddable":true,"href":"\/en\/wp-json\/wp\/v2\/pages\/4492"}],"wp:attachment":[{"href":"\/en\/wp-json\/wp\/v2\/media?parent=4389"}],"curies":[{"name":"wp","href":"https:\/\/api.w.org\/{rel}","templated":true}]}}