{"id":4259,"date":"2021-02-05T06:17:32","date_gmt":"2021-02-05T05:17:32","guid":{"rendered":"https:\/\/www.eijc.nc\/?page_id=4259"},"modified":"2025-08-12T09:07:53","modified_gmt":"2025-08-11T22:07:53","slug":"le-mot-de-la-directrice","status":"publish","type":"page","link":"\/en\/eijc\/le-mot-de-la-directrice\/","title":{"rendered":"Word from the Principal"},"content":{"rendered":"<div data-elementor-type=\"wp-page\" data-elementor-id=\"4259\" class=\"elementor elementor-4259\" data-elementor-settings=\"[]\">\n\t\t\t\t\t\t<div class=\"elementor-inner\">\n\t\t\t\t\t\t\t<div class=\"elementor-section-wrap\">\n\t\t\t\t\t        <section class=\"elementor-section elementor-top-section elementor-element elementor-element-48c6c9f elementor-section-stretched elementor-section-full_width elementor-section-content-bottom elementor-section-height-default elementor-section-height-default\" data-id=\"48c6c9f\" data-element_type=\"section\" data-settings=\"{&quot;stretch_section&quot;:&quot;section-stretched&quot;,&quot;background_background&quot;:&quot;classic&quot;,&quot;jet_parallax_layout_list&quot;:[{&quot;jet_parallax_layout_image&quot;:{&quot;url&quot;:&quot;&quot;,&quot;id&quot;:&quot;&quot;},&quot;_id&quot;:&quot;d6a2d80&quot;,&quot;jet_parallax_layout_image_tablet&quot;:{&quot;url&quot;:&quot;&quot;,&quot;id&quot;:&quot;&quot;},&quot;jet_parallax_layout_image_mobile&quot;:{&quot;url&quot;:&quot;&quot;,&quot;id&quot;:&quot;&quot;},&quot;jet_parallax_layout_speed&quot;:{&quot;unit&quot;:&quot;%&quot;,&quot;size&quot;:50,&quot;sizes&quot;:[]},&quot;jet_parallax_layout_type&quot;:&quot;scroll&quot;,&quot;jet_parallax_layout_direction&quot;:null,&quot;jet_parallax_layout_fx_direction&quot;:null,&quot;jet_parallax_layout_z_index&quot;:&quot;&quot;,&quot;jet_parallax_layout_bg_x&quot;:50,&quot;jet_parallax_layout_bg_x_tablet&quot;:&quot;&quot;,&quot;jet_parallax_layout_bg_x_mobile&quot;:&quot;&quot;,&quot;jet_parallax_layout_bg_y&quot;:50,&quot;jet_parallax_layout_bg_y_tablet&quot;:&quot;&quot;,&quot;jet_parallax_layout_bg_y_mobile&quot;:&quot;&quot;,&quot;jet_parallax_layout_bg_size&quot;:&quot;auto&quot;,&quot;jet_parallax_layout_bg_size_tablet&quot;:&quot;&quot;,&quot;jet_parallax_layout_bg_size_mobile&quot;:&quot;&quot;,&quot;jet_parallax_layout_animation_prop&quot;:&quot;transform&quot;,&quot;jet_parallax_layout_on&quot;:[&quot;desktop&quot;,&quot;tablet&quot;]}]}\">\n            \n                        <div class=\"elementor-container elementor-column-gap-no\">\n                            <div class=\"elementor-row\">\n                    <div class=\"elementor-column elementor-col-50 elementor-top-column elementor-element elementor-element-18bd279 col-offset-left\" data-id=\"18bd279\" data-element_type=\"column\">\n            <div class=\"elementor-column-wrap elementor-element-populated\">\n                            <div class=\"elementor-widget-wrap\">\n                \t\t<div class=\"elementor-element elementor-element-daf1f2c elementor-widget elementor-widget-ct_heading\" data-id=\"daf1f2c\" data-element_type=\"widget\" data-widget_type=\"ct_heading.default\">\n\t\t\t\t<div class=\"elementor-widget-container\">\n\t\t\t<div class=\"ct-heading preset1  sub-style2\">\n            <div class=\"item--sub-title line-style2\">Vanessa Gervolino, founder and principal<\/div>\n        <h3 class=\"item--title\">\n        Word from the Principal    <\/h3>\n<\/div>\t\t<\/div>\n\t\t\t\t<\/div>\n\t\t\t\t<div class=\"elementor-element elementor-element-fdf5365 elementor-widget elementor-widget-ct_heading\" data-id=\"fdf5365\" data-element_type=\"widget\" data-widget_type=\"ct_heading.default\">\n\t\t\t\t<div class=\"elementor-widget-container\">\n\t\t\t<div class=\"ct-heading preset1  sub-style2\">\n        <h4 class=\"item--title\">\n        An Education for Today\u2019s Children    <\/h4>\n<\/div>\t\t<\/div>\n\t\t\t\t<\/div>\n\t\t\t\t<div class=\"elementor-element elementor-element-11ccc46 elementor-widget elementor-widget-text-editor\" data-id=\"11ccc46\" data-element_type=\"widget\" data-widget_type=\"text-editor.default\">\n\t\t\t\t<div class=\"elementor-widget-container\">\n\t\t\t\t\t\t\t\t<div class=\"elementor-text-editor elementor-clearfix\">\n\t\t\t\t<p>Dear Parents,<\/p><p>Welcome to JCIS Noum\u00e9a, New Caledonia's only private international multilingual school!<\/p><p>When I founded JCIS in 2007, my vision was to create an educational environment that prepares children to become active, responsible global citizens. As a proud New Caledonian deeply invested in the future of our country, I developed the unique pedagogical concept of the \u201cAlternative Teaching School Community.\u201d Over the years, JCIS has grown and evolved, always striving to provide the very best for our students and their families.<\/p><p>At JCIS, we celebrate the rich diversity of our students and staff, who come from different cultural and academic backgrounds around the world. This multicultural environment enriches the learning experience, fostering open-mindedness, respect, and global understanding.<\/p><p>In today\u2019s fast-changing world, education must go beyond academics. Our mission is to equip our students with the skills and adaptability they need to thrive in an ever-evolving society. We promote project-based, hands-on learning that encourages critical thinking, creativity, and meaningful cross-cultural connections. Our small class sizes ensure personalized attention, allowing each child to receive the support and guidance they need to flourish.<\/p><p>For over 17 years, JCIS has been committed to excellence, fostering an environment built on rigor, respect, and investment. Our goal is to inspire our students to become inquisitive, responsible learners who appreciate what unites people and cultures and who understand their role in protecting and respecting our planet.\u00a0<\/p><p>Thank you for being part of our JCIS community. Together, we will continue to nurture the next generation of global citizens.<\/br>\n<\/br>\nWarm regards,<\/p>\t\t\t\t\t<\/div>\n\t\t\t\t\t\t<\/div>\n\t\t\t\t<\/div>\n\t\t                <\/div>\n                    <\/div>\n        <\/div>\n                <div class=\"elementor-column elementor-col-50 elementor-top-column elementor-element elementor-element-5fd50f2\" data-id=\"5fd50f2\" data-element_type=\"column\" data-settings=\"{&quot;background_background&quot;:&quot;classic&quot;}\">\n            <div class=\"elementor-column-wrap elementor-element-populated\">\n                            <div class=\"elementor-widget-wrap\">\n                \t\t<div class=\"elementor-element elementor-element-61ec7d4 elementor-widget elementor-widget-spacer\" data-id=\"61ec7d4\" data-element_type=\"widget\" data-widget_type=\"spacer.default\">\n\t\t\t\t<div class=\"elementor-widget-container\">\n\t\t\t\t\t<div class=\"elementor-spacer\">\n\t\t\t<div class=\"elementor-spacer-inner\"><\/div>\n\t\t<\/div>\n\t\t\t\t<\/div>\n\t\t\t\t<\/div>\n\t\t\t\t<div class=\"elementor-element elementor-element-7e54149 elementor-widget elementor-widget-spacer\" data-id=\"7e54149\" data-element_type=\"widget\" data-widget_type=\"spacer.default\">\n\t\t\t\t<div class=\"elementor-widget-container\">\n\t\t\t\t\t<div class=\"elementor-spacer\">\n\t\t\t<div class=\"elementor-spacer-inner\"><\/div>\n\t\t<\/div>\n\t\t\t\t<\/div>\n\t\t\t\t<\/div>\n\t\t\t\t<div class=\"elementor-element elementor-element-eb7df5e elementor-widget elementor-widget-image\" data-id=\"eb7df5e\" data-element_type=\"widget\" data-widget_type=\"image.default\">\n\t\t\t\t<div class=\"elementor-widget-container\">\n\t\t\t\t\t\t\t\t<div class=\"elementor-image\">\n\t\t\t\t\t\t\t\t\t\t\t\t<img width=\"500\" height=\"750\" src=\"https:\/\/www.eijc.nc\/wp-content\/uploads\/2025\/06\/JC-140.webp\" class=\"attachment-large size-large\" alt=\"\" loading=\"lazy\" srcset=\"https:\/\/www.eijc.nc\/wp-content\/uploads\/2025\/06\/JC-140.webp 500w, https:\/\/www.eijc.nc\/wp-content\/uploads\/2025\/06\/JC-140-200x300.webp 200w, https:\/\/www.eijc.nc\/wp-content\/uploads\/2025\/06\/JC-140-8x12.webp 8w\" sizes=\"(max-width: 500px) 100vw, 500px\" \/>\t\t\t\t\t\t\t\t\t\t\t\t\t\t<\/div>\n\t\t\t\t\t\t<\/div>\n\t\t\t\t<\/div>\n\t\t                <\/div>\n                    <\/div>\n        <\/div>\n                                <\/div>\n                    <\/div>\n        <\/section>\n                <section class=\"elementor-section elementor-top-section elementor-element elementor-element-54f26644 elementor-section-stretched elementor-section-boxed elementor-section-height-default elementor-section-height-default\" data-id=\"54f26644\" data-element_type=\"section\" data-settings=\"{&quot;stretch_section&quot;:&quot;section-stretched&quot;,&quot;background_background&quot;:&quot;classic&quot;,&quot;jet_parallax_layout_list&quot;:[{&quot;jet_parallax_layout_image&quot;:{&quot;url&quot;:&quot;&quot;,&quot;id&quot;:&quot;&quot;},&quot;_id&quot;:&quot;c4ca0d2&quot;,&quot;jet_parallax_layout_image_tablet&quot;:{&quot;url&quot;:&quot;&quot;,&quot;id&quot;:&quot;&quot;},&quot;jet_parallax_layout_image_mobile&quot;:{&quot;url&quot;:&quot;&quot;,&quot;id&quot;:&quot;&quot;},&quot;jet_parallax_layout_speed&quot;:{&quot;unit&quot;:&quot;%&quot;,&quot;size&quot;:50,&quot;sizes&quot;:[]},&quot;jet_parallax_layout_type&quot;:&quot;scroll&quot;,&quot;jet_parallax_layout_direction&quot;:null,&quot;jet_parallax_layout_fx_direction&quot;:null,&quot;jet_parallax_layout_z_index&quot;:&quot;&quot;,&quot;jet_parallax_layout_bg_x&quot;:50,&quot;jet_parallax_layout_bg_x_tablet&quot;:&quot;&quot;,&quot;jet_parallax_layout_bg_x_mobile&quot;:&quot;&quot;,&quot;jet_parallax_layout_bg_y&quot;:50,&quot;jet_parallax_layout_bg_y_tablet&quot;:&quot;&quot;,&quot;jet_parallax_layout_bg_y_mobile&quot;:&quot;&quot;,&quot;jet_parallax_layout_bg_size&quot;:&quot;auto&quot;,&quot;jet_parallax_layout_bg_size_tablet&quot;:&quot;&quot;,&quot;jet_parallax_layout_bg_size_mobile&quot;:&quot;&quot;,&quot;jet_parallax_layout_animation_prop&quot;:&quot;transform&quot;,&quot;jet_parallax_layout_on&quot;:[&quot;desktop&quot;,&quot;tablet&quot;]}]}\">\n                            <div class=\"elementor-background-overlay\"><\/div>\n                \n                        <div class=\"elementor-container elementor-column-gap-extended\">\n                            <div class=\"elementor-row\">\n                    <div class=\"elementor-column elementor-col-100 elementor-top-column elementor-element elementor-element-27436d23\" data-id=\"27436d23\" data-element_type=\"column\">\n            <div class=\"elementor-column-wrap elementor-element-populated\">\n                            <div class=\"elementor-widget-wrap\">\n                \t\t<div class=\"elementor-element elementor-element-6759080 elementor-widget elementor-widget-ct_heading\" data-id=\"6759080\" data-element_type=\"widget\" data-widget_type=\"ct_heading.default\">\n\t\t\t\t<div class=\"elementor-widget-container\">\n\t\t\t<div class=\"ct-heading preset1  sub-style1\">\n            <div class=\"item--sub-title line-style1\">To remember<\/div>\n        <h3 class=\"item--title\">\n        Giving our children  <cite>the keys to success<\/cite> \u2014 this is what we all want, and this is what the James Cook International School can offer them.    <\/h3>\n<\/div>\t\t<\/div>\n\t\t\t\t<\/div>\n\t\t                <\/div>\n                    <\/div>\n        <\/div>\n                                <\/div>\n                    <\/div>\n        <\/section>\n        \t\t\t\t<\/div>\n\t\t\t\t\t\t<\/div>\n\t\t\t\t\t<\/div>","protected":false},"excerpt":{"rendered":"<p>Vanessa Gervolino, fondatrice et directrice Le mot de la directrice Une \u00e9ducation adapt\u00e9e aux enfants d\u2019aujourd\u2019hui Pour nous, c\u2019est celle qui permet \u00e0 un enfant de grandir et de s\u2019\u00e9panouir, mais aussi d\u2019\u00eatre capable de s\u2019adapter aux diff\u00e9rentes soci\u00e9t\u00e9s qui nous entourent ; c\u2019est-\u00e0-dire de devenir un adulte responsable, un citoyen du monde. Cela concerne [&hellip;]<\/p>","protected":false},"author":1,"featured_media":0,"parent":4491,"menu_order":23,"comment_status":"closed","ping_status":"closed","template":"","meta":[],"acf":[],"yoast_head":"<!-- This site is optimized with the Yoast SEO plugin v18.2 - https:\/\/yoast.com\/wordpress\/plugins\/seo\/ -->\n<title>Le mot de la directrice - EIJC - James Cook<\/title>\n<meta name=\"robots\" content=\"index, follow, max-snippet:-1, max-image-preview:large, max-video-preview:-1\" \/>\n<link rel=\"canonical\" href=\"\/en\/eijc\/le-mot-de-la-directrice\/\" \/>\n<meta property=\"og:locale\" content=\"en_US\" \/>\n<meta property=\"og:type\" content=\"article\" \/>\n<meta property=\"og:title\" content=\"Le mot de la directrice - EIJC - James Cook\" \/>\n<meta property=\"og:description\" content=\"Vanessa Gervolino, fondatrice et directrice Le mot de la directrice Une \u00e9ducation adapt\u00e9e aux enfants d\u2019aujourd\u2019hui Pour nous, c\u2019est celle qui permet \u00e0 un enfant de grandir et de s\u2019\u00e9panouir, mais aussi d\u2019\u00eatre capable de s\u2019adapter aux diff\u00e9rentes soci\u00e9t\u00e9s qui nous entourent ; c\u2019est-\u00e0-dire de devenir un adulte responsable, un citoyen du monde. Cela concerne [&hellip;]\" \/>\n<meta property=\"og:url\" content=\"\/en\/eijc\/le-mot-de-la-directrice\/\" \/>\n<meta property=\"og:site_name\" content=\"EIJC - James Cook\" \/>\n<meta property=\"article:modified_time\" content=\"2025-08-11T22:07:53+00:00\" \/>\n<meta property=\"og:image\" content=\"https:\/\/www.eijc.nc\/wp-content\/uploads\/2025\/06\/JC-140.webp\" \/>\n<meta name=\"twitter:card\" content=\"summary_large_image\" \/>\n<script type=\"application\/ld+json\" class=\"yoast-schema-graph\">{\"@context\":\"https:\/\/schema.org\",\"@graph\":[{\"@type\":\"WebSite\",\"@id\":\"https:\/\/www.eijc.nc\/#website\",\"url\":\"https:\/\/www.eijc.nc\/\",\"name\":\"EIJC - James Cook\",\"description\":\"Ecole internationale\",\"potentialAction\":[{\"@type\":\"SearchAction\",\"target\":{\"@type\":\"EntryPoint\",\"urlTemplate\":\"https:\/\/www.eijc.nc\/?s={search_term_string}\"},\"query-input\":\"required name=search_term_string\"}],\"inLanguage\":\"en-NZ\"},{\"@type\":\"ImageObject\",\"@id\":\"https:\/\/www.eijc.nc\/eijc\/le-mot-de-la-directrice\/#primaryimage\",\"inLanguage\":\"en-NZ\",\"url\":\"https:\/\/www.eijc.nc\/wp-content\/uploads\/2025\/06\/JC-140.webp\",\"contentUrl\":\"https:\/\/www.eijc.nc\/wp-content\/uploads\/2025\/06\/JC-140.webp\",\"width\":500,\"height\":750},{\"@type\":\"WebPage\",\"@id\":\"https:\/\/www.eijc.nc\/eijc\/le-mot-de-la-directrice\/#webpage\",\"url\":\"https:\/\/www.eijc.nc\/eijc\/le-mot-de-la-directrice\/\",\"name\":\"Le mot de la directrice - EIJC - James Cook\",\"isPartOf\":{\"@id\":\"https:\/\/www.eijc.nc\/#website\"},\"primaryImageOfPage\":{\"@id\":\"https:\/\/www.eijc.nc\/eijc\/le-mot-de-la-directrice\/#primaryimage\"},\"datePublished\":\"2021-02-05T05:17:32+00:00\",\"dateModified\":\"2025-08-11T22:07:53+00:00\",\"breadcrumb\":{\"@id\":\"https:\/\/www.eijc.nc\/eijc\/le-mot-de-la-directrice\/#breadcrumb\"},\"inLanguage\":\"en-NZ\",\"potentialAction\":[{\"@type\":\"ReadAction\",\"target\":[\"https:\/\/www.eijc.nc\/eijc\/le-mot-de-la-directrice\/\"]}]},{\"@type\":\"BreadcrumbList\",\"@id\":\"https:\/\/www.eijc.nc\/eijc\/le-mot-de-la-directrice\/#breadcrumb\",\"itemListElement\":[{\"@type\":\"ListItem\",\"position\":1,\"name\":\"Accueil\",\"item\":\"https:\/\/www.eijc.nc\/\"},{\"@type\":\"ListItem\",\"position\":2,\"name\":\"L&#8217;EIJC\",\"item\":\"https:\/\/www.eijc.nc\/eijc\/\"},{\"@type\":\"ListItem\",\"position\":3,\"name\":\"Le mot de la directrice\"}]}]}<\/script>\n<!-- \/ Yoast SEO plugin. -->","yoast_head_json":{"title":"Le mot de la directrice - EIJC - James Cook","robots":{"index":"index","follow":"follow","max-snippet":"max-snippet:-1","max-image-preview":"max-image-preview:large","max-video-preview":"max-video-preview:-1"},"canonical":"\/en\/eijc\/le-mot-de-la-directrice\/","og_locale":"en_US","og_type":"article","og_title":"Le mot de la directrice - EIJC - James Cook","og_description":"Vanessa Gervolino, fondatrice et directrice Le mot de la directrice Une \u00e9ducation adapt\u00e9e aux enfants d\u2019aujourd\u2019hui Pour nous, c\u2019est celle qui permet \u00e0 un enfant de grandir et de s\u2019\u00e9panouir, mais aussi d\u2019\u00eatre capable de s\u2019adapter aux diff\u00e9rentes soci\u00e9t\u00e9s qui nous entourent ; c\u2019est-\u00e0-dire de devenir un adulte responsable, un citoyen du monde. Cela concerne [&hellip;]","og_url":"\/en\/eijc\/le-mot-de-la-directrice\/","og_site_name":"EIJC - James Cook","article_modified_time":"2025-08-11T22:07:53+00:00","og_image":[{"url":"https:\/\/www.eijc.nc\/wp-content\/uploads\/2025\/06\/JC-140.webp"}],"twitter_card":"summary_large_image","schema":{"@context":"https:\/\/schema.org","@graph":[{"@type":"WebSite","@id":"https:\/\/www.eijc.nc\/#website","url":"https:\/\/www.eijc.nc\/","name":"EIJC - James Cook","description":"Ecole internationale","potentialAction":[{"@type":"SearchAction","target":{"@type":"EntryPoint","urlTemplate":"https:\/\/www.eijc.nc\/?s={search_term_string}"},"query-input":"required name=search_term_string"}],"inLanguage":"en-NZ"},{"@type":"ImageObject","@id":"https:\/\/www.eijc.nc\/eijc\/le-mot-de-la-directrice\/#primaryimage","inLanguage":"en-NZ","url":"https:\/\/www.eijc.nc\/wp-content\/uploads\/2025\/06\/JC-140.webp","contentUrl":"https:\/\/www.eijc.nc\/wp-content\/uploads\/2025\/06\/JC-140.webp","width":500,"height":750},{"@type":"WebPage","@id":"https:\/\/www.eijc.nc\/eijc\/le-mot-de-la-directrice\/#webpage","url":"https:\/\/www.eijc.nc\/eijc\/le-mot-de-la-directrice\/","name":"Le mot de la directrice - EIJC - James Cook","isPartOf":{"@id":"https:\/\/www.eijc.nc\/#website"},"primaryImageOfPage":{"@id":"https:\/\/www.eijc.nc\/eijc\/le-mot-de-la-directrice\/#primaryimage"},"datePublished":"2021-02-05T05:17:32+00:00","dateModified":"2025-08-11T22:07:53+00:00","breadcrumb":{"@id":"https:\/\/www.eijc.nc\/eijc\/le-mot-de-la-directrice\/#breadcrumb"},"inLanguage":"en-NZ","potentialAction":[{"@type":"ReadAction","target":["https:\/\/www.eijc.nc\/eijc\/le-mot-de-la-directrice\/"]}]},{"@type":"BreadcrumbList","@id":"https:\/\/www.eijc.nc\/eijc\/le-mot-de-la-directrice\/#breadcrumb","itemListElement":[{"@type":"ListItem","position":1,"name":"Accueil","item":"https:\/\/www.eijc.nc\/"},{"@type":"ListItem","position":2,"name":"L&#8217;EIJC","item":"https:\/\/www.eijc.nc\/eijc\/"},{"@type":"ListItem","position":3,"name":"Le mot de la directrice"}]}]}},"_links":{"self":[{"href":"\/en\/wp-json\/wp\/v2\/pages\/4259"}],"collection":[{"href":"\/en\/wp-json\/wp\/v2\/pages"}],"about":[{"href":"\/en\/wp-json\/wp\/v2\/types\/page"}],"author":[{"embeddable":true,"href":"\/en\/wp-json\/wp\/v2\/users\/1"}],"replies":[{"embeddable":true,"href":"\/en\/wp-json\/wp\/v2\/comments?post=4259"}],"version-history":[{"count":20,"href":"\/en\/wp-json\/wp\/v2\/pages\/4259\/revisions"}],"predecessor-version":[{"id":8940,"href":"\/en\/wp-json\/wp\/v2\/pages\/4259\/revisions\/8940"}],"up":[{"embeddable":true,"href":"\/en\/wp-json\/wp\/v2\/pages\/4491"}],"wp:attachment":[{"href":"\/en\/wp-json\/wp\/v2\/media?parent=4259"}],"curies":[{"name":"wp","href":"https:\/\/api.w.org\/{rel}","templated":true}]}}