{"id":24,"date":"2019-10-30T08:04:10","date_gmt":"2019-10-30T08:04:10","guid":{"rendered":"http:\/\/demo.casethemes.net\/wam\/?page_id=24"},"modified":"2025-05-05T15:06:06","modified_gmt":"2025-05-05T04:06:06","slug":"contact","status":"publish","type":"page","link":"\/en\/contact\/","title":{"rendered":"Contact"},"content":{"rendered":"<div data-elementor-type=\"wp-page\" data-elementor-id=\"24\" class=\"elementor elementor-24\" data-elementor-settings=\"[]\">\n\t\t\t\t\t\t<div class=\"elementor-inner\">\n\t\t\t\t\t\t\t<div class=\"elementor-section-wrap\">\n\t\t\t\t\t        <section class=\"elementor-section elementor-top-section elementor-element elementor-element-21d8225 elementor-section-stretched elementor-section-boxed elementor-section-height-default elementor-section-height-default\" data-id=\"21d8225\" data-element_type=\"section\" data-settings=\"{&quot;stretch_section&quot;:&quot;section-stretched&quot;,&quot;background_background&quot;:&quot;classic&quot;,&quot;jet_parallax_layout_list&quot;:[{&quot;jet_parallax_layout_image&quot;:{&quot;url&quot;:&quot;&quot;,&quot;id&quot;:&quot;&quot;},&quot;_id&quot;:&quot;51322d5&quot;,&quot;jet_parallax_layout_image_tablet&quot;:{&quot;url&quot;:&quot;&quot;,&quot;id&quot;:&quot;&quot;},&quot;jet_parallax_layout_image_mobile&quot;:{&quot;url&quot;:&quot;&quot;,&quot;id&quot;:&quot;&quot;},&quot;jet_parallax_layout_speed&quot;:{&quot;unit&quot;:&quot;%&quot;,&quot;size&quot;:50,&quot;sizes&quot;:[]},&quot;jet_parallax_layout_type&quot;:&quot;scroll&quot;,&quot;jet_parallax_layout_direction&quot;:null,&quot;jet_parallax_layout_fx_direction&quot;:null,&quot;jet_parallax_layout_z_index&quot;:&quot;&quot;,&quot;jet_parallax_layout_bg_x&quot;:50,&quot;jet_parallax_layout_bg_x_tablet&quot;:&quot;&quot;,&quot;jet_parallax_layout_bg_x_mobile&quot;:&quot;&quot;,&quot;jet_parallax_layout_bg_y&quot;:50,&quot;jet_parallax_layout_bg_y_tablet&quot;:&quot;&quot;,&quot;jet_parallax_layout_bg_y_mobile&quot;:&quot;&quot;,&quot;jet_parallax_layout_bg_size&quot;:&quot;auto&quot;,&quot;jet_parallax_layout_bg_size_tablet&quot;:&quot;&quot;,&quot;jet_parallax_layout_bg_size_mobile&quot;:&quot;&quot;,&quot;jet_parallax_layout_animation_prop&quot;:&quot;transform&quot;,&quot;jet_parallax_layout_on&quot;:[&quot;desktop&quot;,&quot;tablet&quot;]}]}\">\n            \n                        <div class=\"elementor-container elementor-column-gap-extended\">\n                            <div class=\"elementor-row\">\n                    <div class=\"elementor-column elementor-col-50 elementor-top-column elementor-element elementor-element-11d7130\" data-id=\"11d7130\" data-element_type=\"column\">\n            <div class=\"elementor-column-wrap elementor-element-populated\">\n                            <div class=\"elementor-widget-wrap\">\n                \t\t<div class=\"elementor-element elementor-element-b81c325 el-max-width elementor-widget elementor-widget-ct_fancy_box\" data-id=\"b81c325\" data-element_type=\"widget\" data-widget_type=\"ct_fancy_box.default\">\n\t\t\t\t<div class=\"elementor-widget-container\">\n\t\t\t<div class=\"ct-fancy-box ct-fancy-box-layout1 style1\">\n            <div class=\"item--icon\">\n            <i aria-hidden=\"true\" class=\"fas fa-map-marker-alt\"><\/i>        <\/div>\n            <div class=\"item--holder\">\n        <h3 class=\"item--title\">\n            Primary School        <\/h3>\n        <div class=\"item--description translation-block\">97 avenue du G\u00e9n\u00e9ral De Gaulle, 98800 Noum\u00e9a<br>\nPhone : +687 28 47 12<br>\n<br>\n<strong>Opening Hours<\/strong>\n<br>\nMon - Fri : 7:30 AM \u2013 5 PM<br>\nSat, Sun: Closed<\/div>\n    <\/div>\n<\/div>\t\t<\/div>\n\t\t\t\t<\/div>\n\t\t\t\t<div class=\"elementor-element elementor-element-fdabb28 el-max-width elementor-widget elementor-widget-ct_fancy_box\" data-id=\"fdabb28\" data-element_type=\"widget\" data-widget_type=\"ct_fancy_box.default\">\n\t\t\t\t<div class=\"elementor-widget-container\">\n\t\t\t<div class=\"ct-fancy-box ct-fancy-box-layout1 style1\">\n            <div class=\"item--icon\">\n            <i aria-hidden=\"true\" class=\"fas fa-map-marker-alt\"><\/i>        <\/div>\n            <div class=\"item--holder\">\n        <h3 class=\"item--title\">\n            Middle school &amp; Highschool        <\/h3>\n        <div class=\"item--description translation-block\">95 avenue du G\u00e9n\u00e9ral de Gaulle<br>98800 Noum\u00e9a<br>\r\nT\u00e9l. : +687 46 26 46<br><br>\r\n<strong>Horaires d\u2019ouverture<\/strong><br>\r\nLun \u2013 Ven : 7h \u2013 17h<br>\r\nSam, Dim : Ferm\u00e9<\/div>\n    <\/div>\n<\/div>\t\t<\/div>\n\t\t\t\t<\/div>\n\t\t                <\/div>\n                    <\/div>\n        <\/div>\n                <div class=\"elementor-column elementor-col-50 elementor-top-column elementor-element elementor-element-25b2fb0\" data-id=\"25b2fb0\" data-element_type=\"column\">\n            <div class=\"elementor-column-wrap elementor-element-populated\">\n                            <div class=\"elementor-widget-wrap\">\n                \t\t<div class=\"elementor-element elementor-element-4a8c122 elementor-widget-divider--view-line elementor-widget elementor-widget-divider\" data-id=\"4a8c122\" data-element_type=\"widget\" data-widget_type=\"divider.default\">\n\t\t\t\t<div class=\"elementor-widget-container\">\n\t\t\t\t\t<div class=\"elementor-divider\">\n\t\t\t<span class=\"elementor-divider-separator\">\n\t\t\t\t\t\t<\/span>\n\t\t<\/div>\n\t\t\t\t<\/div>\n\t\t\t\t<\/div>\n\t\t\t\t<div class=\"elementor-element elementor-element-adb15f3 elementor-widget elementor-widget-ct_heading\" data-id=\"adb15f3\" data-element_type=\"widget\" data-widget_type=\"ct_heading.default\">\n\t\t\t\t<div class=\"elementor-widget-container\">\n\t\t\t<div class=\"ct-heading preset1  sub-style1\">\n        <h3 class=\"item--title\">\n        Write us !    <\/h3>\n<\/div>\t\t<\/div>\n\t\t\t\t<\/div>\n\t\t\t\t<div class=\"elementor-element elementor-element-43847a2 elementor-widget elementor-widget-text-editor\" data-id=\"43847a2\" data-element_type=\"widget\" data-widget_type=\"text-editor.default\">\n\t\t\t\t<div class=\"elementor-widget-container\">\n\t\t\t\t\t\t\t\t<div class=\"elementor-text-editor elementor-clearfix\">\n\t\t\t\t<p>For any information or inquiries regarding your child.<\/p>\t\t\t\t\t<\/div>\n\t\t\t\t\t\t<\/div>\n\t\t\t\t<\/div>\n\t\t\t\t<div class=\"elementor-element elementor-element-7758f5a elementor-widget elementor-widget-ct_ctf7\" data-id=\"7758f5a\" data-element_type=\"widget\" data-widget_type=\"ct_ctf7.default\">\n\t\t\t\t<div class=\"elementor-widget-container\">\n\t\t\t    <div class=\"ct-contact-form-layout1 style4\">\n        <div class=\"ct-contact-form-inner\">\n            <div role=\"form\" class=\"wpcf7\" id=\"wpcf7-f91-o1\" lang=\"en-US\" dir=\"ltr\">\n<div class=\"screen-reader-response\"><p role=\"status\" aria-live=\"polite\" aria-atomic=\"true\"><\/p> <ul><\/ul><\/div>\n<form action=\"\/en\/wp-json\/wp\/v2\/pages\/24#wpcf7-f91-o1\" method=\"post\" class=\"wpcf7-form init\" novalidate=\"novalidate\" data-status=\"init\" data-trp-original-action=\"\/en\/wp-json\/wp\/v2\/pages\/24#wpcf7-f91-o1\">\n<div style=\"display: none;\">\n<input type=\"hidden\" name=\"_wpcf7\" value=\"91\" \/>\n<input type=\"hidden\" name=\"_wpcf7_version\" value=\"5.5.6\" \/>\n<input type=\"hidden\" name=\"_wpcf7_locale\" value=\"en_US\" \/>\n<input type=\"hidden\" name=\"_wpcf7_unit_tag\" value=\"wpcf7-f91-o1\" \/>\n<input type=\"hidden\" name=\"_wpcf7_container_post\" value=\"0\" \/>\n<input type=\"hidden\" name=\"_wpcf7_posted_data_hash\" value=\"\" \/>\n<input type=\"hidden\" name=\"_wpcf7_recaptcha_response\" value=\"\" \/>\n<\/div>\n<div class=\"row\">\n<div class=\"input-filled col-lg-6 col-md-6\"><label>Name \/ First name (required)<\/label><span class=\"wpcf7-form-control-wrap your-name\"><input type=\"text\" name=\"your-name\" value=\"\" size=\"40\" class=\"wpcf7-form-control wpcf7-text wpcf7-validates-as-required\" aria-required=\"true\" aria-invalid=\"false\" placeholder=\"Your name and first name*\" \/><\/span><\/div>\n<div class=\"input-filled col-lg-6 col-md-6\"><label>E-mail (required)<\/label><span class=\"wpcf7-form-control-wrap your-email\"><input type=\"email\" name=\"your-email\" value=\"\" size=\"40\" class=\"wpcf7-form-control wpcf7-text wpcf7-email wpcf7-validates-as-required wpcf7-validates-as-email\" aria-required=\"true\" aria-invalid=\"false\" placeholder=\"your e-mail*\" \/><\/span><\/div>\n<\/div>\n<div class=\"row\">\n<div class=\"input-filled col-lg-6 col-md-6\"><label>Phone number (optional)<\/label><span class=\"wpcf7-form-control-wrap your-phone\"><input type=\"text\" name=\"your-phone\" value=\"\" size=\"40\" class=\"wpcf7-form-control wpcf7-text wpcf7-validates-as-required\" aria-required=\"true\" aria-invalid=\"false\" placeholder=\"Your phone number*\" \/><\/span><\/div>\n<div class=\"input-filled col-lg-6 col-md-6\"><\/div>\n<\/div>\n<div class=\"row\">\n<div class=\"input-filled col-lg-12 col-md-12\"><label>Object (required)<\/label><span class=\"wpcf7-form-control-wrap recipient\"><select name=\"recipient\" class=\"wpcf7-form-control wpcf7-select wpcf7-validates-as-required input-item recipient-input-item\" id=\"recipient\" aria-required=\"true\" aria-invalid=\"false\"><option value=\"\">S\u00e9lectionner l&#039;objet<\/option><option value=\"Primaire\">Primary<\/option><option value=\"Coll\u00e8ge &amp; lyc\u00e9e\">College &amp; Highschool<\/option><option value=\"Boutique\">Shop<\/option><option value=\"Autre demande\">Other asks<\/option><\/select><\/span><\/div>\n<\/div>\n<div class=\"row\">\n<div class=\"input-filled col-12\"><label>Your message<\/label><span class=\"wpcf7-form-control-wrap your-message\"><textarea name=\"your-message\" cols=\"40\" rows=\"10\" class=\"wpcf7-form-control wpcf7-textarea wpcf7-validates-as-required\" aria-required=\"true\" aria-invalid=\"false\" placeholder=\"Your message*\"><\/textarea><\/span><\/div>\n<div class=\"input-filled col-12\"><button type=\"submit\" class=\"wpcf7-submit btn\"><i class=\"fac fac-check-circle space-right\"><\/i>Send<\/button><\/div>\n<\/div>\n<div class=\"wpcf7-response-output\" aria-hidden=\"true\"><\/div><input type=\"hidden\" name=\"trp-form-language\" value=\"en\"\/><\/form><\/div>        <\/div>\n    <\/div>\n\t\t<\/div>\n\t\t\t\t<\/div>\n\t\t                <\/div>\n                    <\/div>\n        <\/div>\n                                <\/div>\n                    <\/div>\n        <\/section>\n                <section class=\"elementor-section elementor-top-section elementor-element elementor-element-9324d78 elementor-section-stretched elementor-section-full_width elementor-section-height-default elementor-section-height-default\" data-id=\"9324d78\" data-element_type=\"section\" data-settings=\"{&quot;stretch_section&quot;:&quot;section-stretched&quot;,&quot;jet_parallax_layout_list&quot;:[{&quot;jet_parallax_layout_image&quot;:{&quot;url&quot;:&quot;&quot;,&quot;id&quot;:&quot;&quot;},&quot;_id&quot;:&quot;a76240b&quot;,&quot;jet_parallax_layout_image_tablet&quot;:{&quot;url&quot;:&quot;&quot;,&quot;id&quot;:&quot;&quot;},&quot;jet_parallax_layout_image_mobile&quot;:{&quot;url&quot;:&quot;&quot;,&quot;id&quot;:&quot;&quot;},&quot;jet_parallax_layout_speed&quot;:{&quot;unit&quot;:&quot;%&quot;,&quot;size&quot;:50,&quot;sizes&quot;:[]},&quot;jet_parallax_layout_type&quot;:&quot;scroll&quot;,&quot;jet_parallax_layout_direction&quot;:null,&quot;jet_parallax_layout_fx_direction&quot;:null,&quot;jet_parallax_layout_z_index&quot;:&quot;&quot;,&quot;jet_parallax_layout_bg_x&quot;:50,&quot;jet_parallax_layout_bg_x_tablet&quot;:&quot;&quot;,&quot;jet_parallax_layout_bg_x_mobile&quot;:&quot;&quot;,&quot;jet_parallax_layout_bg_y&quot;:50,&quot;jet_parallax_layout_bg_y_tablet&quot;:&quot;&quot;,&quot;jet_parallax_layout_bg_y_mobile&quot;:&quot;&quot;,&quot;jet_parallax_layout_bg_size&quot;:&quot;auto&quot;,&quot;jet_parallax_layout_bg_size_tablet&quot;:&quot;&quot;,&quot;jet_parallax_layout_bg_size_mobile&quot;:&quot;&quot;,&quot;jet_parallax_layout_animation_prop&quot;:&quot;transform&quot;,&quot;jet_parallax_layout_on&quot;:[&quot;desktop&quot;,&quot;tablet&quot;]}]}\">\n            \n                        <div class=\"elementor-container elementor-column-gap-no\">\n                            <div class=\"elementor-row\">\n                    <div class=\"elementor-column elementor-col-100 elementor-top-column elementor-element elementor-element-ad99500\" data-id=\"ad99500\" data-element_type=\"column\">\n            <div class=\"elementor-column-wrap elementor-element-populated\">\n                            <div class=\"elementor-widget-wrap\">\n                \t\t<div class=\"elementor-element elementor-element-de691d0 elementor-widget elementor-widget-google_maps\" data-id=\"de691d0\" data-element_type=\"widget\" data-widget_type=\"google_maps.default\">\n\t\t\t\t<div class=\"elementor-widget-container\">\n\t\t\t\t\t<div class=\"elementor-custom-embed\">\n\t\t\t<iframe frameborder=\"0\" scrolling=\"no\" marginheight=\"0\" marginwidth=\"0\"\n\t\t\t\t\tsrc=\"https:\/\/maps.google.com\/maps?q=James%20Cook%20Noum%C3%A9a&#038;t=m&#038;z=12&#038;output=embed&#038;iwloc=near\"\n\t\t\t\t\ttitle=\"James Cook Noum\u00e9a\"\n\t\t\t\t\taria-label=\"James Cook Noum\u00e9a\"\n\t\t\t><\/iframe>\n\t\t<\/div>\n\t\t\t\t<\/div>\n\t\t\t\t<\/div>\n\t\t                <\/div>\n                    <\/div>\n        <\/div>\n                                <\/div>\n                    <\/div>\n        <\/section>\n        \t\t\t\t<\/div>\n\t\t\t\t\t\t<\/div>\n\t\t\t\t\t<\/div>","protected":false},"excerpt":{"rendered":"<p>Ecole primaire 97 avenue du G\u00e9n\u00e9ral De Gaulle, 98800 Noum\u00e9a T\u00e9l. : +687 28 47 12 Horaires d\u2019ouverture Lun \u2013 Ven : 7h30 \u2013 17h Sam, Dim : Ferm\u00e9 Coll\u00e8ge &amp; Lyc\u00e9e 95 avenue du G\u00e9n\u00e9ral de Gaulle98800 Noum\u00e9a T\u00e9l. : +687 46 26 46 Horaires d\u2019ouverture Lun \u2013 Ven : 7h \u2013 17h Sam, [&hellip;]<\/p>","protected":false},"author":1,"featured_media":0,"parent":0,"menu_order":30,"comment_status":"closed","ping_status":"closed","template":"","meta":[],"acf":[],"yoast_head":"<!-- This site is optimized with the Yoast SEO plugin v18.2 - https:\/\/yoast.com\/wordpress\/plugins\/seo\/ -->\n<title>Contact - EIJC - James Cook<\/title>\n<meta name=\"robots\" content=\"index, follow, max-snippet:-1, max-image-preview:large, max-video-preview:-1\" \/>\n<link rel=\"canonical\" href=\"\/en\/contact\/\" \/>\n<meta property=\"og:locale\" content=\"en_US\" \/>\n<meta property=\"og:type\" content=\"article\" \/>\n<meta property=\"og:title\" content=\"Contact - EIJC - James Cook\" \/>\n<meta property=\"og:description\" content=\"Ecole primaire 97 avenue du G\u00e9n\u00e9ral De Gaulle, 98800 Noum\u00e9a T\u00e9l. : +687 28 47 12 Horaires d\u2019ouverture Lun \u2013 Ven : 7h30 \u2013 17h Sam, Dim : Ferm\u00e9 Coll\u00e8ge &amp; Lyc\u00e9e 95 avenue du G\u00e9n\u00e9ral de Gaulle98800 Noum\u00e9a T\u00e9l. : +687 46 26 46 Horaires d\u2019ouverture Lun \u2013 Ven : 7h \u2013 17h Sam, [&hellip;]\" \/>\n<meta property=\"og:url\" content=\"\/en\/contact\/\" \/>\n<meta property=\"og:site_name\" content=\"EIJC - James Cook\" \/>\n<meta property=\"article:modified_time\" content=\"2025-05-05T04:06:06+00:00\" \/>\n<meta name=\"twitter:card\" content=\"summary_large_image\" \/>\n<script type=\"application\/ld+json\" class=\"yoast-schema-graph\">{\"@context\":\"https:\/\/schema.org\",\"@graph\":[{\"@type\":\"WebSite\",\"@id\":\"https:\/\/www.eijc.nc\/#website\",\"url\":\"https:\/\/www.eijc.nc\/\",\"name\":\"EIJC - James Cook\",\"description\":\"Ecole internationale\",\"potentialAction\":[{\"@type\":\"SearchAction\",\"target\":{\"@type\":\"EntryPoint\",\"urlTemplate\":\"https:\/\/www.eijc.nc\/?s={search_term_string}\"},\"query-input\":\"required name=search_term_string\"}],\"inLanguage\":\"en-NZ\"},{\"@type\":\"WebPage\",\"@id\":\"https:\/\/www.eijc.nc\/contact\/#webpage\",\"url\":\"https:\/\/www.eijc.nc\/contact\/\",\"name\":\"Contact - EIJC - James Cook\",\"isPartOf\":{\"@id\":\"https:\/\/www.eijc.nc\/#website\"},\"datePublished\":\"2019-10-30T08:04:10+00:00\",\"dateModified\":\"2025-05-05T04:06:06+00:00\",\"breadcrumb\":{\"@id\":\"https:\/\/www.eijc.nc\/contact\/#breadcrumb\"},\"inLanguage\":\"en-NZ\",\"potentialAction\":[{\"@type\":\"ReadAction\",\"target\":[\"https:\/\/www.eijc.nc\/contact\/\"]}]},{\"@type\":\"BreadcrumbList\",\"@id\":\"https:\/\/www.eijc.nc\/contact\/#breadcrumb\",\"itemListElement\":[{\"@type\":\"ListItem\",\"position\":1,\"name\":\"Accueil\",\"item\":\"https:\/\/www.eijc.nc\/\"},{\"@type\":\"ListItem\",\"position\":2,\"name\":\"Contact\"}]}]}<\/script>\n<!-- \/ Yoast SEO plugin. -->","yoast_head_json":{"title":"Contact - EIJC - James Cook","robots":{"index":"index","follow":"follow","max-snippet":"max-snippet:-1","max-image-preview":"max-image-preview:large","max-video-preview":"max-video-preview:-1"},"canonical":"\/en\/contact\/","og_locale":"en_US","og_type":"article","og_title":"Contact - EIJC - James Cook","og_description":"Ecole primaire 97 avenue du G\u00e9n\u00e9ral De Gaulle, 98800 Noum\u00e9a T\u00e9l. : +687 28 47 12 Horaires d\u2019ouverture Lun \u2013 Ven : 7h30 \u2013 17h Sam, Dim : Ferm\u00e9 Coll\u00e8ge &amp; Lyc\u00e9e 95 avenue du G\u00e9n\u00e9ral de Gaulle98800 Noum\u00e9a T\u00e9l. : +687 46 26 46 Horaires d\u2019ouverture Lun \u2013 Ven : 7h \u2013 17h Sam, [&hellip;]","og_url":"\/en\/contact\/","og_site_name":"EIJC - James Cook","article_modified_time":"2025-05-05T04:06:06+00:00","twitter_card":"summary_large_image","schema":{"@context":"https:\/\/schema.org","@graph":[{"@type":"WebSite","@id":"https:\/\/www.eijc.nc\/#website","url":"https:\/\/www.eijc.nc\/","name":"EIJC - James Cook","description":"Ecole internationale","potentialAction":[{"@type":"SearchAction","target":{"@type":"EntryPoint","urlTemplate":"https:\/\/www.eijc.nc\/?s={search_term_string}"},"query-input":"required name=search_term_string"}],"inLanguage":"en-NZ"},{"@type":"WebPage","@id":"https:\/\/www.eijc.nc\/contact\/#webpage","url":"https:\/\/www.eijc.nc\/contact\/","name":"Contact - EIJC - James Cook","isPartOf":{"@id":"https:\/\/www.eijc.nc\/#website"},"datePublished":"2019-10-30T08:04:10+00:00","dateModified":"2025-05-05T04:06:06+00:00","breadcrumb":{"@id":"https:\/\/www.eijc.nc\/contact\/#breadcrumb"},"inLanguage":"en-NZ","potentialAction":[{"@type":"ReadAction","target":["https:\/\/www.eijc.nc\/contact\/"]}]},{"@type":"BreadcrumbList","@id":"https:\/\/www.eijc.nc\/contact\/#breadcrumb","itemListElement":[{"@type":"ListItem","position":1,"name":"Accueil","item":"https:\/\/www.eijc.nc\/"},{"@type":"ListItem","position":2,"name":"Contact"}]}]}},"_links":{"self":[{"href":"\/en\/wp-json\/wp\/v2\/pages\/24"}],"collection":[{"href":"\/en\/wp-json\/wp\/v2\/pages"}],"about":[{"href":"\/en\/wp-json\/wp\/v2\/types\/page"}],"author":[{"embeddable":true,"href":"\/en\/wp-json\/wp\/v2\/users\/1"}],"replies":[{"embeddable":true,"href":"\/en\/wp-json\/wp\/v2\/comments?post=24"}],"version-history":[{"count":20,"href":"\/en\/wp-json\/wp\/v2\/pages\/24\/revisions"}],"predecessor-version":[{"id":8617,"href":"\/en\/wp-json\/wp\/v2\/pages\/24\/revisions\/8617"}],"wp:attachment":[{"href":"\/en\/wp-json\/wp\/v2\/media?parent=24"}],"curies":[{"name":"wp","href":"https:\/\/api.w.org\/{rel}","templated":true}]}}